{"id":99,"date":"2019-03-07T13:41:45","date_gmt":"2019-03-07T12:41:45","guid":{"rendered":"https:\/\/edicionesvia.com\/?post_type=product&#038;p=99"},"modified":"2020-09-21T12:50:01","modified_gmt":"2020-09-21T11:50:01","slug":"tattva-bodha","status":"publish","type":"product","link":"https:\/\/edicionesvia.com\/index.php\/product\/tattva-bodha\/","title":{"rendered":"TATTVA BODHA"},"content":{"rendered":"\t\t<div data-elementor-type=\"product-post\" data-elementor-id=\"99\" class=\"elementor elementor-99\" data-elementor-settings=\"[]\">\n\t\t\t\t\t\t<div class=\"elementor-inner\">\n\t\t\t\t\t\t\t<div class=\"elementor-section-wrap\">\n\t\t\t\t\t\t\t<section class=\"elementor-section elementor-top-section elementor-element elementor-element-b869446 elementor-section-boxed elementor-section-height-default elementor-section-height-default\" data-id=\"b869446\" data-element_type=\"section\">\n\t\t\t\t\t\t<div class=\"elementor-container elementor-column-gap-default\">\n\t\t\t\t\t\t\t<div class=\"elementor-row\">\n\t\t\t\t\t<div class=\"elementor-column elementor-col-100 elementor-top-column elementor-element elementor-element-f59d84c\" data-id=\"f59d84c\" data-element_type=\"column\">\n\t\t\t<div class=\"elementor-column-wrap elementor-element-populated\">\n\t\t\t\t\t\t\t<div class=\"elementor-widget-wrap\">\n\t\t\t\t\t\t<div class=\"elementor-element elementor-element-cabd210 elementor-widget-divider--view-line elementor-widget elementor-widget-divider\" data-id=\"cabd210\" data-element_type=\"widget\" data-widget_type=\"divider.default\">\n\t\t\t\t<div class=\"elementor-widget-container\">\n\t\t\t\t\t<div class=\"elementor-divider\">\n\t\t\t<span class=\"elementor-divider-separator\">\n\t\t\t\t\t\t<\/span>\n\t\t<\/div>\n\t\t\t\t<\/div>\n\t\t\t\t<\/div>\n\t\t\t\t\t\t<\/div>\n\t\t\t\t\t<\/div>\n\t\t<\/div>\n\t\t\t\t\t\t\t\t<\/div>\n\t\t\t\t\t<\/div>\n\t\t<\/section>\n\t\t\t\t<section class=\"elementor-section elementor-top-section elementor-element elementor-element-fa09fb7 elementor-section-boxed elementor-section-height-default elementor-section-height-default\" data-id=\"fa09fb7\" data-element_type=\"section\">\n\t\t\t\t\t\t<div class=\"elementor-container elementor-column-gap-default\">\n\t\t\t\t\t\t\t<div class=\"elementor-row\">\n\t\t\t\t\t<div class=\"elementor-column elementor-col-50 elementor-top-column elementor-element elementor-element-9b54bec\" data-id=\"9b54bec\" data-element_type=\"column\">\n\t\t\t<div class=\"elementor-column-wrap elementor-element-populated\">\n\t\t\t\t\t\t\t<div class=\"elementor-widget-wrap\">\n\t\t\t\t\t\t<div class=\"elementor-element elementor-element-b706ab2 elementor-widget elementor-widget-image\" data-id=\"b706ab2\" data-element_type=\"widget\" data-widget_type=\"image.default\">\n\t\t\t\t<div class=\"elementor-widget-container\">\n\t\t\t\t\t\t\t\t<div class=\"elementor-image\">\n\t\t\t\t\t\t\t\t\t\t\t\t<img src=\"https:\/\/edicionesvia.com\/wp-content\/uploads\/elementor\/thumbs\/Tapa-tatwa-solo-portada-1-oe6p0wx2qo98pi0sxuxzmpffiy8bmxj74prro67ns0.jpg\" title=\"Tapa tatwa solo portada-1\" alt=\"Tapa tatwa solo portada-1\" \/>\t\t\t\t\t\t\t\t\t\t\t\t\t\t<\/div>\n\t\t\t\t\t\t<\/div>\n\t\t\t\t<\/div>\n\t\t\t\t<div class=\"elementor-element elementor-element-7d08d21 elementor-widget elementor-widget-heading\" data-id=\"7d08d21\" data-element_type=\"widget\" data-widget_type=\"heading.default\">\n\t\t\t\t<div class=\"elementor-widget-container\">\n\t\t\t<h3 class=\"elementor-heading-title elementor-size-default\"> 132pag.     13\u20ac<\/h3>\t\t<\/div>\n\t\t\t\t<\/div>\n\t\t\t\t<div class=\"elementor-element elementor-element-e59173b elementor-align-center elementor-widget elementor-widget-wc-add-to-cart\" data-id=\"e59173b\" data-element_type=\"widget\" data-widget_type=\"wc-add-to-cart.default\">\n\t\t\t\t<div class=\"elementor-widget-container\">\n\t\t\t\t\t<div class=\"elementor-button-wrapper\">\n\t\t\t<a rel=\"nofollow\" href=\"?add-to-cart=99\" data-quantity=\"1\" data-product_id=\"99\" class=\"product_type_simple add_to_cart_button ajax_add_to_cart elementor-button elementor-size-sm\" role=\"button\">\n\t\t\t\t\t\t<span class=\"elementor-button-content-wrapper\">\n\t\t\t\t\t\t<span class=\"elementor-button-icon elementor-align-icon-left\">\n\t\t\t\t<i aria-hidden=\"true\" class=\"fas fa-shopping-cart\"><\/i>\t\t\t<\/span>\n\t\t\t\t\t\t<span class=\"elementor-button-text\">A\u00f1adir al carro<\/span>\n\t\t<\/span>\n\t\t\t\t\t<\/a>\n\t\t<\/div>\n\t\t\t\t<\/div>\n\t\t\t\t<\/div>\n\t\t\t\t<div class=\"elementor-element elementor-element-d83e826 elementor-menu-cart--items-indicator-plain toggle-icon--cart-medium elementor-menu-cart--show-subtotal-yes elementor-menu-cart--cart-type-side-cart elementor-menu-cart--show-remove-button-yes elementor-widget elementor-widget-woocommerce-menu-cart\" data-id=\"d83e826\" data-element_type=\"widget\" data-settings=\"{&quot;cart_type&quot;:&quot;side-cart&quot;,&quot;open_cart&quot;:&quot;click&quot;,&quot;automatically_open_cart&quot;:&quot;no&quot;}\" data-widget_type=\"woocommerce-menu-cart.default\">\n\t\t\t\t<div class=\"elementor-widget-container\">\n\t\t\t\t\t<div class=\"elementor-menu-cart__wrapper\">\n\t\t\t\t\t\t\t<div class=\"elementor-menu-cart__toggle_wrapper\">\n\t\t\t\t\t<div class=\"elementor-menu-cart__container elementor-lightbox\" aria-hidden=\"true\">\n\t\t\t\t\t\t<div class=\"elementor-menu-cart__main\" aria-hidden=\"true\">\n\t\t\t\t\t\t\t<div class=\"elementor-menu-cart__close-button\"><\/div>\n\t\t\t\t\t\t\t<div class=\"widget_shopping_cart_content\">\n\t\t\t\t\t\t\t\t\t<div class=\"woocommerce-mini-cart__empty-message\">No hay productos en el carrito.<\/div>\n\t\t\t\t\t\t\t<\/div>\n\t\t\t\t\t\t<\/div>\n\t\t\t\t\t<\/div>\n\t\t\t\t\t\t\t<div class=\"elementor-menu-cart__toggle elementor-button-wrapper\">\n\t\t\t<a id=\"elementor-menu-cart__toggle_button\" href=\"#\" class=\"elementor-menu-cart__toggle_button elementor-button elementor-size-sm\" aria-expanded=\"false\">\n\t\t\t\t<span class=\"elementor-button-text\"><span class=\"woocommerce-Price-amount amount\"><span class=\"woocommerce-Price-currencySymbol\">&euro;<\/span>0.00<\/span><\/span>\n\t\t\t\t<span class=\"elementor-button-icon\" data-counter=\"0\">\n\t\t\t\t\t<i class=\"eicon\"><\/i>\n\t\t\t\t\t<span class=\"elementor-screen-only\">Carrito<\/span>\n\t\t\t\t<\/span>\n\t\t\t<\/a>\n\t\t<\/div>\n\t\t\t\t\t\t<\/div>\n\t\t\t\t\t<\/div> <!-- close elementor-menu-cart__wrapper -->\n\t\t\t\t<\/div>\n\t\t\t\t<\/div>\n\t\t\t\t\t\t<\/div>\n\t\t\t\t\t<\/div>\n\t\t<\/div>\n\t\t\t\t<div class=\"elementor-column elementor-col-50 elementor-top-column elementor-element elementor-element-db232d5\" data-id=\"db232d5\" data-element_type=\"column\">\n\t\t\t<div class=\"elementor-column-wrap elementor-element-populated\">\n\t\t\t\t\t\t\t<div class=\"elementor-widget-wrap\">\n\t\t\t\t\t\t<div class=\"elementor-element elementor-element-a6fca73 elementor-widget elementor-widget-text-editor\" data-id=\"a6fca73\" data-element_type=\"widget\" data-widget_type=\"text-editor.default\">\n\t\t\t\t<div class=\"elementor-widget-container\">\n\t\t\t\t\t\t\t\t<div class=\"elementor-text-editor elementor-clearfix\">\n\t\t\t\t<p><strong>COMENTARIOS AL TATTVABODHA<\/strong><\/p><p><em><strong>Autor : Sri Ramakrishnan Swamiji<\/strong><\/em><\/p><p>\u00a0 \u00a0 \u00a0 \u00a0Sri Ramakrishnan Swamiji Dravidacharya reside en la actualidad en la m\u00edtica ciudad de Rishikesh (estado de Uttarakhand, India) situada en la ribera del Ganges y a los pies de los Himalayas. Si bien su origen es la ciudad de Chennai, desde muy joven se dirigi\u00f3 a Rishikesh en b\u00fasqueda del Conocimiento \u00daltimo\u2026<\/p><p>\u00a0 \u00a0 \u00a0 \u00a0Extracto: \u201cSaludos al gran Yogui Sri Vasudevendra, el preceptor que otorga el conocimiento y que explica este texto llamado Tattvabodha por el bien de los buscadores de la Verdad.\u201d\u00a0\u00a0\u00a0\u00a0\u00a0\u00a0\u00a0\u00a0<\/p><p>\u00a0 \u00a0 \u00a0 \u00a0Comentario: La primera sloka es una invocaci\u00f3n. Esta es la forma general de empezar cualquier texto, aunque a veces se hace mediante una oraci\u00f3n previa. Aqu\u00ed se opta por la forma tradicional con el fin de ense\u00f1ar al disc\u00edpulo. Hay una sentencia en relaci\u00f3n con esto que dice as\u00ed: \u201cMientras uno est\u00e9 vivo debe respetar estas tres cosas: el Maestro, las Escrituras, e Ishvara\u201d (yavad ayur tribhir vandya, acharya shastra daivatam). Y tambi\u00e9n esta otra: \u201c\u2026 no se debe poner en pr\u00e1ctica (ver) la no-dualidad en el caso del Gur\u00fa\u2026\u201d (na advaitam guruna saha).\u00a0 \u00a0 Cabe preguntarse c\u00f3mo se puede \u201csaludar\u201d a algo, o a alguien, si es cierto que no hay ning\u00fan otro objeto que sea igual o superior al S\u00ed Mismo. La respuesta es que el ser realizado (el maestro) lo hace como muestra de respeto de car\u00e1cter ejemplar para el bien de los disc\u00edpulos&#8230;<\/p>\t\t\t\t\t<\/div>\n\t\t\t\t\t\t<\/div>\n\t\t\t\t<\/div>\n\t\t\t\t\t\t<\/div>\n\t\t\t\t\t<\/div>\n\t\t<\/div>\n\t\t\t\t\t\t\t\t<\/div>\n\t\t\t\t\t<\/div>\n\t\t<\/section>\n\t\t\t\t\t\t<\/div>\n\t\t\t\t\t\t<\/div>\n\t\t\t\t\t<\/div>\n\t\t","protected":false},"excerpt":{"rendered":"<p>132pag. 13\u20ac A\u00f1adir al carro COMENTARIOS AL TATTVABODHA Autor : Sri Ramakrishnan Swamiji Sri Ramakrishnan Swamiji Dravidacharya reside en la actualidad en la m\u00edtica ciudad de Rishikesh (estado de Uttarakhand, India) situada en la ribera del Ganges y a los pies de los Himalayas. Si bien su origen es la ciudad de Chennai, desde muy &#8230; <a title=\"TATTVA BODHA\" class=\"read-more\" href=\"https:\/\/edicionesvia.com\/index.php\/product\/tattva-bodha\/\">Read more<\/a><\/p>\n","protected":false},"featured_media":0,"template":"elementor_header_footer","meta":{"_mi_skip_tracking":false,"_monsterinsights_sitenote_active":false,"_monsterinsights_sitenote_note":"","_monsterinsights_sitenote_category":0},"_links":{"self":[{"href":"https:\/\/edicionesvia.com\/index.php\/wp-json\/wp\/v2\/product\/99"}],"collection":[{"href":"https:\/\/edicionesvia.com\/index.php\/wp-json\/wp\/v2\/product"}],"about":[{"href":"https:\/\/edicionesvia.com\/index.php\/wp-json\/wp\/v2\/types\/product"}],"version-history":[{"count":8,"href":"https:\/\/edicionesvia.com\/index.php\/wp-json\/wp\/v2\/product\/99\/revisions"}],"predecessor-version":[{"id":1004,"href":"https:\/\/edicionesvia.com\/index.php\/wp-json\/wp\/v2\/product\/99\/revisions\/1004"}],"wp:attachment":[{"href":"https:\/\/edicionesvia.com\/index.php\/wp-json\/wp\/v2\/media?parent=99"}],"curies":[{"name":"wp","href":"https:\/\/api.w.org\/{rel}","templated":true}]}}