{"id":98,"date":"2019-03-07T13:35:14","date_gmt":"2019-03-07T12:35:14","guid":{"rendered":"https:\/\/edicionesvia.com\/?post_type=product&#038;p=98"},"modified":"2020-09-21T12:51:20","modified_gmt":"2020-09-21T11:51:20","slug":"shankara-y-el-vedanta","status":"publish","type":"product","link":"https:\/\/edicionesvia.com\/index.php\/product\/shankara-y-el-vedanta\/","title":{"rendered":"SHANKARA Y EL VEDANTA"},"content":{"rendered":"\t\t<div data-elementor-type=\"product-post\" data-elementor-id=\"98\" class=\"elementor elementor-98\" data-elementor-settings=\"[]\">\n\t\t\t\t\t\t<div class=\"elementor-inner\">\n\t\t\t\t\t\t\t<div class=\"elementor-section-wrap\">\n\t\t\t\t\t\t\t<section class=\"elementor-section elementor-top-section elementor-element elementor-element-81322ae elementor-section-boxed elementor-section-height-default elementor-section-height-default\" data-id=\"81322ae\" data-element_type=\"section\">\n\t\t\t\t\t\t<div class=\"elementor-container elementor-column-gap-default\">\n\t\t\t\t\t\t\t<div class=\"elementor-row\">\n\t\t\t\t\t<div class=\"elementor-column elementor-col-50 elementor-top-column elementor-element elementor-element-7992217\" data-id=\"7992217\" data-element_type=\"column\">\n\t\t\t<div class=\"elementor-column-wrap elementor-element-populated\">\n\t\t\t\t\t\t\t<div class=\"elementor-widget-wrap\">\n\t\t\t\t\t\t<div class=\"elementor-element elementor-element-f973492 elementor-widget-divider--view-line elementor-widget elementor-widget-divider\" data-id=\"f973492\" data-element_type=\"widget\" data-widget_type=\"divider.default\">\n\t\t\t\t<div class=\"elementor-widget-container\">\n\t\t\t\t\t<div class=\"elementor-divider\">\n\t\t\t<span class=\"elementor-divider-separator\">\n\t\t\t\t\t\t<\/span>\n\t\t<\/div>\n\t\t\t\t<\/div>\n\t\t\t\t<\/div>\n\t\t\t\t<div class=\"elementor-element elementor-element-05b39c6 elementor-widget elementor-widget-image\" data-id=\"05b39c6\" data-element_type=\"widget\" data-widget_type=\"image.default\">\n\t\t\t\t<div class=\"elementor-widget-container\">\n\t\t\t\t\t\t\t\t<div class=\"elementor-image\">\n\t\t\t\t\t\t\t\t\t\t\t\t<img src=\"https:\/\/edicionesvia.com\/wp-content\/uploads\/elementor\/thumbs\/Portada-SHANKARA-oe6p0wx2qo98pi0sxuxzmpffiy8bmxj74prro67ns0.jpg\" title=\"Portada SHANKARA\" alt=\"Portada SHANKARA\" \/>\t\t\t\t\t\t\t\t\t\t\t\t\t\t<\/div>\n\t\t\t\t\t\t<\/div>\n\t\t\t\t<\/div>\n\t\t\t\t<div class=\"elementor-element elementor-element-8aaa130 elementor-widget elementor-widget-heading\" data-id=\"8aaa130\" data-element_type=\"widget\" data-widget_type=\"heading.default\">\n\t\t\t\t<div class=\"elementor-widget-container\">\n\t\t\t<h3 class=\"elementor-heading-title elementor-size-default\">148 p\u00e1ginas - 15 \u20ac<\/h3>\t\t<\/div>\n\t\t\t\t<\/div>\n\t\t\t\t<div class=\"elementor-element elementor-element-b02b95c elementor-align-center elementor-widget elementor-widget-wc-add-to-cart\" data-id=\"b02b95c\" data-element_type=\"widget\" data-widget_type=\"wc-add-to-cart.default\">\n\t\t\t\t<div class=\"elementor-widget-container\">\n\t\t\t\t\t<div class=\"elementor-button-wrapper\">\n\t\t\t<a rel=\"nofollow\" href=\"?add-to-cart=98\" data-quantity=\"1\" data-product_id=\"98\" class=\"product_type_simple add_to_cart_button ajax_add_to_cart elementor-button elementor-size-sm\" role=\"button\">\n\t\t\t\t\t\t<span class=\"elementor-button-content-wrapper\">\n\t\t\t\t\t\t<span class=\"elementor-button-icon elementor-align-icon-left\">\n\t\t\t\t<i aria-hidden=\"true\" class=\"fas fa-shopping-cart\"><\/i>\t\t\t<\/span>\n\t\t\t\t\t\t<span class=\"elementor-button-text\">A\u00f1adir al carro<\/span>\n\t\t<\/span>\n\t\t\t\t\t<\/a>\n\t\t<\/div>\n\t\t\t\t<\/div>\n\t\t\t\t<\/div>\n\t\t\t\t<div class=\"elementor-element elementor-element-2d8a118 elementor-menu-cart--items-indicator-plain toggle-icon--cart-medium elementor-menu-cart--show-subtotal-yes elementor-menu-cart--cart-type-side-cart elementor-menu-cart--show-remove-button-yes elementor-widget elementor-widget-woocommerce-menu-cart\" data-id=\"2d8a118\" data-element_type=\"widget\" data-settings=\"{&quot;cart_type&quot;:&quot;side-cart&quot;,&quot;open_cart&quot;:&quot;click&quot;,&quot;automatically_open_cart&quot;:&quot;no&quot;}\" data-widget_type=\"woocommerce-menu-cart.default\">\n\t\t\t\t<div class=\"elementor-widget-container\">\n\t\t\t\t\t<div class=\"elementor-menu-cart__wrapper\">\n\t\t\t\t\t\t\t<div class=\"elementor-menu-cart__toggle_wrapper\">\n\t\t\t\t\t<div class=\"elementor-menu-cart__container elementor-lightbox\" aria-hidden=\"true\">\n\t\t\t\t\t\t<div class=\"elementor-menu-cart__main\" aria-hidden=\"true\">\n\t\t\t\t\t\t\t<div class=\"elementor-menu-cart__close-button\"><\/div>\n\t\t\t\t\t\t\t<div class=\"widget_shopping_cart_content\">\n\t\t\t\t\t\t\t\t\t<div class=\"woocommerce-mini-cart__empty-message\">No hay productos en el carrito.<\/div>\n\t\t\t\t\t\t\t<\/div>\n\t\t\t\t\t\t<\/div>\n\t\t\t\t\t<\/div>\n\t\t\t\t\t\t\t<div class=\"elementor-menu-cart__toggle elementor-button-wrapper\">\n\t\t\t<a id=\"elementor-menu-cart__toggle_button\" href=\"#\" class=\"elementor-menu-cart__toggle_button elementor-button elementor-size-sm\" aria-expanded=\"false\">\n\t\t\t\t<span class=\"elementor-button-text\"><span class=\"woocommerce-Price-amount amount\"><span class=\"woocommerce-Price-currencySymbol\">&euro;<\/span>0.00<\/span><\/span>\n\t\t\t\t<span class=\"elementor-button-icon\" data-counter=\"0\">\n\t\t\t\t\t<i class=\"eicon\"><\/i>\n\t\t\t\t\t<span class=\"elementor-screen-only\">Carrito<\/span>\n\t\t\t\t<\/span>\n\t\t\t<\/a>\n\t\t<\/div>\n\t\t\t\t\t\t<\/div>\n\t\t\t\t\t<\/div> <!-- close elementor-menu-cart__wrapper -->\n\t\t\t\t<\/div>\n\t\t\t\t<\/div>\n\t\t\t\t\t\t<\/div>\n\t\t\t\t\t<\/div>\n\t\t<\/div>\n\t\t\t\t<div class=\"elementor-column elementor-col-50 elementor-top-column elementor-element elementor-element-8fa0e25\" data-id=\"8fa0e25\" data-element_type=\"column\">\n\t\t\t<div class=\"elementor-column-wrap elementor-element-populated\">\n\t\t\t\t\t\t\t<div class=\"elementor-widget-wrap\">\n\t\t\t\t\t\t<div class=\"elementor-element elementor-element-3f163c7 elementor-widget-divider--view-line elementor-widget elementor-widget-divider\" data-id=\"3f163c7\" data-element_type=\"widget\" data-widget_type=\"divider.default\">\n\t\t\t\t<div class=\"elementor-widget-container\">\n\t\t\t\t\t<div class=\"elementor-divider\">\n\t\t\t<span class=\"elementor-divider-separator\">\n\t\t\t\t\t\t<\/span>\n\t\t<\/div>\n\t\t\t\t<\/div>\n\t\t\t\t<\/div>\n\t\t\t\t<div class=\"elementor-element elementor-element-d088746 elementor-widget elementor-widget-text-editor\" data-id=\"d088746\" data-element_type=\"widget\" data-widget_type=\"text-editor.default\">\n\t\t\t\t<div class=\"elementor-widget-container\">\n\t\t\t\t\t\t\t\t<div class=\"elementor-text-editor elementor-clearfix\">\n\t\t\t\t<p><span style=\"color: #333333;\"><strong>\u00a0SHANKARA Y EL VEDANTA<\/strong><\/span><\/p><p><span style=\"color: #333333;\"><strong><em>\u00a0 Autor: P. Martin-Dubost<\/em><\/strong><\/span><\/p><p><span style=\"color: #333333;\">\u00a0 \u00a0 \u00a0 \u00a0 \u00a0 \u00a0\u00abUn hombre que ha despertado de un sue\u00f1o jam\u00e1s conserva la idea de\u00a0yo\u00a0o lo\u00a0m\u00edo\u00a0en relaci\u00f3n con el cuerpo que ten\u00eda durante su sue\u00f1o y los objetos en \u00e9l, sino que por el contrario, vive muy despierto y consciente de su propio Ser como algo diferente\u201d.<\/span><\/p><p><span style=\"color: #333333;\">\u00a0 \u00a0 \u00a0 \u00a0 \u00a0 Shankara es, sin duda, el Maestro de Vedanta-Advaita cl\u00e1sico mas conocido en occidente. Martin-Dubost es uno de los mayores especialistas en el Vedanta. Con esta obra da a conocer con detalle la vida de \u00e9ste maestro as\u00ed como de sus obras de las cuales hay extractos esclarecedores\u2026<\/span><\/p><p><span style=\"color: #333333;\">\u00a0 \u00a0 \u00a0 \u00a0 \u00a0 \u00cdndice:<\/span><\/p><p><span style=\"color: #333333;\">\u00a0Cap\u00edtulo 1: Un Maestro de espiritualidad.\u00a0 \u00a0 \u00a0Cap\u00edtulo 2: El comentarista de los textos sagrados.\u00a0 \u00a0 \u00a0Cap\u00edtulo 3: La doctrina de Shank\u00e2ra.\u00a0 \u00a0 \u00a0Cap\u00edtulo 4: Selecci\u00f3n de textos (extractos):\u00a0 Bhajagovindam\u00a0 \u00a0.\u00a0 \u00a0Dasasloki\u00a0 \u00a0.\u00a0 \u00a0Manish\u00e2pancakam\u00a0 \u00a0.\u00a0 \u00a0Dakshin\u00e2m\u00fbrti stotra\u00a0 \u00a0.\u00a0 \u00a0Shiv\u00e2nandalahar\u00ee\u00a0 \u00a0.\u00a0 \u00a0Atmabodha\u00a0 \u00a0.\u00a0 \u00a0Vivekac\u00fbd\u00e2mani\u00a0 \u00a0.\u00a0 \u00a0Aparoksh\u00e2nubhuti\u00a0 \u00a0.\u00a0 \u00a0Upadeshas\u00e2hasr\u00ee\u00a0 \u00a0.\u00a0 \u00a0Panc\u00eekaranam\u00a0 \u00a0.\u00a0 \u00a0M\u00e2nd\u00fbkya K\u00e2rik\u00e2 Bh\u00e2shya\u00a0 \u00a0.\u00a0 \u00a0Bhagavadg\u00eeta Bh\u00e2shya\u00a0 \u00a0.\u00a0 \u00a0Brahmas\u00fbtra Bh\u00e2shya.\u00a0 \u00a0 \u00a0Cap\u00edtulo 5: El Advaita Vedanta desde el siglo VIII hasta nuestros d\u00edas.<\/span><\/p><p><span style=\"color: #333333;\">\u00a0 \u00a0 \u00a0<\/span><\/p>\t\t\t\t\t<\/div>\n\t\t\t\t\t\t<\/div>\n\t\t\t\t<\/div>\n\t\t\t\t\t\t<\/div>\n\t\t\t\t\t<\/div>\n\t\t<\/div>\n\t\t\t\t\t\t\t\t<\/div>\n\t\t\t\t\t<\/div>\n\t\t<\/section>\n\t\t\t\t\t\t<\/div>\n\t\t\t\t\t\t<\/div>\n\t\t\t\t\t<\/div>\n\t\t","protected":false},"excerpt":{"rendered":"<p>148 p\u00e1ginas &#8211; 15 \u20ac A\u00f1adir al carro \u00a0SHANKARA Y EL VEDANTA \u00a0 Autor: P. Martin-Dubost \u00abUn hombre que ha despertado de un sue\u00f1o jam\u00e1s conserva la idea de\u00a0yo\u00a0o lo\u00a0m\u00edo\u00a0en relaci\u00f3n con el cuerpo que ten\u00eda durante su sue\u00f1o y los objetos en \u00e9l, sino que por el contrario, vive muy despierto y consciente de &#8230; <a title=\"SHANKARA Y EL VEDANTA\" class=\"read-more\" href=\"https:\/\/edicionesvia.com\/index.php\/product\/shankara-y-el-vedanta\/\">Read more<\/a><\/p>\n","protected":false},"featured_media":0,"template":"elementor_header_footer","meta":{"_mi_skip_tracking":false,"_monsterinsights_sitenote_active":false,"_monsterinsights_sitenote_note":"","_monsterinsights_sitenote_category":0},"_links":{"self":[{"href":"https:\/\/edicionesvia.com\/index.php\/wp-json\/wp\/v2\/product\/98"}],"collection":[{"href":"https:\/\/edicionesvia.com\/index.php\/wp-json\/wp\/v2\/product"}],"about":[{"href":"https:\/\/edicionesvia.com\/index.php\/wp-json\/wp\/v2\/types\/product"}],"version-history":[{"count":4,"href":"https:\/\/edicionesvia.com\/index.php\/wp-json\/wp\/v2\/product\/98\/revisions"}],"predecessor-version":[{"id":1005,"href":"https:\/\/edicionesvia.com\/index.php\/wp-json\/wp\/v2\/product\/98\/revisions\/1005"}],"wp:attachment":[{"href":"https:\/\/edicionesvia.com\/index.php\/wp-json\/wp\/v2\/media?parent=98"}],"curies":[{"name":"wp","href":"https:\/\/api.w.org\/{rel}","templated":true}]}}