{"id":958,"date":"2020-09-15T13:22:48","date_gmt":"2020-09-15T12:22:48","guid":{"rendered":"https:\/\/edicionesvia.com\/?post_type=product&#038;p=958"},"modified":"2020-09-21T11:48:01","modified_gmt":"2020-09-21T10:48:01","slug":"simbolos-y-simbolismo","status":"publish","type":"product","link":"https:\/\/edicionesvia.com\/index.php\/product\/simbolos-y-simbolismo\/","title":{"rendered":"S\u00cdMBOLOS Y SIMBOLISMO"},"content":{"rendered":"\t\t<div data-elementor-type=\"product-post\" data-elementor-id=\"958\" class=\"elementor elementor-958\" data-elementor-settings=\"[]\">\n\t\t\t\t\t\t<div class=\"elementor-inner\">\n\t\t\t\t\t\t\t<div class=\"elementor-section-wrap\">\n\t\t\t\t\t\t\t<section class=\"elementor-section elementor-top-section elementor-element elementor-element-5af430b elementor-section-boxed elementor-section-height-default elementor-section-height-default\" data-id=\"5af430b\" data-element_type=\"section\">\n\t\t\t\t\t\t<div class=\"elementor-container elementor-column-gap-default\">\n\t\t\t\t\t\t\t<div class=\"elementor-row\">\n\t\t\t\t\t<div class=\"elementor-column elementor-col-33 elementor-top-column elementor-element elementor-element-db9fc78\" data-id=\"db9fc78\" data-element_type=\"column\">\n\t\t\t<div class=\"elementor-column-wrap elementor-element-populated\">\n\t\t\t\t\t\t\t<div class=\"elementor-widget-wrap\">\n\t\t\t\t\t\t<div class=\"elementor-element elementor-element-01421ad elementor-widget-divider--view-line elementor-widget elementor-widget-divider\" data-id=\"01421ad\" data-element_type=\"widget\" data-widget_type=\"divider.default\">\n\t\t\t\t<div class=\"elementor-widget-container\">\n\t\t\t\t\t<div class=\"elementor-divider\">\n\t\t\t<span class=\"elementor-divider-separator\">\n\t\t\t\t\t\t<\/span>\n\t\t<\/div>\n\t\t\t\t<\/div>\n\t\t\t\t<\/div>\n\t\t\t\t<div class=\"elementor-element elementor-element-d17800a elementor-widget elementor-widget-image\" data-id=\"d17800a\" data-element_type=\"widget\" data-widget_type=\"image.default\">\n\t\t\t\t<div class=\"elementor-widget-container\">\n\t\t\t\t\t\t\t\t<div class=\"elementor-image\">\n\t\t\t\t\t\t\t\t\t\t\t\t\t<a href=\"https:\/\/edicionesvia.com\/index.php\/product\/simbolos-y-simbolismo\/\">\n\t\t\t\t\t\t\t<img src=\"https:\/\/edicionesvia.com\/wp-content\/uploads\/elementor\/thumbs\/Simbolos-y-Simbolismo-ovi3emrgtlnn70u87722ggrgcz7cqgmolqq02yp3xc.jpg\" title=\"Simbolos y Simbolismo\" alt=\"Simbolos y Simbolismo\" \/>\t\t\t\t\t\t\t\t<\/a>\n\t\t\t\t\t\t\t\t\t\t\t\t\t\t<\/div>\n\t\t\t\t\t\t<\/div>\n\t\t\t\t<\/div>\n\t\t\t\t<div class=\"elementor-element elementor-element-32681f1 elementor-widget elementor-widget-heading\" data-id=\"32681f1\" data-element_type=\"widget\" data-widget_type=\"heading.default\">\n\t\t\t\t<div class=\"elementor-widget-container\">\n\t\t\t<h3 class=\"elementor-heading-title elementor-size-default\"><a href=\"https:\/\/edicionesvia.com\/index.php\/product\/simbolos-y-simbolismo\/\">212 Pag. 14,60\u20ac<\/a><\/h3>\t\t<\/div>\n\t\t\t\t<\/div>\n\t\t\t\t<div class=\"elementor-element elementor-element-85e9bb5 elementor-align-center elementor-widget elementor-widget-wc-add-to-cart\" data-id=\"85e9bb5\" data-element_type=\"widget\" data-widget_type=\"wc-add-to-cart.default\">\n\t\t\t\t<div class=\"elementor-widget-container\">\n\t\t\t\t\t<div class=\"elementor-button-wrapper\">\n\t\t\t<a rel=\"nofollow\" href=\"?add-to-cart=958\" data-quantity=\"1\" data-product_id=\"958\" class=\"product_type_simple add_to_cart_button ajax_add_to_cart elementor-button elementor-size-sm\" role=\"button\">\n\t\t\t\t\t\t<span class=\"elementor-button-content-wrapper\">\n\t\t\t\t\t\t<span class=\"elementor-button-icon elementor-align-icon-left\">\n\t\t\t\t<i aria-hidden=\"true\" class=\"fas fa-shopping-cart\"><\/i>\t\t\t<\/span>\n\t\t\t\t\t\t<span class=\"elementor-button-text\">A\u00f1adir al carro<\/span>\n\t\t<\/span>\n\t\t\t\t\t<\/a>\n\t\t<\/div>\n\t\t\t\t<\/div>\n\t\t\t\t<\/div>\n\t\t\t\t<div class=\"elementor-element elementor-element-a92e160 elementor-menu-cart--items-indicator-plain toggle-icon--cart-medium elementor-menu-cart--show-subtotal-yes elementor-menu-cart--cart-type-side-cart elementor-menu-cart--show-remove-button-yes elementor-widget elementor-widget-woocommerce-menu-cart\" data-id=\"a92e160\" data-element_type=\"widget\" data-settings=\"{&quot;cart_type&quot;:&quot;side-cart&quot;,&quot;open_cart&quot;:&quot;click&quot;,&quot;automatically_open_cart&quot;:&quot;no&quot;}\" data-widget_type=\"woocommerce-menu-cart.default\">\n\t\t\t\t<div class=\"elementor-widget-container\">\n\t\t\t\t\t<div class=\"elementor-menu-cart__wrapper\">\n\t\t\t\t\t\t\t<div class=\"elementor-menu-cart__toggle_wrapper\">\n\t\t\t\t\t<div class=\"elementor-menu-cart__container elementor-lightbox\" aria-hidden=\"true\">\n\t\t\t\t\t\t<div class=\"elementor-menu-cart__main\" aria-hidden=\"true\">\n\t\t\t\t\t\t\t<div class=\"elementor-menu-cart__close-button\"><\/div>\n\t\t\t\t\t\t\t<div class=\"widget_shopping_cart_content\">\n\t\t\t\t\t\t\t\t\t<div class=\"woocommerce-mini-cart__empty-message\">No hay productos en el carrito.<\/div>\n\t\t\t\t\t\t\t<\/div>\n\t\t\t\t\t\t<\/div>\n\t\t\t\t\t<\/div>\n\t\t\t\t\t\t\t<div class=\"elementor-menu-cart__toggle elementor-button-wrapper\">\n\t\t\t<a id=\"elementor-menu-cart__toggle_button\" href=\"#\" class=\"elementor-menu-cart__toggle_button elementor-button elementor-size-sm\" aria-expanded=\"false\">\n\t\t\t\t<span class=\"elementor-button-text\"><span class=\"woocommerce-Price-amount amount\"><span class=\"woocommerce-Price-currencySymbol\">&euro;<\/span>0.00<\/span><\/span>\n\t\t\t\t<span class=\"elementor-button-icon\" data-counter=\"0\">\n\t\t\t\t\t<i class=\"eicon\"><\/i>\n\t\t\t\t\t<span class=\"elementor-screen-only\">Carrito<\/span>\n\t\t\t\t<\/span>\n\t\t\t<\/a>\n\t\t<\/div>\n\t\t\t\t\t\t<\/div>\n\t\t\t\t\t<\/div> <!-- close elementor-menu-cart__wrapper -->\n\t\t\t\t<\/div>\n\t\t\t\t<\/div>\n\t\t\t\t\t\t<\/div>\n\t\t\t\t\t<\/div>\n\t\t<\/div>\n\t\t\t\t<div class=\"elementor-column elementor-col-66 elementor-top-column elementor-element elementor-element-dbd25f7\" data-id=\"dbd25f7\" data-element_type=\"column\">\n\t\t\t<div class=\"elementor-column-wrap elementor-element-populated\">\n\t\t\t\t\t\t\t<div class=\"elementor-widget-wrap\">\n\t\t\t\t\t\t<div class=\"elementor-element elementor-element-ff6dc4f elementor-widget-divider--view-line elementor-widget elementor-widget-divider\" data-id=\"ff6dc4f\" data-element_type=\"widget\" data-widget_type=\"divider.default\">\n\t\t\t\t<div class=\"elementor-widget-container\">\n\t\t\t\t\t<div class=\"elementor-divider\">\n\t\t\t<span class=\"elementor-divider-separator\">\n\t\t\t\t\t\t<\/span>\n\t\t<\/div>\n\t\t\t\t<\/div>\n\t\t\t\t<\/div>\n\t\t\t\t<div class=\"elementor-element elementor-element-74b6cda elementor-widget elementor-widget-text-editor\" data-id=\"74b6cda\" data-element_type=\"widget\" data-widget_type=\"text-editor.default\">\n\t\t\t\t<div class=\"elementor-widget-container\">\n\t\t\t\t\t\t\t\t<div class=\"elementor-text-editor elementor-clearfix\">\n\t\t\t\t<h4><strong>14,8&#215;21 cm.\u00a0 14,60\u20ac\u00a0 <\/strong><strong>Autor:\u00a0 Manuel Ardu\u00edno Pav\u00f3n<\/strong><\/h4><div><strong>\u00a0<\/strong><\/div><h1>S\u00cdMBOLOS Y SIMBOLISMO<\/h1><div><h3>Es desde esta \u00f3ptica que nos propusimos investigar y encontrar la aplicabilidad en nuestras vidas de este conocimiento, y mas espec\u00edficamente, en la existencia considerada como un sendero de desenvolvimiento de habilidades y potencialidades dormidas -en algunos casos atrofiadas. Seg\u00fan esta concepci\u00f3n, connatural a ese Corpus de conocimiento alternativo, a la visi\u00f3n propia del Esoterismo, lodo cuanto rodea al hombre o lo penetra es referencia!, magisterial, y si permanece atento, puede servirle de se\u00f1al en el camino, de alta se\u00f1al en el sendero de creciente desarrollo de su conciencia, en el que tarde o temprano recupera sus propensiones originales (espirituales)\u00a0 gana en una nueva idoneidad, ampliando sus capacidades para prestar servicio\u00a0 volvi\u00e9ndose un agente impersonal e instrumento de aquellas fuerzas y potencias, igualmente presentes en cada uno como alma, y en el cosmos como Alma del Mundo. Para emprender este viaje no espacial hacia las profundidades de los s\u00edmbolos escogidos, no por azar, estudiamos y correlacionamos, hasta donde nuestra propia experiencia de vida y nuestro entendimiento lo permitieron; las m\u00faltiples ideas e iconos de gravitaci\u00f3n interna, residentes en las napas m\u00e1s hondas en que se encuentran enraizados estos \u00abbloques cu\u00e1nticos\u00bb de Luz,Poder e Inteligencia.<\/h3><\/div><div><strong>\u00a0\u00a0<\/strong><\/div>\t\t\t\t\t<\/div>\n\t\t\t\t\t\t<\/div>\n\t\t\t\t<\/div>\n\t\t\t\t\t\t<\/div>\n\t\t\t\t\t<\/div>\n\t\t<\/div>\n\t\t\t\t\t\t\t\t<\/div>\n\t\t\t\t\t<\/div>\n\t\t<\/section>\n\t\t\t\t\t\t<\/div>\n\t\t\t\t\t\t<\/div>\n\t\t\t\t\t<\/div>\n\t\t","protected":false},"excerpt":{"rendered":"<p>S\u00cdMBOLOS Y SIMBOLISMO\u00a0 212 p\u00e1g. 148&#215;210 mm.<\/p>\n<p>Autor: Manuel Ardu\u00edno Pav\u00f3n<\/p>\n<p>Es desde esta \u00f3ptica que nos propusimos investigar y encontrar la aplicabilidad en nuestras vidas de este conocimiento, y mas espec\u00edficamente, en la existencia considerada como un sendero de desenvolvimiento de habilidades y potencialidades dormidas -en algunos casos atrofiadas. Seg\u00fan esta concepci\u00f3n, connatural a ese Corpus de conocimiento alternativo, a la visi\u00f3n propia del Esoterismo, lodo cuanto rodea al hombre o lo penetra es referencia!, magisterial, y si permanece atento, puede servirle de se\u00f1al en el camino, de alta se\u00f1al en el sendero de creciente desarrollo de su conciencia, en el que tarde o temprano recupera sus propensiones originales (espirituales)\u00a0 gana en una nueva idoneidad, ampliando sus capacidades para prestar servicio y volvi\u00e9ndose un agente impersonal e instrumento de aquellas fuerzas y potencias, igualmente presentes en cada uno como alma, y en el cosmos como Alma del Mundo. Para emprender este viaje no espacial hacia las profundidades de los s\u00edmbolos escogidos, no por azar, estudiamos y correlacionamos, hasta donde nuestra propia experiencia de vida y nuestro entendimiento lo permitieron; las m\u00faltiples ideas e iconos de gravitaci\u00f3n interna, residentes en las napas m\u00e1s hondas en que se encuentran enraizados estos \u00abbloques cu\u00e1nticos\u00bb de Luz,Poder e Inteligencia.<\/p>\n<p>&nbsp;<\/p>\n","protected":false},"featured_media":959,"template":"elementor_header_footer","meta":{"_mi_skip_tracking":false,"_monsterinsights_sitenote_active":false,"_monsterinsights_sitenote_note":"","_monsterinsights_sitenote_category":0},"_links":{"self":[{"href":"https:\/\/edicionesvia.com\/index.php\/wp-json\/wp\/v2\/product\/958"}],"collection":[{"href":"https:\/\/edicionesvia.com\/index.php\/wp-json\/wp\/v2\/product"}],"about":[{"href":"https:\/\/edicionesvia.com\/index.php\/wp-json\/wp\/v2\/types\/product"}],"version-history":[{"count":3,"href":"https:\/\/edicionesvia.com\/index.php\/wp-json\/wp\/v2\/product\/958\/revisions"}],"predecessor-version":[{"id":969,"href":"https:\/\/edicionesvia.com\/index.php\/wp-json\/wp\/v2\/product\/958\/revisions\/969"}],"wp:featuredmedia":[{"embeddable":true,"href":"https:\/\/edicionesvia.com\/index.php\/wp-json\/wp\/v2\/media\/959"}],"wp:attachment":[{"href":"https:\/\/edicionesvia.com\/index.php\/wp-json\/wp\/v2\/media?parent=958"}],"curies":[{"name":"wp","href":"https:\/\/api.w.org\/{rel}","templated":true}]}}