{"id":89,"date":"2019-03-06T14:14:27","date_gmt":"2019-03-06T13:14:27","guid":{"rendered":"https:\/\/edicionesvia.com\/?post_type=product&#038;p=89"},"modified":"2020-09-21T12:53:06","modified_gmt":"2020-09-21T11:53:06","slug":"discursos-espirituales","status":"publish","type":"product","link":"https:\/\/edicionesvia.com\/index.php\/product\/discursos-espirituales\/","title":{"rendered":"DISCURSOS ESPIRITUALES"},"content":{"rendered":"\t\t<div data-elementor-type=\"product-post\" data-elementor-id=\"89\" class=\"elementor elementor-89\" data-elementor-settings=\"[]\">\n\t\t\t\t\t\t<div class=\"elementor-inner\">\n\t\t\t\t\t\t\t<div class=\"elementor-section-wrap\">\n\t\t\t\t\t\t\t<section class=\"elementor-section elementor-top-section elementor-element elementor-element-39cbe4f elementor-section-boxed elementor-section-height-default elementor-section-height-default\" data-id=\"39cbe4f\" data-element_type=\"section\">\n\t\t\t\t\t\t<div class=\"elementor-container elementor-column-gap-default\">\n\t\t\t\t\t\t\t<div class=\"elementor-row\">\n\t\t\t\t\t<div class=\"elementor-column elementor-col-50 elementor-top-column elementor-element elementor-element-222f277\" data-id=\"222f277\" data-element_type=\"column\">\n\t\t\t<div class=\"elementor-column-wrap elementor-element-populated\">\n\t\t\t\t\t\t\t<div class=\"elementor-widget-wrap\">\n\t\t\t\t\t\t<div class=\"elementor-element elementor-element-fc0b08f elementor-widget-divider--view-line elementor-widget elementor-widget-divider\" data-id=\"fc0b08f\" data-element_type=\"widget\" data-widget_type=\"divider.default\">\n\t\t\t\t<div class=\"elementor-widget-container\">\n\t\t\t\t\t<div class=\"elementor-divider\">\n\t\t\t<span class=\"elementor-divider-separator\">\n\t\t\t\t\t\t<\/span>\n\t\t<\/div>\n\t\t\t\t<\/div>\n\t\t\t\t<\/div>\n\t\t\t\t<div class=\"elementor-element elementor-element-3d91e9c elementor-widget elementor-widget-image\" data-id=\"3d91e9c\" data-element_type=\"widget\" data-widget_type=\"image.default\">\n\t\t\t\t<div class=\"elementor-widget-container\">\n\t\t\t\t\t\t\t\t<div class=\"elementor-image\">\n\t\t\t\t\t\t\t\t\t\t\t\t<img src=\"https:\/\/edicionesvia.com\/wp-content\/uploads\/elementor\/thumbs\/Discursos-Espirituales-cubierta-oe6p0wx2qo98pi0sxuxzmpffiy8bmxj74prro67ns0.jpg\" title=\"Discursos Espirituales cubierta\" alt=\"Discursos Espirituales cubierta\" \/>\t\t\t\t\t\t\t\t\t\t\t\t\t\t<\/div>\n\t\t\t\t\t\t<\/div>\n\t\t\t\t<\/div>\n\t\t\t\t<div class=\"elementor-element elementor-element-9c281cb elementor-widget elementor-widget-heading\" data-id=\"9c281cb\" data-element_type=\"widget\" data-widget_type=\"heading.default\">\n\t\t\t\t<div class=\"elementor-widget-container\">\n\t\t\t<h3 class=\"elementor-heading-title elementor-size-default\">532 p\u00e1ginas - 40 \u20ac<\/h3>\t\t<\/div>\n\t\t\t\t<\/div>\n\t\t\t\t<div class=\"elementor-element elementor-element-47a3f3c elementor-align-center elementor-widget elementor-widget-wc-add-to-cart\" data-id=\"47a3f3c\" data-element_type=\"widget\" data-widget_type=\"wc-add-to-cart.default\">\n\t\t\t\t<div class=\"elementor-widget-container\">\n\t\t\t\t\t<div class=\"elementor-button-wrapper\">\n\t\t\t<a rel=\"nofollow\" href=\"?add-to-cart=89\" data-quantity=\"1\" data-product_id=\"89\" class=\"product_type_simple add_to_cart_button ajax_add_to_cart elementor-button elementor-size-sm\" role=\"button\">\n\t\t\t\t\t\t<span class=\"elementor-button-content-wrapper\">\n\t\t\t\t\t\t<span class=\"elementor-button-icon elementor-align-icon-left\">\n\t\t\t\t<i aria-hidden=\"true\" class=\"fas fa-shopping-cart\"><\/i>\t\t\t<\/span>\n\t\t\t\t\t\t<span class=\"elementor-button-text\">A\u00f1adir al carro<\/span>\n\t\t<\/span>\n\t\t\t\t\t<\/a>\n\t\t<\/div>\n\t\t\t\t<\/div>\n\t\t\t\t<\/div>\n\t\t\t\t<div class=\"elementor-element elementor-element-21ac73f elementor-menu-cart--items-indicator-plain toggle-icon--cart-medium elementor-menu-cart--show-subtotal-yes elementor-menu-cart--cart-type-side-cart elementor-menu-cart--show-remove-button-yes elementor-widget elementor-widget-woocommerce-menu-cart\" data-id=\"21ac73f\" data-element_type=\"widget\" data-settings=\"{&quot;cart_type&quot;:&quot;side-cart&quot;,&quot;open_cart&quot;:&quot;click&quot;,&quot;automatically_open_cart&quot;:&quot;no&quot;}\" data-widget_type=\"woocommerce-menu-cart.default\">\n\t\t\t\t<div class=\"elementor-widget-container\">\n\t\t\t\t\t<div class=\"elementor-menu-cart__wrapper\">\n\t\t\t\t\t\t\t<div class=\"elementor-menu-cart__toggle_wrapper\">\n\t\t\t\t\t<div class=\"elementor-menu-cart__container elementor-lightbox\" aria-hidden=\"true\">\n\t\t\t\t\t\t<div class=\"elementor-menu-cart__main\" aria-hidden=\"true\">\n\t\t\t\t\t\t\t<div class=\"elementor-menu-cart__close-button\"><\/div>\n\t\t\t\t\t\t\t<div class=\"widget_shopping_cart_content\">\n\t\t\t\t\t\t\t\t\t<div class=\"woocommerce-mini-cart__empty-message\">No hay productos en el carrito.<\/div>\n\t\t\t\t\t\t\t<\/div>\n\t\t\t\t\t\t<\/div>\n\t\t\t\t\t<\/div>\n\t\t\t\t\t\t\t<div class=\"elementor-menu-cart__toggle elementor-button-wrapper\">\n\t\t\t<a id=\"elementor-menu-cart__toggle_button\" href=\"#\" class=\"elementor-menu-cart__toggle_button elementor-button elementor-size-sm\" aria-expanded=\"false\">\n\t\t\t\t<span class=\"elementor-button-text\"><span class=\"woocommerce-Price-amount amount\"><span class=\"woocommerce-Price-currencySymbol\">&euro;<\/span>0.00<\/span><\/span>\n\t\t\t\t<span class=\"elementor-button-icon\" data-counter=\"0\">\n\t\t\t\t\t<i class=\"eicon\"><\/i>\n\t\t\t\t\t<span class=\"elementor-screen-only\">Carrito<\/span>\n\t\t\t\t<\/span>\n\t\t\t<\/a>\n\t\t<\/div>\n\t\t\t\t\t\t<\/div>\n\t\t\t\t\t<\/div> <!-- close elementor-menu-cart__wrapper -->\n\t\t\t\t<\/div>\n\t\t\t\t<\/div>\n\t\t\t\t\t\t<\/div>\n\t\t\t\t\t<\/div>\n\t\t<\/div>\n\t\t\t\t<div class=\"elementor-column elementor-col-50 elementor-top-column elementor-element elementor-element-43ea2eb\" data-id=\"43ea2eb\" data-element_type=\"column\">\n\t\t\t<div class=\"elementor-column-wrap elementor-element-populated\">\n\t\t\t\t\t\t\t<div class=\"elementor-widget-wrap\">\n\t\t\t\t\t\t<div class=\"elementor-element elementor-element-dd47318 elementor-widget-divider--view-line elementor-widget elementor-widget-divider\" data-id=\"dd47318\" data-element_type=\"widget\" data-widget_type=\"divider.default\">\n\t\t\t\t<div class=\"elementor-widget-container\">\n\t\t\t\t\t<div class=\"elementor-divider\">\n\t\t\t<span class=\"elementor-divider-separator\">\n\t\t\t\t\t\t<\/span>\n\t\t<\/div>\n\t\t\t\t<\/div>\n\t\t\t\t<\/div>\n\t\t\t\t<div class=\"elementor-element elementor-element-1ba5a30 elementor-widget elementor-widget-text-editor\" data-id=\"1ba5a30\" data-element_type=\"widget\" data-widget_type=\"text-editor.default\">\n\t\t\t\t<div class=\"elementor-widget-container\">\n\t\t\t\t\t\t\t\t<div class=\"elementor-text-editor elementor-clearfix\">\n\t\t\t\t<p><span style=\"color: #333333;\"><strong>\u00a0DISCURSOS ESPIRITUALES<\/strong><\/span><\/p><p><span style=\"color: #333333;\"><strong><em>\u00a0 Autor: Atmananda &#8211; Compilador Nitya Tripta<\/em><\/strong><\/span><\/p><p><span style=\"color: #333333;\">\u00a0 \u00a0 \u00a0 \u00a0 \u00a0 Extraordinario y esclarecedor texto que recoge las ense\u00f1anzas de quien fuera el Maestro a quien Ramana Maharshi envi\u00f3 algunos disc\u00edpulos. Imprescindible para conocer a fondo la ense\u00f1anza de quien fue uno de los m\u00e1s grandes maestros del Vedanta Advaita del siglo XX.<\/span><\/p><p><span style=\"color: #333333;\">\u00a0 \u00a0 \u00a0 \u00a0 \u00a0 Fragmentos del \u00cdndice:<\/span><\/p><p><span style=\"color: #333333;\">\u00bfCUANDO ES LA LIBERACI\u00d3N COMPLETA?\u00a0 \u00a0&#8211;\u00a0 \u00a0\u00bfQUIEN RESPONDE A NUESTRAS ORACIONES?\u00a0 \u00a0&#8211;\u00a0 \u00a0COMO AFRONTAR EL DOLOR\u00a0 \u00a0&#8211;\u00a0 \u00a0\u00bfCUAL ES LA PRUEBA DE MI PROGRESO HACIA LA VERDAD?\u00a0 \u00a0&#8211;\u00a0 \u00a0ES LA VIDA DEL SABIO BENEFICIOSA PARA TODOS?\u00a0 \u00a0&#8211;\u00a0 \u00a0\u00bfQUE ES LA BELLEZA Y CUAL ES SU RELACI\u00d3N CON LO BELLO?\u00a0 \u00a0&#8211;\u00a0 \u00a0\u00bfCOMO LUCHAR CONTRA LA AVERSI\u00d3N A ALGUIEN?\u00a0 \u00a0&#8211;\u00a0 \u00a0\u00bfPORQUE EL SABIO NO ES SIEMPRE MISERICORDIOSO?\u00a0 \u00a0&#8211;\u00a0 \u00a0 \u00a0 \u00a0 \u00a0 \u00a0LA FALACIA DEL \u201cTIEMPO\u201d\u00a0 \u00a0&#8211;\u00a0 \u00a0\u00bfQUE SIGNIFICA \u201cTOMAR NOTA DE\u201d? \u00bfES ACTIVO O PASIVO?\u00a0 \u00a0 &#8211;\u00a0 \u00a0\u00bfCOMO ME REALIZO?\u00a0 \u00a0&#8211;\u00a0 \u00a0\u00bfCUAL ES LA ACTIVIDAD DEL \u201cYO\u201d?\u00a0 \u00a0&#8211;\u00a0 \u00a0\u00bfCOMO AFRONTAR CUALQUIER PROBLEMA?\u00a0 \u00a0&#8211;\u00a0 \u00a0\u00bfTIENE EL MODO DE VIDA ALGO QUE VER CON LA VERDAD?\u00a0 \u00a0-LA HISTORIA DEL ADVAITA<\/span><\/p><p><span style=\"color: #333333;\">\u00a0 \u00a0 \u00a0<\/span><\/p>\t\t\t\t\t<\/div>\n\t\t\t\t\t\t<\/div>\n\t\t\t\t<\/div>\n\t\t\t\t\t\t<\/div>\n\t\t\t\t\t<\/div>\n\t\t<\/div>\n\t\t\t\t\t\t\t\t<\/div>\n\t\t\t\t\t<\/div>\n\t\t<\/section>\n\t\t\t\t\t\t<\/div>\n\t\t\t\t\t\t<\/div>\n\t\t\t\t\t<\/div>\n\t\t","protected":false},"excerpt":{"rendered":"<p>532 p\u00e1ginas &#8211; 40 \u20ac A\u00f1adir al carro \u00a0DISCURSOS ESPIRITUALES \u00a0 Autor: Atmananda &#8211; Compilador Nitya Tripta Extraordinario y esclarecedor texto que recoge las ense\u00f1anzas de quien fuera el Maestro a quien Ramana Maharshi envi\u00f3 algunos disc\u00edpulos. Imprescindible para conocer a fondo la ense\u00f1anza de quien fue uno de los m\u00e1s grandes maestros del Vedanta &#8230; <a title=\"DISCURSOS ESPIRITUALES\" class=\"read-more\" href=\"https:\/\/edicionesvia.com\/index.php\/product\/discursos-espirituales\/\">Read more<\/a><\/p>\n","protected":false},"featured_media":0,"template":"elementor_header_footer","meta":{"_mi_skip_tracking":false,"_monsterinsights_sitenote_active":false,"_monsterinsights_sitenote_note":"","_monsterinsights_sitenote_category":0},"_links":{"self":[{"href":"https:\/\/edicionesvia.com\/index.php\/wp-json\/wp\/v2\/product\/89"}],"collection":[{"href":"https:\/\/edicionesvia.com\/index.php\/wp-json\/wp\/v2\/product"}],"about":[{"href":"https:\/\/edicionesvia.com\/index.php\/wp-json\/wp\/v2\/types\/product"}],"version-history":[{"count":6,"href":"https:\/\/edicionesvia.com\/index.php\/wp-json\/wp\/v2\/product\/89\/revisions"}],"predecessor-version":[{"id":1007,"href":"https:\/\/edicionesvia.com\/index.php\/wp-json\/wp\/v2\/product\/89\/revisions\/1007"}],"wp:attachment":[{"href":"https:\/\/edicionesvia.com\/index.php\/wp-json\/wp\/v2\/media?parent=89"}],"curies":[{"name":"wp","href":"https:\/\/api.w.org\/{rel}","templated":true}]}}