{"id":841,"date":"2019-10-07T13:41:32","date_gmt":"2019-10-07T12:41:32","guid":{"rendered":"https:\/\/edicionesvia.com\/?post_type=product&#038;p=841"},"modified":"2020-09-21T12:13:04","modified_gmt":"2020-09-21T11:13:04","slug":"sadhana-panchakam","status":"publish","type":"product","link":"https:\/\/edicionesvia.com\/index.php\/product\/sadhana-panchakam\/","title":{"rendered":"SADHANA PANCHAKAM"},"content":{"rendered":"\t\t<div data-elementor-type=\"product-post\" data-elementor-id=\"841\" class=\"elementor elementor-841\" data-elementor-settings=\"[]\">\n\t\t\t\t\t\t<div class=\"elementor-inner\">\n\t\t\t\t\t\t\t<div class=\"elementor-section-wrap\">\n\t\t\t\t\t\t\t<section class=\"elementor-section elementor-top-section elementor-element elementor-element-5af430b elementor-section-boxed elementor-section-height-default elementor-section-height-default\" data-id=\"5af430b\" data-element_type=\"section\">\n\t\t\t\t\t\t<div class=\"elementor-container elementor-column-gap-default\">\n\t\t\t\t\t\t\t<div class=\"elementor-row\">\n\t\t\t\t\t<div class=\"elementor-column elementor-col-33 elementor-top-column elementor-element elementor-element-db9fc78\" data-id=\"db9fc78\" data-element_type=\"column\">\n\t\t\t<div class=\"elementor-column-wrap elementor-element-populated\">\n\t\t\t\t\t\t\t<div class=\"elementor-widget-wrap\">\n\t\t\t\t\t\t<div class=\"elementor-element elementor-element-01421ad elementor-widget-divider--view-line elementor-widget elementor-widget-divider\" data-id=\"01421ad\" data-element_type=\"widget\" data-widget_type=\"divider.default\">\n\t\t\t\t<div class=\"elementor-widget-container\">\n\t\t\t\t\t<div class=\"elementor-divider\">\n\t\t\t<span class=\"elementor-divider-separator\">\n\t\t\t\t\t\t<\/span>\n\t\t<\/div>\n\t\t\t\t<\/div>\n\t\t\t\t<\/div>\n\t\t\t\t<div class=\"elementor-element elementor-element-d17800a elementor-widget elementor-widget-image\" data-id=\"d17800a\" data-element_type=\"widget\" data-widget_type=\"image.default\">\n\t\t\t\t<div class=\"elementor-widget-container\">\n\t\t\t\t\t\t\t\t<div class=\"elementor-image\">\n\t\t\t\t\t\t\t\t\t\t\t\t<img src=\"https:\/\/edicionesvia.com\/wp-content\/uploads\/elementor\/thumbs\/Tapas-sadhana-con-K1web-oevbr1lo1v8v5xci4dj6n9ncjy45ay6dcl8voiya74.jpg\" title=\"Tapas sadhana con K1web\" alt=\"Tapas sadhana con K1web\" \/>\t\t\t\t\t\t\t\t\t\t\t\t\t\t<\/div>\n\t\t\t\t\t\t<\/div>\n\t\t\t\t<\/div>\n\t\t\t\t<div class=\"elementor-element elementor-element-32681f1 elementor-widget elementor-widget-heading\" data-id=\"32681f1\" data-element_type=\"widget\" data-widget_type=\"heading.default\">\n\t\t\t\t<div class=\"elementor-widget-container\">\n\t\t\t<h3 class=\"elementor-heading-title elementor-size-default\">174 Pag. 16\u20ac<\/h3>\t\t<\/div>\n\t\t\t\t<\/div>\n\t\t\t\t<div class=\"elementor-element elementor-element-85e9bb5 elementor-align-center elementor-widget elementor-widget-wc-add-to-cart\" data-id=\"85e9bb5\" data-element_type=\"widget\" data-widget_type=\"wc-add-to-cart.default\">\n\t\t\t\t<div class=\"elementor-widget-container\">\n\t\t\t\t\t<div class=\"elementor-button-wrapper\">\n\t\t\t<a rel=\"nofollow\" href=\"?add-to-cart=841\" data-quantity=\"1\" data-product_id=\"841\" class=\"product_type_simple add_to_cart_button ajax_add_to_cart elementor-button elementor-size-sm\" role=\"button\">\n\t\t\t\t\t\t<span class=\"elementor-button-content-wrapper\">\n\t\t\t\t\t\t<span class=\"elementor-button-icon elementor-align-icon-left\">\n\t\t\t\t<i aria-hidden=\"true\" class=\"fas fa-shopping-cart\"><\/i>\t\t\t<\/span>\n\t\t\t\t\t\t<span class=\"elementor-button-text\">A\u00f1adir al carro<\/span>\n\t\t<\/span>\n\t\t\t\t\t<\/a>\n\t\t<\/div>\n\t\t\t\t<\/div>\n\t\t\t\t<\/div>\n\t\t\t\t<div class=\"elementor-element elementor-element-a92e160 elementor-menu-cart--items-indicator-plain toggle-icon--cart-medium elementor-menu-cart--show-subtotal-yes elementor-menu-cart--cart-type-side-cart elementor-menu-cart--show-remove-button-yes elementor-widget elementor-widget-woocommerce-menu-cart\" data-id=\"a92e160\" data-element_type=\"widget\" data-settings=\"{&quot;cart_type&quot;:&quot;side-cart&quot;,&quot;open_cart&quot;:&quot;click&quot;,&quot;automatically_open_cart&quot;:&quot;no&quot;}\" data-widget_type=\"woocommerce-menu-cart.default\">\n\t\t\t\t<div class=\"elementor-widget-container\">\n\t\t\t\t\t<div class=\"elementor-menu-cart__wrapper\">\n\t\t\t\t\t\t\t<div class=\"elementor-menu-cart__toggle_wrapper\">\n\t\t\t\t\t<div class=\"elementor-menu-cart__container elementor-lightbox\" aria-hidden=\"true\">\n\t\t\t\t\t\t<div class=\"elementor-menu-cart__main\" aria-hidden=\"true\">\n\t\t\t\t\t\t\t<div class=\"elementor-menu-cart__close-button\"><\/div>\n\t\t\t\t\t\t\t<div class=\"widget_shopping_cart_content\">\n\t\t\t\t\t\t\t\t\t<div class=\"woocommerce-mini-cart__empty-message\">No hay productos en el carrito.<\/div>\n\t\t\t\t\t\t\t<\/div>\n\t\t\t\t\t\t<\/div>\n\t\t\t\t\t<\/div>\n\t\t\t\t\t\t\t<div class=\"elementor-menu-cart__toggle elementor-button-wrapper\">\n\t\t\t<a id=\"elementor-menu-cart__toggle_button\" href=\"#\" class=\"elementor-menu-cart__toggle_button elementor-button elementor-size-sm\" aria-expanded=\"false\">\n\t\t\t\t<span class=\"elementor-button-text\"><span class=\"woocommerce-Price-amount amount\"><span class=\"woocommerce-Price-currencySymbol\">&euro;<\/span>0.00<\/span><\/span>\n\t\t\t\t<span class=\"elementor-button-icon\" data-counter=\"0\">\n\t\t\t\t\t<i class=\"eicon\"><\/i>\n\t\t\t\t\t<span class=\"elementor-screen-only\">Carrito<\/span>\n\t\t\t\t<\/span>\n\t\t\t<\/a>\n\t\t<\/div>\n\t\t\t\t\t\t<\/div>\n\t\t\t\t\t<\/div> <!-- close elementor-menu-cart__wrapper -->\n\t\t\t\t<\/div>\n\t\t\t\t<\/div>\n\t\t\t\t\t\t<\/div>\n\t\t\t\t\t<\/div>\n\t\t<\/div>\n\t\t\t\t<div class=\"elementor-column elementor-col-66 elementor-top-column elementor-element elementor-element-dbd25f7\" data-id=\"dbd25f7\" data-element_type=\"column\">\n\t\t\t<div class=\"elementor-column-wrap elementor-element-populated\">\n\t\t\t\t\t\t\t<div class=\"elementor-widget-wrap\">\n\t\t\t\t\t\t<div class=\"elementor-element elementor-element-ff6dc4f elementor-widget-divider--view-line elementor-widget elementor-widget-divider\" data-id=\"ff6dc4f\" data-element_type=\"widget\" data-widget_type=\"divider.default\">\n\t\t\t\t<div class=\"elementor-widget-container\">\n\t\t\t\t\t<div class=\"elementor-divider\">\n\t\t\t<span class=\"elementor-divider-separator\">\n\t\t\t\t\t\t<\/span>\n\t\t<\/div>\n\t\t\t\t<\/div>\n\t\t\t\t<\/div>\n\t\t\t\t<div class=\"elementor-element elementor-element-74b6cda elementor-widget elementor-widget-text-editor\" data-id=\"74b6cda\" data-element_type=\"widget\" data-widget_type=\"text-editor.default\">\n\t\t\t\t<div class=\"elementor-widget-container\">\n\t\t\t\t\t\t\t\t<div class=\"elementor-text-editor elementor-clearfix\">\n\t\t\t\t<h4><strong>14,8&#215;24 cm.\u00a0 16\u20ac<\/strong><\/h4><h4><strong>COMENTARIOS AL SADHANA PANCHAKAM<\/strong><\/h4><p><strong>Autor : Sri Ramakrishnan Swamiji Dravidacharya<\/strong><\/p><p><strong>\u00a0 \u00a0 \u00a0 \u201c\u00daltima obra de Shankara en la que, a petici\u00f3n de <br \/>sus disc\u00edpulos, resume magistralmente el camino del Vedanta\u201d<\/strong><\/p><p><strong>\u00a0\u00a0<\/strong><strong>\u00a0 \u00a0 \u00a0 \u00a0Sri Ramakrishnan Swamiji Dravidacharya reside en la actualidad en la m\u00edtica ciudad de Rishikesh (estado de Uttarakhand, India) situada en la ribera del Ganges y a los pies de los Himalayas. Si bien su origen es la ciudad de Chennai, desde muy joven se dirigi\u00f3\u00a0<\/strong><strong>a Rishikesh en b\u00fasqueda del Conocimiento \u00daltimo. All\u00ed fue iniciado en las ense\u00f1anzas del Vedanta Advaita por varios maestros tradicionales. Entre ellos destacan Swami Shanti Dharmananda Sarasvati, que fue disc\u00edpulo de Swami Satyananda Sarasvati, quien, a su vez, fue disc\u00edpulo del famoso Swami Sivananda.<\/strong><\/p><p><strong><br \/>Traducci\u00f3n de Roberto Mall\u00f3n Fedriani \u00a0<\/strong><\/p><h6><strong>\u00a0<\/strong><\/h6><h6>\u00a0<\/h6><div><strong>\u00a0\u00a0<\/strong><\/div>\t\t\t\t\t<\/div>\n\t\t\t\t\t\t<\/div>\n\t\t\t\t<\/div>\n\t\t\t\t\t\t<\/div>\n\t\t\t\t\t<\/div>\n\t\t<\/div>\n\t\t\t\t\t\t\t\t<\/div>\n\t\t\t\t\t<\/div>\n\t\t<\/section>\n\t\t\t\t\t\t<\/div>\n\t\t\t\t\t\t<\/div>\n\t\t\t\t\t<\/div>\n\t\t","protected":false},"excerpt":{"rendered":"<p>174 p\u00e1g. 14,8&#215;21 cm<\/p>\n<p>EL CAMINO DEL VEDANTA SEG\u00daN SHANKARA<br \/>\nSRI RAMAKRISHNAN SWAMIJI<br \/>\n\u201cDRAVIDACHARYA\u201d<\/p>\n<p>Colecci\u00f3n Advaita<\/p>\n<p>\u201c\u00daltima obra de Shankara en la que, a petici\u00f3n de<br \/>\nsus disc\u00edpulos, resume magistralmente el camino del<br \/>\nVedanta\u201d<\/p>\n<p>Traducci\u00f3n de Roberto Mall\u00f3n Fedriani<\/p>\n<p>Sri Ramakrishnan Swamiji Dravidacharya reside en la actua\ufffelidad en la m\u00edtica ciudad de Rishikesh (estado de Uttarakhand, India) situada en la ribera del Ganges y a los pies de los Himalayas. Si<br \/>\nbien su origen es la ciudad de Chennai, desde muy joven se dirigi\u00f3<br \/>\na Rishikesh en b\u00fasqueda del Conocimiento \u00daltimo. All\u00ed fue iniciado<br \/>\nen las ense\u00f1anzas del Vedanta Advaita por varios maestros tradi\ufffecionales. Entre ellos destacan Swami Shanti Dharmananda Sarasvati, que fue disc\u00edpulo de Swami Satyananda Sarasvati, quien, a su<br \/>\nvez, fue disc\u00edpulo del famoso Swami Sivananda.<\/p>\n<p>&nbsp;<\/p>\n","protected":false},"featured_media":842,"template":"elementor_header_footer","meta":{"_mi_skip_tracking":false,"_monsterinsights_sitenote_active":false,"_monsterinsights_sitenote_note":"","_monsterinsights_sitenote_category":0},"_links":{"self":[{"href":"https:\/\/edicionesvia.com\/index.php\/wp-json\/wp\/v2\/product\/841"}],"collection":[{"href":"https:\/\/edicionesvia.com\/index.php\/wp-json\/wp\/v2\/product"}],"about":[{"href":"https:\/\/edicionesvia.com\/index.php\/wp-json\/wp\/v2\/types\/product"}],"version-history":[{"count":4,"href":"https:\/\/edicionesvia.com\/index.php\/wp-json\/wp\/v2\/product\/841\/revisions"}],"predecessor-version":[{"id":975,"href":"https:\/\/edicionesvia.com\/index.php\/wp-json\/wp\/v2\/product\/841\/revisions\/975"}],"wp:featuredmedia":[{"embeddable":true,"href":"https:\/\/edicionesvia.com\/index.php\/wp-json\/wp\/v2\/media\/842"}],"wp:attachment":[{"href":"https:\/\/edicionesvia.com\/index.php\/wp-json\/wp\/v2\/media?parent=841"}],"curies":[{"name":"wp","href":"https:\/\/api.w.org\/{rel}","templated":true}]}}