{"id":81,"date":"2019-03-06T13:28:45","date_gmt":"2019-03-06T12:28:45","guid":{"rendered":"https:\/\/edicionesvia.com\/?post_type=product&#038;p=81"},"modified":"2020-09-21T12:53:47","modified_gmt":"2020-09-21T11:53:47","slug":"el-unico-deseo","status":"publish","type":"product","link":"https:\/\/edicionesvia.com\/index.php\/product\/el-unico-deseo\/","title":{"rendered":"EL \u00daNICO DESEO"},"content":{"rendered":"\t\t<div data-elementor-type=\"product-post\" data-elementor-id=\"81\" class=\"elementor elementor-81\" data-elementor-settings=\"[]\">\n\t\t\t\t\t\t<div class=\"elementor-inner\">\n\t\t\t\t\t\t\t<div class=\"elementor-section-wrap\">\n\t\t\t\t\t\t\t<section class=\"elementor-section elementor-top-section elementor-element elementor-element-c65b131 elementor-section-boxed elementor-section-height-default elementor-section-height-default\" data-id=\"c65b131\" data-element_type=\"section\">\n\t\t\t\t\t\t<div class=\"elementor-container elementor-column-gap-default\">\n\t\t\t\t\t\t\t<div class=\"elementor-row\">\n\t\t\t\t\t<div class=\"elementor-column elementor-col-50 elementor-top-column elementor-element elementor-element-8add3c8\" data-id=\"8add3c8\" data-element_type=\"column\">\n\t\t\t<div class=\"elementor-column-wrap elementor-element-populated\">\n\t\t\t\t\t\t\t<div class=\"elementor-widget-wrap\">\n\t\t\t\t\t\t<div class=\"elementor-element elementor-element-bb14207 elementor-widget-divider--view-line elementor-widget elementor-widget-divider\" data-id=\"bb14207\" data-element_type=\"widget\" data-widget_type=\"divider.default\">\n\t\t\t\t<div class=\"elementor-widget-container\">\n\t\t\t\t\t<div class=\"elementor-divider\">\n\t\t\t<span class=\"elementor-divider-separator\">\n\t\t\t\t\t\t<\/span>\n\t\t<\/div>\n\t\t\t\t<\/div>\n\t\t\t\t<\/div>\n\t\t\t\t<div class=\"elementor-element elementor-element-b5b8590 elementor-widget elementor-widget-image\" data-id=\"b5b8590\" data-element_type=\"widget\" data-widget_type=\"image.default\">\n\t\t\t\t<div class=\"elementor-widget-container\">\n\t\t\t\t\t\t\t\t<div class=\"elementor-image\">\n\t\t\t\t\t\t\t\t\t\t\t\t<img src=\"https:\/\/edicionesvia.com\/wp-content\/uploads\/elementor\/thumbs\/Cubierta-eric-ULTIMA-dia-21-3-en-blanco-oe6p0wx2qo98pi0sxuxzmpffiy8bmxj74prro67ns0.jpg\" title=\"Cubierta eric ULTIMA dia 21 3 en blanco\" alt=\"Cubierta eric ULTIMA dia 21 3 en blanco\" \/>\t\t\t\t\t\t\t\t\t\t\t\t\t\t<\/div>\n\t\t\t\t\t\t<\/div>\n\t\t\t\t<\/div>\n\t\t\t\t<div class=\"elementor-element elementor-element-2500165 elementor-widget elementor-widget-heading\" data-id=\"2500165\" data-element_type=\"widget\" data-widget_type=\"heading.default\">\n\t\t\t\t<div class=\"elementor-widget-container\">\n\t\t\t<h3 class=\"elementor-heading-title elementor-size-default\">300 p\u00e1ginas - 20 \u20ac<\/h3>\t\t<\/div>\n\t\t\t\t<\/div>\n\t\t\t\t<div class=\"elementor-element elementor-element-9da9f21 elementor-align-center elementor-widget elementor-widget-wc-add-to-cart\" data-id=\"9da9f21\" data-element_type=\"widget\" data-widget_type=\"wc-add-to-cart.default\">\n\t\t\t\t<div class=\"elementor-widget-container\">\n\t\t\t\t\t<div class=\"elementor-button-wrapper\">\n\t\t\t<a rel=\"nofollow\" href=\"?add-to-cart=81\" data-quantity=\"1\" data-product_id=\"81\" class=\"product_type_simple add_to_cart_button ajax_add_to_cart elementor-button elementor-size-sm\" role=\"button\">\n\t\t\t\t\t\t<span class=\"elementor-button-content-wrapper\">\n\t\t\t\t\t\t<span class=\"elementor-button-icon elementor-align-icon-left\">\n\t\t\t\t<i aria-hidden=\"true\" class=\"fas fa-shopping-cart\"><\/i>\t\t\t<\/span>\n\t\t\t\t\t\t<span class=\"elementor-button-text\">A\u00f1adir al carro<\/span>\n\t\t<\/span>\n\t\t\t\t\t<\/a>\n\t\t<\/div>\n\t\t\t\t<\/div>\n\t\t\t\t<\/div>\n\t\t\t\t<div class=\"elementor-element elementor-element-d2438f6 elementor-menu-cart--items-indicator-plain toggle-icon--cart-medium elementor-menu-cart--show-subtotal-yes elementor-menu-cart--cart-type-side-cart elementor-menu-cart--show-remove-button-yes elementor-widget elementor-widget-woocommerce-menu-cart\" data-id=\"d2438f6\" data-element_type=\"widget\" data-settings=\"{&quot;cart_type&quot;:&quot;side-cart&quot;,&quot;open_cart&quot;:&quot;click&quot;,&quot;automatically_open_cart&quot;:&quot;no&quot;}\" data-widget_type=\"woocommerce-menu-cart.default\">\n\t\t\t\t<div class=\"elementor-widget-container\">\n\t\t\t\t\t<div class=\"elementor-menu-cart__wrapper\">\n\t\t\t\t\t\t\t<div class=\"elementor-menu-cart__toggle_wrapper\">\n\t\t\t\t\t<div class=\"elementor-menu-cart__container elementor-lightbox\" aria-hidden=\"true\">\n\t\t\t\t\t\t<div class=\"elementor-menu-cart__main\" aria-hidden=\"true\">\n\t\t\t\t\t\t\t<div class=\"elementor-menu-cart__close-button\"><\/div>\n\t\t\t\t\t\t\t<div class=\"widget_shopping_cart_content\">\n\t\t\t\t\t\t\t\t\t<div class=\"woocommerce-mini-cart__empty-message\">No hay productos en el carrito.<\/div>\n\t\t\t\t\t\t\t<\/div>\n\t\t\t\t\t\t<\/div>\n\t\t\t\t\t<\/div>\n\t\t\t\t\t\t\t<div class=\"elementor-menu-cart__toggle elementor-button-wrapper\">\n\t\t\t<a id=\"elementor-menu-cart__toggle_button\" href=\"#\" class=\"elementor-menu-cart__toggle_button elementor-button elementor-size-sm\" aria-expanded=\"false\">\n\t\t\t\t<span class=\"elementor-button-text\"><span class=\"woocommerce-Price-amount amount\"><span class=\"woocommerce-Price-currencySymbol\">&euro;<\/span>0.00<\/span><\/span>\n\t\t\t\t<span class=\"elementor-button-icon\" data-counter=\"0\">\n\t\t\t\t\t<i class=\"eicon\"><\/i>\n\t\t\t\t\t<span class=\"elementor-screen-only\">Carrito<\/span>\n\t\t\t\t<\/span>\n\t\t\t<\/a>\n\t\t<\/div>\n\t\t\t\t\t\t<\/div>\n\t\t\t\t\t<\/div> <!-- close elementor-menu-cart__wrapper -->\n\t\t\t\t<\/div>\n\t\t\t\t<\/div>\n\t\t\t\t\t\t<\/div>\n\t\t\t\t\t<\/div>\n\t\t<\/div>\n\t\t\t\t<div class=\"elementor-column elementor-col-50 elementor-top-column elementor-element elementor-element-cc85c15\" data-id=\"cc85c15\" data-element_type=\"column\">\n\t\t\t<div class=\"elementor-column-wrap elementor-element-populated\">\n\t\t\t\t\t\t\t<div class=\"elementor-widget-wrap\">\n\t\t\t\t\t\t<div class=\"elementor-element elementor-element-575e14c elementor-widget-divider--view-line elementor-widget elementor-widget-divider\" data-id=\"575e14c\" data-element_type=\"widget\" data-widget_type=\"divider.default\">\n\t\t\t\t<div class=\"elementor-widget-container\">\n\t\t\t\t\t<div class=\"elementor-divider\">\n\t\t\t<span class=\"elementor-divider-separator\">\n\t\t\t\t\t\t<\/span>\n\t\t<\/div>\n\t\t\t\t<\/div>\n\t\t\t\t<\/div>\n\t\t\t\t<div class=\"elementor-element elementor-element-7d104fc elementor-widget elementor-widget-text-editor\" data-id=\"7d104fc\" data-element_type=\"widget\" data-widget_type=\"text-editor.default\">\n\t\t\t\t<div class=\"elementor-widget-container\">\n\t\t\t\t\t\t\t\t<div class=\"elementor-text-editor elementor-clearfix\">\n\t\t\t\t<p><span style=\"color: #333333;\"><strong>\u00a0EL \u00daNICO DESEO &#8211; En la desnudez de los Tantra<\/strong><\/span><\/p><p><span style=\"color: #333333;\"><strong><em>\u00a0 Autor: \u00c9ric Baret<\/em><\/strong><\/span><\/p><p><span style=\"color: #333333;\">\u00a0 \u00a0 \u00a0 \u00a0 \u00a0 Sin ning\u00fan tipo de t\u00edtulo o cultura, \u00c9ric Baret no tiene ninguna competencia especial. Los libros de \u00c9ric Baret tienen, entre otros m\u00e9ritos, el de estimular nuestra lucidez, mortificar nuestra pretensi\u00f3n, dirigir de nuevo la mirada \u2013 que siempre tiende a huir hacia las alturas y lejan\u00edas &#8211; de vuelta a la cruda luz del instante, a la realidad cotidiana, al sentir inmediato, sin dejar al ego tiempo de nombrar y clasificar la experiencia seg\u00fan sus criterios habituales: agradable-desagradable, bien-mal, ganancia-p\u00e9rdida, \u00e9xito-fracaso.<\/span><\/p><p><span style=\"color: #333333;\">\u00a0 \u00a0 \u00a0 \u00a0 \u00a0 \u00a0Estamos en presencia de la obra de uno de los m\u00e1ximos exponentes del Tantrismo \u201cvivo\u201d en Occidente.<\/span><\/p><p><span style=\"color: #333333;\">\u00a0 \u00a0 \u00a0 \u00a0 \u00a0 Extracto del \u00cdndice:\u00a0 \u00a0 Creatividad y libertad\u00a0 \u00a0 \u00bfQu\u00e9 es el tantrismo?\u00a0 \u00a0 No busque una vida f\u00e1cil\u00a0 \u00a0 El pensamiento no puede abordar lo impensable\u00a0 \u00a0 Una mente libre\u00a0 \u00a0 La nostalgia del Ser\u00a0 \u00a0 El incre\u00edble gato\u00a0 \u00a0 El yoga es una plegaria<\/span><\/p><p><span style=\"color: #333333;\">\u00a0 \u00a0 \u00a0<\/span><\/p>\t\t\t\t\t<\/div>\n\t\t\t\t\t\t<\/div>\n\t\t\t\t<\/div>\n\t\t\t\t\t\t<\/div>\n\t\t\t\t\t<\/div>\n\t\t<\/div>\n\t\t\t\t\t\t\t\t<\/div>\n\t\t\t\t\t<\/div>\n\t\t<\/section>\n\t\t\t\t<section class=\"elementor-section elementor-top-section elementor-element elementor-element-60ec119 elementor-section-boxed elementor-section-height-default elementor-section-height-default\" data-id=\"60ec119\" data-element_type=\"section\">\n\t\t\t\t\t\t<div class=\"elementor-container elementor-column-gap-default\">\n\t\t\t\t\t\t\t<div class=\"elementor-row\">\n\t\t\t\t\t<div class=\"elementor-column elementor-col-100 elementor-top-column elementor-element elementor-element-62c4a71\" data-id=\"62c4a71\" data-element_type=\"column\">\n\t\t\t<div class=\"elementor-column-wrap elementor-element-populated\">\n\t\t\t\t\t\t\t<div class=\"elementor-widget-wrap\">\n\t\t\t\t\t\t<div class=\"elementor-element elementor-element-76ed90e elementor-widget-divider--view-line elementor-widget elementor-widget-divider\" data-id=\"76ed90e\" data-element_type=\"widget\" data-widget_type=\"divider.default\">\n\t\t\t\t<div class=\"elementor-widget-container\">\n\t\t\t\t\t<div class=\"elementor-divider\">\n\t\t\t<span class=\"elementor-divider-separator\">\n\t\t\t\t\t\t<\/span>\n\t\t<\/div>\n\t\t\t\t<\/div>\n\t\t\t\t<\/div>\n\t\t\t\t\t\t<\/div>\n\t\t\t\t\t<\/div>\n\t\t<\/div>\n\t\t\t\t\t\t\t\t<\/div>\n\t\t\t\t\t<\/div>\n\t\t<\/section>\n\t\t\t\t<section class=\"elementor-section elementor-top-section elementor-element elementor-element-507dc4e elementor-section-boxed elementor-section-height-default elementor-section-height-default\" data-id=\"507dc4e\" data-element_type=\"section\">\n\t\t\t\t\t\t<div class=\"elementor-container elementor-column-gap-default\">\n\t\t\t\t\t\t\t<div class=\"elementor-row\">\n\t\t\t\t\t<div class=\"elementor-column elementor-col-100 elementor-top-column elementor-element elementor-element-a3867be\" data-id=\"a3867be\" data-element_type=\"column\">\n\t\t\t<div class=\"elementor-column-wrap elementor-element-populated\">\n\t\t\t\t\t\t\t<div class=\"elementor-widget-wrap\">\n\t\t\t\t\t\t<div class=\"elementor-element elementor-element-73b93b0 elementor-widget elementor-widget-text-editor\" data-id=\"73b93b0\" data-element_type=\"widget\" data-widget_type=\"text-editor.default\">\n\t\t\t\t<div class=\"elementor-widget-container\">\n\t\t\t\t\t\t\t\t<div class=\"elementor-text-editor elementor-clearfix\">\n\t\t\t\t<p><span style=\"color: #333333;\">UNA OBSERVACI\u00d3N CIENT\u00cdFICA<\/span><\/p><p><span style=\"color: #333333;\">\u00a0 \u00a0 \u00a0 \u00a0 \u00a0 \u00abMuestra\u00a0 gratitud a tu contento o a tu descontento si es \u00fanicamente para Dios para quien has trabajado\u00bb.\u00a0<\/span><\/p><p><span style=\"color: #333333;\">Jean\u00a0Tauler, Serm\u00f3n para el 11\u00ba domingo despu\u00e9s de la Trinidad.\u00a0<\/span><\/p><p><span style=\"color: #333333;\">\u00a0 \u00a0 \u00a0 \u00a0 \u00a0 \u00bb A menudo, usted dice\u00a0 que nunca hay que pedir algo a alguien. Pero cuando las cosas no van bien, pedir ayuda a alguien puede hacer bien. Por otra parte no pedir nunca nada \u00bfno puede ser a veces una forma de orgullo, de afirmaci\u00f3n del ego?<\/span><\/p><p><span style=\"color: #333333;\">\u00a0 \u00a0 \u00a0 \u00a0 \u00a0 \u00a0 Si no pedir fuera elevado al rango de principio, entonces s\u00ed, por supuesto. Dese cuenta de que lo que usted pide a alguien, es su propia tranquilidad. Esto nadie puede d\u00e1rselo. Puede preguntar la hora. Si ya no tiene para comer, puede pedir algo de dinero en la calle. Si necesita expresar ciertas dificultades, puede pedirle a alguien que le escuche\u2026 En ello no hay ning\u00fan problema. Pero buscar resolver lo que es esencial, pensar que una relaci\u00f3n humana le va a llenar, no es realizable.\u00a0 \u00a0 \u00a0Le puede pedir a un compa\u00f1ero de combate pelear con \u00e9l, le puede pedir a alguien que juegue al tenis con usted, pero sin expectativas en cuanto a lo esencial. La persona dice s\u00ed o no, usted registra la respuesta, es lo mismo. Pero si le pide a una mujer, a un hombre, a un gur\u00fa, a una ense\u00f1anza espiritual, a una actividad o a un barco que le d\u00e9 lo que usted busca, es decir satisfacci\u00f3n, su fracaso est\u00e1 garantizado. Podemos pedir, pero cuando no tenemos necesidad de ayuda. Desde un punto de vista fisiol\u00f3gico, usted tiene raz\u00f3n. Si se rompe la pierna y no sabe hacer un vendaje correctamente, se lo va a pedir a alguien que sepa hacerlo. Pensaba en un apoyo afectivo puntual\u2026\u00a0 \u00a0Si atraviesa un momento dif\u00edcil, es leg\u00edtimo pedirle a un amigo que le ayude. Pero pedir algo m\u00e1s que una ayuda puntual, es decir pensar que una situaci\u00f3n, que algo puede conducirle a una autonom\u00eda afectiva, proviene de una falta de visi\u00f3n. La expresi\u00f3n \u201cnada que pedir\u201d, la empleamos frecuentemente cuando hablamos de relaciones amorosas. Cuando le pide algo a su c\u00f3nyuge, al principio usted est\u00e1 siempre insatisfecho, despu\u00e9s siempre hay una forma de opacidad. Si queremos vivir relaciones armoniosas, no se trata de prohibirse pedir; simplemente, en un momento dado, no pedimos nada. Y en ese momento es cuando la relaci\u00f3n encuentra verdaderamente su equilibrio. No hay nada que pedir a su entorno, ni a sus hijos, ni a sus padres, ni a sus amigos. Cuando no pide nada, tiene una relaci\u00f3n profunda con lo que le rodea. Mientras esperamos algo de nuestros padres,\u00a0 de nuestros hijos, no podemos escucharles. Si\u00a0 esperamos algo de nuestro c\u00f3nyuge, de la pr\u00f3xima relaci\u00f3n afectiva, no podemos escuchar lo que vibra profundamente en nosotros. La expresi\u00f3n \u201cno hay que pedir nunca nada\u201d es desafortunada. \u00danicamente podemos decir que, cuando hay madurez, la necesidad de pedir desaparece. Un ni\u00f1o pide ciertas cosas; m\u00e1s tarde, pide menos\u00bb.<\/span><\/p><p><span style=\"color: #333333;\">Extracto del texto.<\/span><\/p>\t\t\t\t\t<\/div>\n\t\t\t\t\t\t<\/div>\n\t\t\t\t<\/div>\n\t\t\t\t\t\t<\/div>\n\t\t\t\t\t<\/div>\n\t\t<\/div>\n\t\t\t\t\t\t\t\t<\/div>\n\t\t\t\t\t<\/div>\n\t\t<\/section>\n\t\t\t\t\t\t<\/div>\n\t\t\t\t\t\t<\/div>\n\t\t\t\t\t<\/div>\n\t\t","protected":false},"excerpt":{"rendered":"<p>300 p\u00e1ginas &#8211; 20 \u20ac A\u00f1adir al carro \u00a0EL \u00daNICO DESEO &#8211; En la desnudez de los Tantra \u00a0 Autor: \u00c9ric Baret Sin ning\u00fan tipo de t\u00edtulo o cultura, \u00c9ric Baret no tiene ninguna competencia especial. Los libros de \u00c9ric Baret tienen, entre otros m\u00e9ritos, el de estimular nuestra lucidez, mortificar nuestra pretensi\u00f3n, dirigir de &#8230; <a title=\"EL \u00daNICO DESEO\" class=\"read-more\" href=\"https:\/\/edicionesvia.com\/index.php\/product\/el-unico-deseo\/\">Read more<\/a><\/p>\n","protected":false},"featured_media":0,"template":"elementor_header_footer","meta":{"_mi_skip_tracking":false,"_monsterinsights_sitenote_active":false,"_monsterinsights_sitenote_note":"","_monsterinsights_sitenote_category":0},"_links":{"self":[{"href":"https:\/\/edicionesvia.com\/index.php\/wp-json\/wp\/v2\/product\/81"}],"collection":[{"href":"https:\/\/edicionesvia.com\/index.php\/wp-json\/wp\/v2\/product"}],"about":[{"href":"https:\/\/edicionesvia.com\/index.php\/wp-json\/wp\/v2\/types\/product"}],"version-history":[{"count":7,"href":"https:\/\/edicionesvia.com\/index.php\/wp-json\/wp\/v2\/product\/81\/revisions"}],"predecessor-version":[{"id":1008,"href":"https:\/\/edicionesvia.com\/index.php\/wp-json\/wp\/v2\/product\/81\/revisions\/1008"}],"wp:attachment":[{"href":"https:\/\/edicionesvia.com\/index.php\/wp-json\/wp\/v2\/media?parent=81"}],"curies":[{"name":"wp","href":"https:\/\/api.w.org\/{rel}","templated":true}]}}