{"id":4399,"date":"2026-03-26T13:15:42","date_gmt":"2026-03-26T12:15:42","guid":{"rendered":"https:\/\/edicionesvia.com\/?post_type=product&#038;p=4399"},"modified":"2026-03-26T13:57:59","modified_gmt":"2026-03-26T12:57:59","slug":"la-busqueda-del-absoluto","status":"publish","type":"product","link":"https:\/\/edicionesvia.com\/index.php\/product\/la-busqueda-del-absoluto\/","title":{"rendered":"LA B\u00daSQUEDA DEL ABSOLUTO"},"content":{"rendered":"\t\t<div data-elementor-type=\"product-post\" data-elementor-id=\"4399\" class=\"elementor elementor-4399\" data-elementor-settings=\"[]\">\n\t\t\t\t\t\t<div class=\"elementor-inner\">\n\t\t\t\t\t\t\t<div class=\"elementor-section-wrap\">\n\t\t\t\t\t\t\t<section class=\"elementor-section elementor-top-section elementor-element elementor-element-5af430b elementor-section-boxed elementor-section-height-default elementor-section-height-default\" data-id=\"5af430b\" data-element_type=\"section\">\n\t\t\t\t\t\t<div class=\"elementor-container elementor-column-gap-default\">\n\t\t\t\t\t\t\t<div class=\"elementor-row\">\n\t\t\t\t\t<div class=\"elementor-column elementor-col-33 elementor-top-column elementor-element elementor-element-db9fc78\" data-id=\"db9fc78\" data-element_type=\"column\">\n\t\t\t<div class=\"elementor-column-wrap elementor-element-populated\">\n\t\t\t\t\t\t\t<div class=\"elementor-widget-wrap\">\n\t\t\t\t\t\t<div class=\"elementor-element elementor-element-01421ad elementor-widget-divider--view-line elementor-widget elementor-widget-divider\" data-id=\"01421ad\" data-element_type=\"widget\" data-widget_type=\"divider.default\">\n\t\t\t\t<div class=\"elementor-widget-container\">\n\t\t\t\t\t<div class=\"elementor-divider\">\n\t\t\t<span class=\"elementor-divider-separator\">\n\t\t\t\t\t\t<\/span>\n\t\t<\/div>\n\t\t\t\t<\/div>\n\t\t\t\t<\/div>\n\t\t\t\t<div class=\"elementor-element elementor-element-d17800a elementor-widget elementor-widget-image\" data-id=\"d17800a\" data-element_type=\"widget\" data-widget_type=\"image.default\">\n\t\t\t\t<div class=\"elementor-widget-container\">\n\t\t\t\t\t\t\t\t<div class=\"elementor-image\">\n\t\t\t\t\t\t\t\t\t\t\t\t\t<a href=\"https:\/\/edicionesvia.com\/index.php\/product\/la-busqueda-del-absoluto\/\">\n\t\t\t\t\t\t\t<img src=\"https:\/\/edicionesvia.com\/wp-content\/uploads\/elementor\/thumbs\/9791399101331-scaled-rl2rjy5gwp8pj4vo4ut67axeqzzmbqp037zg288e8w.jpg\" title=\"9791399101331\" alt=\"9791399101331\" \/>\t\t\t\t\t\t\t\t<\/a>\n\t\t\t\t\t\t\t\t\t\t\t\t\t\t<\/div>\n\t\t\t\t\t\t<\/div>\n\t\t\t\t<\/div>\n\t\t\t\t<div class=\"elementor-element elementor-element-32681f1 elementor-widget elementor-widget-heading\" data-id=\"32681f1\" data-element_type=\"widget\" data-widget_type=\"heading.default\">\n\t\t\t\t<div class=\"elementor-widget-container\">\n\t\t\t<h3 class=\"elementor-heading-title elementor-size-default\"><a href=\"https:\/\/edicionesvia.com\/index.php\/product\/la-busqueda-del-absoluto\/\">150 P\u00e1g.     17\u20ac<\/a><\/h3>\t\t<\/div>\n\t\t\t\t<\/div>\n\t\t\t\t<div class=\"elementor-element elementor-element-85e9bb5 elementor-align-center elementor-widget elementor-widget-wc-add-to-cart\" data-id=\"85e9bb5\" data-element_type=\"widget\" data-widget_type=\"wc-add-to-cart.default\">\n\t\t\t\t<div class=\"elementor-widget-container\">\n\t\t\t\t\t<div class=\"elementor-button-wrapper\">\n\t\t\t<a rel=\"nofollow\" href=\"?add-to-cart=4399\" data-quantity=\"1\" data-product_id=\"4399\" class=\"product_type_simple add_to_cart_button ajax_add_to_cart elementor-button elementor-size-sm\" role=\"button\">\n\t\t\t\t\t\t<span class=\"elementor-button-content-wrapper\">\n\t\t\t\t\t\t<span class=\"elementor-button-icon elementor-align-icon-left\">\n\t\t\t\t<i aria-hidden=\"true\" class=\"fas fa-shopping-cart\"><\/i>\t\t\t<\/span>\n\t\t\t\t\t\t<span class=\"elementor-button-text\">A\u00f1adir al carro<\/span>\n\t\t<\/span>\n\t\t\t\t\t<\/a>\n\t\t<\/div>\n\t\t\t\t<\/div>\n\t\t\t\t<\/div>\n\t\t\t\t<div class=\"elementor-element elementor-element-c410648 elementor-menu-cart--items-indicator-plain toggle-icon--cart-medium elementor-menu-cart--show-subtotal-yes elementor-menu-cart--cart-type-side-cart elementor-menu-cart--show-remove-button-yes elementor-widget elementor-widget-woocommerce-menu-cart\" data-id=\"c410648\" data-element_type=\"widget\" data-settings=\"{&quot;cart_type&quot;:&quot;side-cart&quot;,&quot;open_cart&quot;:&quot;click&quot;,&quot;automatically_open_cart&quot;:&quot;no&quot;}\" data-widget_type=\"woocommerce-menu-cart.default\">\n\t\t\t\t<div class=\"elementor-widget-container\">\n\t\t\t\t\t<div class=\"elementor-menu-cart__wrapper\">\n\t\t\t\t\t\t\t<div class=\"elementor-menu-cart__toggle_wrapper\">\n\t\t\t\t\t<div class=\"elementor-menu-cart__container elementor-lightbox\" aria-hidden=\"true\">\n\t\t\t\t\t\t<div class=\"elementor-menu-cart__main\" aria-hidden=\"true\">\n\t\t\t\t\t\t\t<div class=\"elementor-menu-cart__close-button\"><\/div>\n\t\t\t\t\t\t\t<div class=\"widget_shopping_cart_content\">\n\t\t\t\t\t\t\t\t\t<div class=\"woocommerce-mini-cart__empty-message\">No hay productos en el carrito.<\/div>\n\t\t\t\t\t\t\t<\/div>\n\t\t\t\t\t\t<\/div>\n\t\t\t\t\t<\/div>\n\t\t\t\t\t\t\t<div class=\"elementor-menu-cart__toggle elementor-button-wrapper\">\n\t\t\t<a id=\"elementor-menu-cart__toggle_button\" href=\"#\" class=\"elementor-menu-cart__toggle_button elementor-button elementor-size-sm\" aria-expanded=\"false\">\n\t\t\t\t<span class=\"elementor-button-text\"><span class=\"woocommerce-Price-amount amount\"><span class=\"woocommerce-Price-currencySymbol\">&euro;<\/span>0.00<\/span><\/span>\n\t\t\t\t<span class=\"elementor-button-icon\" data-counter=\"0\">\n\t\t\t\t\t<i class=\"eicon\"><\/i>\n\t\t\t\t\t<span class=\"elementor-screen-only\">Carrito<\/span>\n\t\t\t\t<\/span>\n\t\t\t<\/a>\n\t\t<\/div>\n\t\t\t\t\t\t<\/div>\n\t\t\t\t\t<\/div> <!-- close elementor-menu-cart__wrapper -->\n\t\t\t\t<\/div>\n\t\t\t\t<\/div>\n\t\t\t\t\t\t<\/div>\n\t\t\t\t\t<\/div>\n\t\t<\/div>\n\t\t\t\t<div class=\"elementor-column elementor-col-66 elementor-top-column elementor-element elementor-element-dbd25f7\" data-id=\"dbd25f7\" data-element_type=\"column\">\n\t\t\t<div class=\"elementor-column-wrap elementor-element-populated\">\n\t\t\t\t\t\t\t<div class=\"elementor-widget-wrap\">\n\t\t\t\t\t\t<div class=\"elementor-element elementor-element-ff6dc4f elementor-widget-divider--view-line elementor-widget elementor-widget-divider\" data-id=\"ff6dc4f\" data-element_type=\"widget\" data-widget_type=\"divider.default\">\n\t\t\t\t<div class=\"elementor-widget-container\">\n\t\t\t\t\t<div class=\"elementor-divider\">\n\t\t\t<span class=\"elementor-divider-separator\">\n\t\t\t\t\t\t<\/span>\n\t\t<\/div>\n\t\t\t\t<\/div>\n\t\t\t\t<\/div>\n\t\t\t\t<div class=\"elementor-element elementor-element-74b6cda elementor-widget elementor-widget-text-editor\" data-id=\"74b6cda\" data-element_type=\"widget\" data-widget_type=\"text-editor.default\">\n\t\t\t\t<div class=\"elementor-widget-container\">\n\t\t\t\t\t\t\t\t<div class=\"elementor-text-editor elementor-clearfix\">\n\t\t\t\t<h1 style=\"text-align: center;\"><span style=\"color: #ff6600;\"><strong>\u00a0<span style=\"color: #993300;\">LA B\u00daSQUEDA DEL ABSOLUTO<\/span><\/strong><\/span><\/h1><h2 style=\"text-align: center;\"><span style=\"color: #993300;\"><strong>Escritos y ense\u00f1anzas de R\u00e2mana Mah\u00e2rshi y Shankara<\/strong><\/span><\/h2><h3 style=\"text-align: right;\"><span style=\"color: #993300;\">Patrick Mandala<\/span><\/h3><p>\u00a0 \u00a0 \u00a0 \u00a0 \u00a0 \u00a0 Este libro, La B\u00fasqueda del Ser, te hablar\u00e1 de un linaje espiritual y de su camino directo, o no-dualidad, a trav\u00e9s de los escritos y palabras de estos dos \u00abGrandes\u00bb, R\u00e1mana Mah\u00e1rshi (1879-1950) y su \u00abantecesor espiritual\u00bb Shankar\u00e1ch\u00e1rya (700\/732- \u00f3 bien 788\/820)<\/p><p>\u00a0 \u00a0 \u00a0 \u00a0 \u00a0 \u00a0 Hay muchas \u00abcorrespondencias\u00bb entre ellos y sus doctrinas, ya sea con el poder de ilusi\u00f3n de Maya, el mundo y su impermanencia e irrealidad (visto como Brahm\u00e1n), la servidumbre, la Realidad, la realizaci\u00f3n del Absoluto, de la igualdad de Brahm\u00e1n y Atman, los cinco cuerpos que cubren el S\u00ed mismo, la b\u00fasqueda y el conocimiento del S\u00ed mismo, hasta cierto punto la doctrina de Gaudap\u00e1da (siglo VII) de Aj\u00e1ta-v\u00e1da, que niega la existencia de toda manifestaci\u00f3n, etc, son los temas principales de ambos, como veremos en este libro. Las palabras de Shankara se converti-r\u00edan en las de R\u00e1mana diez siglos m\u00e1s tarde:<\/p><p style=\"text-align: center;\"><em>\u00abYo soy Brahm\u00e1n. Yo soy el Todo. <\/em><br \/><em>Soy puro. Despierto. <\/em><br \/><em>Nacido de la nada. <\/em><br \/><em>El principio eterno de la conciencia. <\/em><br \/><em>Sin atributos. <\/em><br \/><em>El Uno-sin-segundo. <\/em><br \/><em>Ni existo ni no existo, <\/em><br \/><em>o ambos. <\/em><br \/><em>Quien ha alcanzado este Conocimiento supremo <\/em><br \/><em>es un Perfecto: un verdadero yogui\u00bb.<\/em> <\/p><p>\u00a0 \u00a0 \u00a0 \u00a0<\/p><p>\u00a0 \u00a0 \u00a0<\/p><h1>\u00a0 \u00a0 \u00a0\u00a0<\/h1><p><span style=\"color: #333333;\">\u00a0 \u00a0 \u00a0 \u00a0 \u00a0 \u00a0\u00a0<\/span><\/p>\t\t\t\t\t<\/div>\n\t\t\t\t\t\t<\/div>\n\t\t\t\t<\/div>\n\t\t\t\t\t\t<\/div>\n\t\t\t\t\t<\/div>\n\t\t<\/div>\n\t\t\t\t\t\t\t\t<\/div>\n\t\t\t\t\t<\/div>\n\t\t<\/section>\n\t\t\t\t\t\t<\/div>\n\t\t\t\t\t\t<\/div>\n\t\t\t\t\t<\/div>\n\t\t","protected":false},"excerpt":{"rendered":"<h2>LA B\u00daSQUEDA DEL ABSOLUTO<\/h2>\n<h2>Escritos y ense\u00f1anzas de Ramana Maharshi y Shankara<\/h2>\n<h4><strong>Patrick Mandala<\/strong><\/h4>\n<p>Este libro, La B\u00fasqueda del Ser, te hablar\u00e1 de un linaje espiritual y de su camino directo, o no-dualidad, a trav\u00e9s de los escritos y palabras de estos dos \u00abGrandes\u00bb, R\u00e1mana Mah\u00e1rshi (1879-1950) y su \u00abantecesor espiritual\u00bb Shankar\u00e1ch\u00e1rya (700\/732- \u00f3 bien 788\/820)<\/p>\n<p>Hay muchas \u00abcorrespondencias\u00bb entre ellos y sus doctrinas, ya sea con el poder de ilusi\u00f3n de Maya, el mundo y su impermanencia e irrealidad (visto como Brahm\u00e1n), la servidumbre, la Realidad, la realizaci\u00f3n del Absoluto, de la igualdad de Brahm\u00e1n y Atman, los cinco cuerpos que cubren el S\u00ed mismo, la b\u00fasqueda y el conocimiento del S\u00ed mismo, hasta cierto punto la doctrina de Gaudap\u00e1da (siglo VII) de Aj\u00e1ta-v\u00e1da, que niega la existencia de toda manifestaci\u00f3n, etc, son los temas principales de ambos, como veremos en este libro. Las palabras de Shankara se convertir\u00edan en las de R\u00e1mana diez siglos m\u00e1s tarde:<\/p>\n<p><em>\u00abYo soy Brahm\u00e1n. Yo soy el Todo. <\/em><br \/>\n<em>Soy puro. Despierto. <\/em><br \/>\n<em>Nacido de la nada. <\/em><br \/>\n<em>El principio eterno de la conciencia. <\/em><br \/>\n<em>Sin atributos. <\/em><br \/>\n<em>El Uno-sin-segundo. <\/em><br \/>\n<em>Ni existo ni no existo, <\/em><br \/>\n<em>o ambos. <\/em><br \/>\n<em>Quien ha alcanzado este Conocimiento supremo <\/em><br \/>\n<em>es un Perfecto: un verdadero yogui\u00bb. <\/em><\/p>\n<p>&nbsp;<\/p>\n","protected":false},"featured_media":4400,"template":"elementor_header_footer","meta":{"_mi_skip_tracking":false,"_monsterinsights_sitenote_active":false,"_monsterinsights_sitenote_note":"","_monsterinsights_sitenote_category":0},"_links":{"self":[{"href":"https:\/\/edicionesvia.com\/index.php\/wp-json\/wp\/v2\/product\/4399"}],"collection":[{"href":"https:\/\/edicionesvia.com\/index.php\/wp-json\/wp\/v2\/product"}],"about":[{"href":"https:\/\/edicionesvia.com\/index.php\/wp-json\/wp\/v2\/types\/product"}],"version-history":[{"count":16,"href":"https:\/\/edicionesvia.com\/index.php\/wp-json\/wp\/v2\/product\/4399\/revisions"}],"predecessor-version":[{"id":4416,"href":"https:\/\/edicionesvia.com\/index.php\/wp-json\/wp\/v2\/product\/4399\/revisions\/4416"}],"wp:featuredmedia":[{"embeddable":true,"href":"https:\/\/edicionesvia.com\/index.php\/wp-json\/wp\/v2\/media\/4400"}],"wp:attachment":[{"href":"https:\/\/edicionesvia.com\/index.php\/wp-json\/wp\/v2\/media?parent=4399"}],"curies":[{"name":"wp","href":"https:\/\/api.w.org\/{rel}","templated":true}]}}