{"id":4231,"date":"2026-01-21T13:15:21","date_gmt":"2026-01-21T12:15:21","guid":{"rendered":"https:\/\/edicionesvia.com\/?post_type=product&#038;p=4231"},"modified":"2026-01-21T13:46:19","modified_gmt":"2026-01-21T12:46:19","slug":"en-busca-de-los-hombres","status":"publish","type":"product","link":"https:\/\/edicionesvia.com\/index.php\/product\/en-busca-de-los-hombres\/","title":{"rendered":"EN BUSCA DE LOS HOMBRES"},"content":{"rendered":"\t\t<div data-elementor-type=\"product-post\" data-elementor-id=\"4231\" class=\"elementor elementor-4231\" data-elementor-settings=\"[]\">\n\t\t\t\t\t\t<div class=\"elementor-inner\">\n\t\t\t\t\t\t\t<div class=\"elementor-section-wrap\">\n\t\t\t\t\t\t\t<section class=\"elementor-section elementor-top-section elementor-element elementor-element-5af430b elementor-section-boxed elementor-section-height-default elementor-section-height-default\" data-id=\"5af430b\" data-element_type=\"section\">\n\t\t\t\t\t\t<div class=\"elementor-container elementor-column-gap-default\">\n\t\t\t\t\t\t\t<div class=\"elementor-row\">\n\t\t\t\t\t<div class=\"elementor-column elementor-col-33 elementor-top-column elementor-element elementor-element-db9fc78\" data-id=\"db9fc78\" data-element_type=\"column\">\n\t\t\t<div class=\"elementor-column-wrap elementor-element-populated\">\n\t\t\t\t\t\t\t<div class=\"elementor-widget-wrap\">\n\t\t\t\t\t\t<div class=\"elementor-element elementor-element-01421ad elementor-widget-divider--view-line elementor-widget elementor-widget-divider\" data-id=\"01421ad\" data-element_type=\"widget\" data-widget_type=\"divider.default\">\n\t\t\t\t<div class=\"elementor-widget-container\">\n\t\t\t\t\t<div class=\"elementor-divider\">\n\t\t\t<span class=\"elementor-divider-separator\">\n\t\t\t\t\t\t<\/span>\n\t\t<\/div>\n\t\t\t\t<\/div>\n\t\t\t\t<\/div>\n\t\t\t\t<div class=\"elementor-element elementor-element-d17800a elementor-widget elementor-widget-image\" data-id=\"d17800a\" data-element_type=\"widget\" data-widget_type=\"image.default\">\n\t\t\t\t<div class=\"elementor-widget-container\">\n\t\t\t\t\t\t\t\t<div class=\"elementor-image\">\n\t\t\t\t\t\t\t\t\t\t\t\t\t<a href=\"https:\/\/edicionesvia.com\/index.php\/product\/en-busca-de-los-hombres\/\">\n\t\t\t\t\t\t\t<img src=\"https:\/\/edicionesvia.com\/wp-content\/uploads\/elementor\/thumbs\/Portada-roberto-scaled-rhzd8t8wpq1g5a0d64yr3cujxcxz24ah8fx6qyr7s0.jpg\" title=\"Portada roberto\" alt=\"Portada roberto\" \/>\t\t\t\t\t\t\t\t<\/a>\n\t\t\t\t\t\t\t\t\t\t\t\t\t\t<\/div>\n\t\t\t\t\t\t<\/div>\n\t\t\t\t<\/div>\n\t\t\t\t<div class=\"elementor-element elementor-element-32681f1 elementor-widget elementor-widget-heading\" data-id=\"32681f1\" data-element_type=\"widget\" data-widget_type=\"heading.default\">\n\t\t\t\t<div class=\"elementor-widget-container\">\n\t\t\t<h3 class=\"elementor-heading-title elementor-size-default\"><a href=\"https:\/\/edicionesvia.com\/index.php\/product\/en-busca-de-los-hombres\">282 P\u00e1g.     20\u20ac<\/a><\/h3>\t\t<\/div>\n\t\t\t\t<\/div>\n\t\t\t\t<div class=\"elementor-element elementor-element-85e9bb5 elementor-align-center elementor-widget elementor-widget-wc-add-to-cart\" data-id=\"85e9bb5\" data-element_type=\"widget\" data-widget_type=\"wc-add-to-cart.default\">\n\t\t\t\t<div class=\"elementor-widget-container\">\n\t\t\t\t\t<div class=\"elementor-button-wrapper\">\n\t\t\t<a rel=\"nofollow\" href=\"?add-to-cart=4231\" data-quantity=\"1\" data-product_id=\"4231\" class=\"product_type_simple add_to_cart_button ajax_add_to_cart elementor-button elementor-size-sm\" role=\"button\">\n\t\t\t\t\t\t<span class=\"elementor-button-content-wrapper\">\n\t\t\t\t\t\t<span class=\"elementor-button-icon elementor-align-icon-left\">\n\t\t\t\t<i aria-hidden=\"true\" class=\"fas fa-shopping-cart\"><\/i>\t\t\t<\/span>\n\t\t\t\t\t\t<span class=\"elementor-button-text\">A\u00f1adir al carro<\/span>\n\t\t<\/span>\n\t\t\t\t\t<\/a>\n\t\t<\/div>\n\t\t\t\t<\/div>\n\t\t\t\t<\/div>\n\t\t\t\t<div class=\"elementor-element elementor-element-c410648 elementor-menu-cart--items-indicator-plain toggle-icon--cart-medium elementor-menu-cart--show-subtotal-yes elementor-menu-cart--cart-type-side-cart elementor-menu-cart--show-remove-button-yes elementor-widget elementor-widget-woocommerce-menu-cart\" data-id=\"c410648\" data-element_type=\"widget\" data-settings=\"{&quot;cart_type&quot;:&quot;side-cart&quot;,&quot;open_cart&quot;:&quot;click&quot;,&quot;automatically_open_cart&quot;:&quot;no&quot;}\" data-widget_type=\"woocommerce-menu-cart.default\">\n\t\t\t\t<div class=\"elementor-widget-container\">\n\t\t\t\t\t<div class=\"elementor-menu-cart__wrapper\">\n\t\t\t\t\t\t\t<div class=\"elementor-menu-cart__toggle_wrapper\">\n\t\t\t\t\t<div class=\"elementor-menu-cart__container elementor-lightbox\" aria-hidden=\"true\">\n\t\t\t\t\t\t<div class=\"elementor-menu-cart__main\" aria-hidden=\"true\">\n\t\t\t\t\t\t\t<div class=\"elementor-menu-cart__close-button\"><\/div>\n\t\t\t\t\t\t\t<div class=\"widget_shopping_cart_content\">\n\t\t\t\t\t\t\t\t\t<div class=\"woocommerce-mini-cart__empty-message\">No hay productos en el carrito.<\/div>\n\t\t\t\t\t\t\t<\/div>\n\t\t\t\t\t\t<\/div>\n\t\t\t\t\t<\/div>\n\t\t\t\t\t\t\t<div class=\"elementor-menu-cart__toggle elementor-button-wrapper\">\n\t\t\t<a id=\"elementor-menu-cart__toggle_button\" href=\"#\" class=\"elementor-menu-cart__toggle_button elementor-button elementor-size-sm\" aria-expanded=\"false\">\n\t\t\t\t<span class=\"elementor-button-text\"><span class=\"woocommerce-Price-amount amount\"><span class=\"woocommerce-Price-currencySymbol\">&euro;<\/span>0.00<\/span><\/span>\n\t\t\t\t<span class=\"elementor-button-icon\" data-counter=\"0\">\n\t\t\t\t\t<i class=\"eicon\"><\/i>\n\t\t\t\t\t<span class=\"elementor-screen-only\">Carrito<\/span>\n\t\t\t\t<\/span>\n\t\t\t<\/a>\n\t\t<\/div>\n\t\t\t\t\t\t<\/div>\n\t\t\t\t\t<\/div> <!-- close elementor-menu-cart__wrapper -->\n\t\t\t\t<\/div>\n\t\t\t\t<\/div>\n\t\t\t\t\t\t<\/div>\n\t\t\t\t\t<\/div>\n\t\t<\/div>\n\t\t\t\t<div class=\"elementor-column elementor-col-66 elementor-top-column elementor-element elementor-element-dbd25f7\" data-id=\"dbd25f7\" data-element_type=\"column\">\n\t\t\t<div class=\"elementor-column-wrap elementor-element-populated\">\n\t\t\t\t\t\t\t<div class=\"elementor-widget-wrap\">\n\t\t\t\t\t\t<div class=\"elementor-element elementor-element-ff6dc4f elementor-widget-divider--view-line elementor-widget elementor-widget-divider\" data-id=\"ff6dc4f\" data-element_type=\"widget\" data-widget_type=\"divider.default\">\n\t\t\t\t<div class=\"elementor-widget-container\">\n\t\t\t\t\t<div class=\"elementor-divider\">\n\t\t\t<span class=\"elementor-divider-separator\">\n\t\t\t\t\t\t<\/span>\n\t\t<\/div>\n\t\t\t\t<\/div>\n\t\t\t\t<\/div>\n\t\t\t\t<div class=\"elementor-element elementor-element-74b6cda elementor-widget elementor-widget-text-editor\" data-id=\"74b6cda\" data-element_type=\"widget\" data-widget_type=\"text-editor.default\">\n\t\t\t\t<div class=\"elementor-widget-container\">\n\t\t\t\t\t\t\t\t<div class=\"elementor-text-editor elementor-clearfix\">\n\t\t\t\t<h1 style=\"text-align: center;\"><span style=\"color: #ff6600;\"><strong>EN BUSCA DE LOS HOMBRES<\/strong><\/span><\/h1><h2 style=\"text-align: center;\"><span style=\"color: #ff6600;\"><strong>Ante los ojos de la Historia\u00a0<\/strong><\/span><\/h2><h3 style=\"text-align: center;\">\u00a0<\/h3><h3 style=\"text-align: center;\"><span style=\"color: #ff6600;\">Roberto Carlos Mir\u00e1s<\/span><\/h3><p>\u00a0<\/p><p>\u00a0 \u00a0 \u00a0 \u00a0\u00abEn busca de los hombres ante los ojos de la Historia es un libro que ofrece una visi\u00f3n clara y accesible sobre diferentes personajes que han tenido importancia en la historia y, sobre todo, en el mundo actual. El autor presenta una gran cantidad de datos y referencias para hablar de personas de distintos \u00e1mbitos, como el misterio, la filosof\u00eda, la pol\u00edtica y otros campos del pensamiento y la vida social.<br \/>A lo largo de la obra, el lector conoce qui\u00e9nes son estos personajes, cu\u00e1les son sus ideas y qu\u00e9 papel desempe\u00f1an en la sociedad. El libro muestra c\u00f3mo sus decisiones, opiniones y acciones influyen en la forma en que entendemos el presente. Con un lenguaje sencillo, el autor invita a reflexionar sobre el ser humano y su importancia en la historia, ayudando a comprender mejor el mundo en el que vivimos hoy.\u00bb<br \/>\u00a0 \u00a0 \u00a0 \u00a0Blanca Mart\u00edn<br \/>\u00a0 \u00a0 \u00a0 \u00a0Periodista y directora del programa de radio Misterios On Air<\/p><p>\u00a0 \u00a0 \u00a0 \u00a0\u201cEn un mundo donde las respuestas r\u00e1pidas eclipsan las preguntas esenciales, Roberto Carlos Mir\u00e1s se detiene a mirar, a escuchar, a indagar. Su obra es un viaje a trav\u00e9s de geograf\u00edas, lenguas, creencias y culturas, pero tambi\u00e9n una exploraci\u00f3n del alma humana y de sus contradicciones. Con una curiosidad inagotable y un enfoque abierto a saberes diversos \u2014del sufismo a la geopol\u00edtica, de las tradiciones ind\u00edgenas a los ecos de la filosof\u00eda universal\u2014, Mir\u00e1s traza un mapa fragmentado y esclarecedor de los hombres que han buscado comprender el mundo.<br \/>En busca de los hombres ante los ojos de la historia no es solo una s\u00edntesis de lecturas; es una invitaci\u00f3n a mirar m\u00e1s all\u00e1 de las apariencias, a preguntarse por el sentido de lo que hacemos y creemos. Consciente de que la verdad no es \u00fanica ni evidente, el autor ofrece m\u00e1s interrogantes que conclusiones. Y en ese gesto, tan profundamente humanista, reside la fuerza de este libro.\u201d<br \/>\u00a0 \u00a0 \u00a0 \u00a0Alberto de Frutos D\u00e1valos, <br \/>\u00a0 \u00a0 \u00a0 \u00a0Periodista y director de la revista Turismo Rural.<\/p><p>\u00a0 \u00a0 \u00a0<\/p><h1>\u00a0 \u00a0 \u00a0\u00a0<\/h1><p><span style=\"color: #333333;\">\u00a0 \u00a0 \u00a0 \u00a0 \u00a0 \u00a0\u00a0<\/span><\/p>\t\t\t\t\t<\/div>\n\t\t\t\t\t\t<\/div>\n\t\t\t\t<\/div>\n\t\t\t\t\t\t<\/div>\n\t\t\t\t\t<\/div>\n\t\t<\/div>\n\t\t\t\t\t\t\t\t<\/div>\n\t\t\t\t\t<\/div>\n\t\t<\/section>\n\t\t\t\t\t\t<\/div>\n\t\t\t\t\t\t<\/div>\n\t\t\t\t\t<\/div>\n\t\t","protected":false},"excerpt":{"rendered":"<h2>EN BUSCA DE LOS HOMBRES &#8211; Ante los ojos de la Historia<\/h2>\n<h4><strong>Roberto Carlos Mir\u00e1s<\/strong><\/h4>\n<p>\u00abEn busca de los hombres ante los ojos de la Historia es un libro que ofrece una visi\u00f3n clara y accesible sobre diferentes personajes que han tenido importancia en la historia y, sobre todo, en el mundo actual. El autor presenta una gran cantidad de datos y referencias para hablar de personas de distintos \u00e1mbitos, como el misterio, la filosof\u00eda, la pol\u00edtica y otros campos del pensamiento y la vida social.<br \/>\nA lo largo de la obra, el lector conoce qui\u00e9nes son estos personajes, cu\u00e1les son sus ideas y qu\u00e9 papel desempe\u00f1an en la sociedad. El libro muestra c\u00f3mo sus decisiones, opiniones y acciones influyen en la forma en que entendemos el presente. Con un lenguaje sencillo, el autor invita a reflexionar sobre el ser humano y su importancia en la historia, ayudando a comprender mejor el mundo en el que vivimos hoy.\u00bb<br \/>\nBlanca Mart\u00edn<br \/>\nPeriodista y directora del programa de radio Misterios On Air<\/p>\n<p>\u201cEn un mundo donde las respuestas r\u00e1pidas eclipsan las preguntas esenciales, Roberto Carlos Mir\u00e1s se detiene a mirar, a escuchar, a indagar. Su obra es un viaje a trav\u00e9s de geograf\u00edas, lenguas, creencias y culturas, pero tambi\u00e9n una exploraci\u00f3n del alma humana y de sus contradicciones. Con una curiosidad inagotable y un enfoque abierto a saberes diversos \u2014del sufismo a la geopol\u00edtica, de las tradiciones ind\u00edgenas a los ecos de la filosof\u00eda universal\u2014, Mir\u00e1s traza un mapa fragmentado y esclarecedor de los hombres que han buscado comprender el mundo.<br \/>\nEn busca de los hombres ante los ojos de la historia no es solo una s\u00edntesis de lecturas; es una invitaci\u00f3n a mirar m\u00e1s all\u00e1 de las apariencias, a preguntarse por el sentido de lo que hacemos y creemos. Consciente de que la verdad no es \u00fanica ni evidente, el autor ofrece m\u00e1s interrogantes que conclusiones. Y en ese gesto, tan profundamente humanista, reside la fuerza de este libro.\u201d<br \/>\nAlberto de Frutos D\u00e1valos,<br \/>\nPeriodista y director de la revista Turismo Rural.<\/p>\n<p>&nbsp;<\/p>\n","protected":false},"featured_media":4232,"template":"elementor_header_footer","meta":{"_mi_skip_tracking":false,"_monsterinsights_sitenote_active":false,"_monsterinsights_sitenote_note":"","_monsterinsights_sitenote_category":0},"_links":{"self":[{"href":"https:\/\/edicionesvia.com\/index.php\/wp-json\/wp\/v2\/product\/4231"}],"collection":[{"href":"https:\/\/edicionesvia.com\/index.php\/wp-json\/wp\/v2\/product"}],"about":[{"href":"https:\/\/edicionesvia.com\/index.php\/wp-json\/wp\/v2\/types\/product"}],"version-history":[{"count":16,"href":"https:\/\/edicionesvia.com\/index.php\/wp-json\/wp\/v2\/product\/4231\/revisions"}],"predecessor-version":[{"id":4248,"href":"https:\/\/edicionesvia.com\/index.php\/wp-json\/wp\/v2\/product\/4231\/revisions\/4248"}],"wp:featuredmedia":[{"embeddable":true,"href":"https:\/\/edicionesvia.com\/index.php\/wp-json\/wp\/v2\/media\/4232"}],"wp:attachment":[{"href":"https:\/\/edicionesvia.com\/index.php\/wp-json\/wp\/v2\/media?parent=4231"}],"curies":[{"name":"wp","href":"https:\/\/api.w.org\/{rel}","templated":true}]}}