{"id":3936,"date":"2025-06-26T12:16:25","date_gmt":"2025-06-26T11:16:25","guid":{"rendered":"https:\/\/edicionesvia.com\/?post_type=product&#038;p=3936"},"modified":"2025-06-26T12:24:40","modified_gmt":"2025-06-26T11:24:40","slug":"politica-de-privacidad","status":"publish","type":"product","link":"https:\/\/edicionesvia.com\/index.php\/product\/politica-de-privacidad\/","title":{"rendered":"Pol\u00edtica de Privacidad"},"content":{"rendered":"\t\t<div data-elementor-type=\"product-post\" data-elementor-id=\"3936\" class=\"elementor elementor-3936\" data-elementor-settings=\"[]\">\n\t\t\t\t\t\t<div class=\"elementor-inner\">\n\t\t\t\t\t\t\t<div class=\"elementor-section-wrap\">\n\t\t\t\t\t\t\t<section class=\"elementor-section elementor-top-section elementor-element elementor-element-5af430b elementor-section-boxed elementor-section-height-default elementor-section-height-default\" data-id=\"5af430b\" data-element_type=\"section\">\n\t\t\t\t\t\t<div class=\"elementor-container elementor-column-gap-default\">\n\t\t\t\t\t\t\t<div class=\"elementor-row\">\n\t\t\t\t\t<div class=\"elementor-column elementor-col-100 elementor-top-column elementor-element elementor-element-dbd25f7\" data-id=\"dbd25f7\" data-element_type=\"column\">\n\t\t\t<div class=\"elementor-column-wrap elementor-element-populated\">\n\t\t\t\t\t\t\t<div class=\"elementor-widget-wrap\">\n\t\t\t\t\t\t<div class=\"elementor-element elementor-element-ff6dc4f elementor-widget-divider--view-line elementor-widget elementor-widget-divider\" data-id=\"ff6dc4f\" data-element_type=\"widget\" data-widget_type=\"divider.default\">\n\t\t\t\t<div class=\"elementor-widget-container\">\n\t\t\t\t\t<div class=\"elementor-divider\">\n\t\t\t<span class=\"elementor-divider-separator\">\n\t\t\t\t\t\t<\/span>\n\t\t<\/div>\n\t\t\t\t<\/div>\n\t\t\t\t<\/div>\n\t\t\t\t<div class=\"elementor-element elementor-element-74b6cda elementor-widget elementor-widget-text-editor\" data-id=\"74b6cda\" data-element_type=\"widget\" data-widget_type=\"text-editor.default\">\n\t\t\t\t<div class=\"elementor-widget-container\">\n\t\t\t\t\t\t\t\t<div class=\"elementor-text-editor elementor-clearfix\">\n\t\t\t\t<h2><strong>Pol\u00edtica de privacidad y tratamiento de datos personales<\/strong><\/h2><p>\u00a0<\/p><p><strong>\u00bfQui\u00e9n es el responsable del tratamiento de los datos personales?<\/strong>\u00a0<\/p><p>Ediciones V\u00eda Directa, con domicilio social en La Eliana (Valencia) 46183, calle Francisco Agrait, 22, y con direcci\u00f3n electr\u00f3nica <a href=\"http:\/\/www.edicionesvia.com\">www.edicionesvia.com<\/a>, \u00a0<strong>es el responsable del tratamiento\u00a0<\/strong>de los datos personales del\u00a0<strong>interesado\/a<\/strong>\u00a0, e informa que estos datos ser\u00e1n tratados de conformidad con lo dispuesto en las normativas vigentes en protecci\u00f3n de datos personales, el Reglamento (UE) 2016\/679 de 27 de abril de 2016 (GDPR), la Ley Org\u00e1nica (ES) 15\/1999 de 13 de diciembre (LOPD) y el Real Decreto (ES) 1720\/2007 de 21 de diciembre (RDLOPD).<\/p><p><strong>\u00bfCon qu\u00e9 finalidad tratamos los datos personales?<\/strong><\/p><p>Se tratar\u00e1n los datos personales del interesado\/a para las siguientes finalidades:\u00a0<br \/>\u2022 Enviar informaci\u00f3n sobre Ediciones V\u00eda Directa y sus novedades editoriales v\u00eda e-mail, y dar respuesta a las peticiones de informaci\u00f3n solicitadas.\u00a0<br \/>\u2022 Invitar a actos o eventos que organice Ediciones V\u00eda Directa.\u00a0<br \/>\u2022 Comunicaciones promocionales sobre actividades o eventos que organice o en los que participe Ediciones V\u00eda Directa.\u00a0<br \/>\u2022 Comunicaciones sobre promociones y\/o descuentos.<\/p><p><strong>\u00bfCu\u00e1nto tiempo conservaremos los datos?<\/strong><\/p><p>Tanto los datos personales proporcionados, como los obtenidos de la navegaci\u00f3n y h\u00e1bitos de consumo se conservar\u00e1n mientras el interesado\/a no anule el consentimiento expreso.<\/p><p><strong>\u00bfCu\u00e1l es la legitimaci\u00f3n para el tratamiento de los datos?<\/strong><\/p><p>La base legal para el tratamiento de los datos personales es la ejecuci\u00f3n y mantenimiento de la relaci\u00f3n mantenida con el interesado\/a, as\u00ed como el consentimiento expreso que, en su caso, nos haya facilitado para los tratamientos adicionales consistentes en el env\u00edo de comunicaciones comerciales con las finalidades indicadas en el apartado\u00a0<strong>\u00bfCon qu\u00e9 finalidad tratamos los datos personales?<\/strong><\/p><p>Los datos personales que se solicitan ya sea en el momento de registrarse en nuestra p\u00e1gina web, o telef\u00f3nicamente, o en cualquiera de nuestros formularios, son los estrictamente necesarios para formalizar y gestionar la relaci\u00f3n con el interesado\/a, de manera que, en caso de no facilitarlos, no podremos mantener dicha relaci\u00f3n.<\/p><p><strong>\u00bfCu\u00e1les son sus derechos cuando nos facilita sus datos?<\/strong><\/p><p>Cualquier persona tiene derecho a obtener confirmaci\u00f3n sobre si en\u00a0Ediciones V\u00eda Directa est\u00e1 tratando datos personales que les conciernan, o no.<\/p><p>Asimismo, el interesado\/a tiene derecho a acceder a sus datos personales, as\u00ed como a solicitar la rectificaci\u00f3n de los datos inexactos o, en su caso, solicitar su supresi\u00f3n cuando, entre otros motivos, los datos ya no sean necesarios para los fines que fueron recogidos.<\/p><p>En determinadas circunstancias, el interesado\/a podr\u00e1 solicitar la limitaci\u00f3n del tratamiento de sus datos, en cuyo caso \u00fanicamente los conservaremos para el ejercicio o la defensa de reclamaciones.<\/p><p>En determinadas circunstancias y por motivos relacionados con su situaci\u00f3n particular, el interesado\/a podr\u00e1 oponerse al tratamiento de sus datos.\u00a0Ediciones V\u00eda Directa dejar\u00e1 de tratar los datos, salvo por motivos leg\u00edtimos imperiosos, o el ejercicio o la defensa de posibles reclamaciones.<\/p><p>El interesado\/a, podr\u00e1 ejercer dichos derechos y la revocaci\u00f3n en cualquier momento de los consentimientos en su caso prestados, mediante carta dirigida a\u00a0Ediciones V\u00eda Directa, con domicilio social en La Eliana (Valencia) 46183, calle Francisco Agrait, 22, o enviando un correo electr\u00f3nico a edicionesvia@gmail.com<\/p><p>Le informamos que tiene a su disposici\u00f3n modelos de ejercicio de los citados derechos en la p\u00e1gina web de la Agencia Espa\u00f1ola de Protecci\u00f3n de Datos (<a href=\"http:\/\/www.agpd.es\/portalwebAGPD\/CanalDelCiudadano\/derechos\/principales_derchos\">http:\/\/www.agpd.es\/portalwebAGPD\/CanalDelCiudadano\/derechos\/principales_derechos<\/a>).<\/p><p>Cuando el interesado\/a lo considere oportuno podr\u00e1 presentar una reclamaci\u00f3n ante la Agencia Espa\u00f1ola de Protecci\u00f3n de Datos, especialmente cuando considere que no hemos satisfecho debidamente el ejercicio de sus derechos. Dicha reclamaci\u00f3n podr\u00e1 presentarla ante la citada autoridad mediante las diferentes opciones que la sede electr\u00f3nica de la Agencia Espa\u00f1ola de Protecci\u00f3n de Datos ofrece.<\/p>\t\t\t\t\t<\/div>\n\t\t\t\t\t\t<\/div>\n\t\t\t\t<\/div>\n\t\t\t\t\t\t<\/div>\n\t\t\t\t\t<\/div>\n\t\t<\/div>\n\t\t\t\t\t\t\t\t<\/div>\n\t\t\t\t\t<\/div>\n\t\t<\/section>\n\t\t\t\t\t\t<\/div>\n\t\t\t\t\t\t<\/div>\n\t\t\t\t\t<\/div>\n\t\t","protected":false},"excerpt":{"rendered":"<p>Pol\u00edtica de privacidad y tratamiento de datos personales \u00bfQui\u00e9n es el responsable del tratamiento de los datos personales? Ediciones V\u00eda Directa, con domicilio social en La Eliana (Valencia) 46183, calle Francisco Agrait, 22, y con direcci\u00f3n electr\u00f3nica www.edicionesvia.com, \u00a0es el responsable del tratamiento\u00a0de los datos personales del\u00a0interesado\/a\u00a0, e informa que estos datos ser\u00e1n tratados de &#8230; <a title=\"Pol\u00edtica de Privacidad\" class=\"read-more\" href=\"https:\/\/edicionesvia.com\/index.php\/product\/politica-de-privacidad\/\">Read more<\/a><\/p>\n","protected":false},"featured_media":0,"template":"elementor_header_footer","meta":{"_mi_skip_tracking":false,"_monsterinsights_sitenote_active":false,"_monsterinsights_sitenote_note":"","_monsterinsights_sitenote_category":0},"_links":{"self":[{"href":"https:\/\/edicionesvia.com\/index.php\/wp-json\/wp\/v2\/product\/3936"}],"collection":[{"href":"https:\/\/edicionesvia.com\/index.php\/wp-json\/wp\/v2\/product"}],"about":[{"href":"https:\/\/edicionesvia.com\/index.php\/wp-json\/wp\/v2\/types\/product"}],"version-history":[{"count":4,"href":"https:\/\/edicionesvia.com\/index.php\/wp-json\/wp\/v2\/product\/3936\/revisions"}],"predecessor-version":[{"id":3940,"href":"https:\/\/edicionesvia.com\/index.php\/wp-json\/wp\/v2\/product\/3936\/revisions\/3940"}],"wp:attachment":[{"href":"https:\/\/edicionesvia.com\/index.php\/wp-json\/wp\/v2\/media?parent=3936"}],"curies":[{"name":"wp","href":"https:\/\/api.w.org\/{rel}","templated":true}]}}