{"id":3529,"date":"2024-12-30T14:27:46","date_gmt":"2024-12-30T13:27:46","guid":{"rendered":"https:\/\/edicionesvia.com\/?post_type=product&#038;p=3529"},"modified":"2024-12-30T14:41:56","modified_gmt":"2024-12-30T13:41:56","slug":"psicologia-esoterica-2","status":"publish","type":"product","link":"https:\/\/edicionesvia.com\/index.php\/product\/psicologia-esoterica-2\/","title":{"rendered":"PSICOLOG\u00cdA ESOT\u00c9RICA"},"content":{"rendered":"\t\t<div data-elementor-type=\"product-post\" data-elementor-id=\"3529\" class=\"elementor elementor-3529\" data-elementor-settings=\"[]\">\n\t\t\t\t\t\t<div class=\"elementor-inner\">\n\t\t\t\t\t\t\t<div class=\"elementor-section-wrap\">\n\t\t\t\t\t\t\t<section class=\"elementor-section elementor-top-section elementor-element elementor-element-5af430b elementor-section-boxed elementor-section-height-default elementor-section-height-default\" data-id=\"5af430b\" data-element_type=\"section\">\n\t\t\t\t\t\t<div class=\"elementor-container elementor-column-gap-default\">\n\t\t\t\t\t\t\t<div class=\"elementor-row\">\n\t\t\t\t\t<div class=\"elementor-column elementor-col-33 elementor-top-column elementor-element elementor-element-db9fc78\" data-id=\"db9fc78\" data-element_type=\"column\">\n\t\t\t<div class=\"elementor-column-wrap elementor-element-populated\">\n\t\t\t\t\t\t\t<div class=\"elementor-widget-wrap\">\n\t\t\t\t\t\t<div class=\"elementor-element elementor-element-01421ad elementor-widget-divider--view-line elementor-widget elementor-widget-divider\" data-id=\"01421ad\" data-element_type=\"widget\" data-widget_type=\"divider.default\">\n\t\t\t\t<div class=\"elementor-widget-container\">\n\t\t\t\t\t<div class=\"elementor-divider\">\n\t\t\t<span class=\"elementor-divider-separator\">\n\t\t\t\t\t\t<\/span>\n\t\t<\/div>\n\t\t\t\t<\/div>\n\t\t\t\t<\/div>\n\t\t\t\t<div class=\"elementor-element elementor-element-d17800a elementor-widget elementor-widget-image\" data-id=\"d17800a\" data-element_type=\"widget\" data-widget_type=\"image.default\">\n\t\t\t\t<div class=\"elementor-widget-container\">\n\t\t\t\t\t\t\t\t<div class=\"elementor-image\">\n\t\t\t\t\t\t\t\t\t\t\t\t\t<a href=\"https:\/\/edicionesvia.com\/index.php\/product\/psicologia-esoterica-2\/\">\n\t\t\t\t\t\t\t<img src=\"https:\/\/edicionesvia.com\/wp-content\/uploads\/elementor\/thumbs\/Psicologia-Esoterica-scaled-qz9suwtb4idxl2tqr75fi7dmawglrvgcv6r63yewio.jpg\" title=\"Psicolog\u00eda Esot\u00e9rica\" alt=\"Psicolog\u00eda Esot\u00e9rica\" \/>\t\t\t\t\t\t\t\t<\/a>\n\t\t\t\t\t\t\t\t\t\t\t\t\t\t<\/div>\n\t\t\t\t\t\t<\/div>\n\t\t\t\t<\/div>\n\t\t\t\t<div class=\"elementor-element elementor-element-32681f1 elementor-widget elementor-widget-heading\" data-id=\"32681f1\" data-element_type=\"widget\" data-widget_type=\"heading.default\">\n\t\t\t\t<div class=\"elementor-widget-container\">\n\t\t\t<h3 class=\"elementor-heading-title elementor-size-default\"><a href=\"https:\/\/edicionesvia.com\/index.php\/product\/psicologia-esoterica-2\/\">268 Pag. 16\u20ac<\/a><\/h3>\t\t<\/div>\n\t\t\t\t<\/div>\n\t\t\t\t<div class=\"elementor-element elementor-element-85e9bb5 elementor-align-center elementor-widget elementor-widget-wc-add-to-cart\" data-id=\"85e9bb5\" data-element_type=\"widget\" data-widget_type=\"wc-add-to-cart.default\">\n\t\t\t\t<div class=\"elementor-widget-container\">\n\t\t\t\t\t<div class=\"elementor-button-wrapper\">\n\t\t\t<a rel=\"nofollow\" href=\"?add-to-cart=3529\" data-quantity=\"1\" data-product_id=\"3529\" class=\"product_type_simple add_to_cart_button ajax_add_to_cart elementor-button elementor-size-sm\" role=\"button\">\n\t\t\t\t\t\t<span class=\"elementor-button-content-wrapper\">\n\t\t\t\t\t\t<span class=\"elementor-button-icon elementor-align-icon-left\">\n\t\t\t\t<i aria-hidden=\"true\" class=\"fas fa-shopping-cart\"><\/i>\t\t\t<\/span>\n\t\t\t\t\t\t<span class=\"elementor-button-text\">A\u00f1adir al carro<\/span>\n\t\t<\/span>\n\t\t\t\t\t<\/a>\n\t\t<\/div>\n\t\t\t\t<\/div>\n\t\t\t\t<\/div>\n\t\t\t\t<div class=\"elementor-element elementor-element-c410648 elementor-menu-cart--items-indicator-plain toggle-icon--cart-medium elementor-menu-cart--show-subtotal-yes elementor-menu-cart--cart-type-side-cart elementor-menu-cart--show-remove-button-yes elementor-widget elementor-widget-woocommerce-menu-cart\" data-id=\"c410648\" data-element_type=\"widget\" data-settings=\"{&quot;cart_type&quot;:&quot;side-cart&quot;,&quot;open_cart&quot;:&quot;click&quot;,&quot;automatically_open_cart&quot;:&quot;no&quot;}\" data-widget_type=\"woocommerce-menu-cart.default\">\n\t\t\t\t<div class=\"elementor-widget-container\">\n\t\t\t\t\t<div class=\"elementor-menu-cart__wrapper\">\n\t\t\t\t\t\t\t<div class=\"elementor-menu-cart__toggle_wrapper\">\n\t\t\t\t\t<div class=\"elementor-menu-cart__container elementor-lightbox\" aria-hidden=\"true\">\n\t\t\t\t\t\t<div class=\"elementor-menu-cart__main\" aria-hidden=\"true\">\n\t\t\t\t\t\t\t<div class=\"elementor-menu-cart__close-button\"><\/div>\n\t\t\t\t\t\t\t<div class=\"widget_shopping_cart_content\">\n\t\t\t\t\t\t\t\t\t<div class=\"woocommerce-mini-cart__empty-message\">No hay productos en el carrito.<\/div>\n\t\t\t\t\t\t\t<\/div>\n\t\t\t\t\t\t<\/div>\n\t\t\t\t\t<\/div>\n\t\t\t\t\t\t\t<div class=\"elementor-menu-cart__toggle elementor-button-wrapper\">\n\t\t\t<a id=\"elementor-menu-cart__toggle_button\" href=\"#\" class=\"elementor-menu-cart__toggle_button elementor-button elementor-size-sm\" aria-expanded=\"false\">\n\t\t\t\t<span class=\"elementor-button-text\"><span class=\"woocommerce-Price-amount amount\"><span class=\"woocommerce-Price-currencySymbol\">&euro;<\/span>0.00<\/span><\/span>\n\t\t\t\t<span class=\"elementor-button-icon\" data-counter=\"0\">\n\t\t\t\t\t<i class=\"eicon\"><\/i>\n\t\t\t\t\t<span class=\"elementor-screen-only\">Carrito<\/span>\n\t\t\t\t<\/span>\n\t\t\t<\/a>\n\t\t<\/div>\n\t\t\t\t\t\t<\/div>\n\t\t\t\t\t<\/div> <!-- close elementor-menu-cart__wrapper -->\n\t\t\t\t<\/div>\n\t\t\t\t<\/div>\n\t\t\t\t\t\t<\/div>\n\t\t\t\t\t<\/div>\n\t\t<\/div>\n\t\t\t\t<div class=\"elementor-column elementor-col-66 elementor-top-column elementor-element elementor-element-dbd25f7\" data-id=\"dbd25f7\" data-element_type=\"column\">\n\t\t\t<div class=\"elementor-column-wrap elementor-element-populated\">\n\t\t\t\t\t\t\t<div class=\"elementor-widget-wrap\">\n\t\t\t\t\t\t<div class=\"elementor-element elementor-element-ff6dc4f elementor-widget-divider--view-line elementor-widget elementor-widget-divider\" data-id=\"ff6dc4f\" data-element_type=\"widget\" data-widget_type=\"divider.default\">\n\t\t\t\t<div class=\"elementor-widget-container\">\n\t\t\t\t\t<div class=\"elementor-divider\">\n\t\t\t<span class=\"elementor-divider-separator\">\n\t\t\t\t\t\t<\/span>\n\t\t<\/div>\n\t\t\t\t<\/div>\n\t\t\t\t<\/div>\n\t\t\t\t<div class=\"elementor-element elementor-element-74b6cda elementor-widget elementor-widget-text-editor\" data-id=\"74b6cda\" data-element_type=\"widget\" data-widget_type=\"text-editor.default\">\n\t\t\t\t<div class=\"elementor-widget-container\">\n\t\t\t\t\t\t\t\t<div class=\"elementor-text-editor elementor-clearfix\">\n\t\t\t\t<h1><strong>PSICOLOG\u00cdA ESOT\u00c9RICA<\/strong><\/h1><h2>Autoconocimiento y atenci\u00f3n<br \/>Manuel Arduino Pav\u00f3n<\/h2><p>\u00a0 \u00a0 \u00a0 \u00a0 Este libro aborda aspectos puntuales en relaci\u00f3n con las claves de auto-conocimiento de la sociedad actual, sin excluir algunas visiones sapienciales propias de las Tradiciones de Sabidur\u00eda, Tradiciones que, para este autor, constituyen fuentes de inspiraci\u00f3n insoslayables a la hora de dilucidar los problemas de la din\u00e1mica de la vida. Abrir\u00e1 el concepto de auto-conocimiento a la noci\u00f3n que encadena el conocimiento de uno mismo con el factual conocimiento del mundo: la identidad del todo con la parte. Se trata de un cuaderno de apuntes sobre la Aventura del Hombre y no necesariamente de un mapa de ruta de valor incuestionable.\u00a0 \u00a0 \u00a0 \u00a0 \u00a0 El autor trata temas entre otros como:<\/p><p>\u2022 La conciencia de s\u00ed y la conciencia en s\u00ed.<br \/>\u2022 El hombre transpersonal.<br \/>\u2022 El problema de la paz.<br \/>\u2022 La cultura del \u00e9xito, competitividad versus competencia.<br \/>\u2022 La cultura del dinero y del poder.<br \/>\u2022 Los iconos f\u00edsicos, el glamour y la seducci\u00f3n.<br \/>\u2022 La V\u00eda del Instante Mediador.<br \/>\u2022 La V\u00eda de la Atenci\u00f3n y la Intenci\u00f3n fusionadas.<br \/>\u2022 Atenci\u00f3n, Auto-conocimiento y Conciencia Global.<br \/>\u2022 La Atenci\u00f3n y los ritmos del ser consciente.<br \/>\u2022 La Luz del Silencio y las Voces del Silencio.<\/p><p>\u00a0 \u00a0 \u00a0 \u00a0 En el examen de las peculiaridades humanas, en la forma en que se han puesto de manifiesto en las \u00faltimas d\u00e9cadas y m\u00e1s espec\u00edficamente en el actual milenio, no debemos perder de vista la necesidad de definir claramente el orden del conocimiento que afecta o ilumina la conciencia.<\/p>\t\t\t\t\t<\/div>\n\t\t\t\t\t\t<\/div>\n\t\t\t\t<\/div>\n\t\t\t\t\t\t<\/div>\n\t\t\t\t\t<\/div>\n\t\t<\/div>\n\t\t\t\t\t\t\t\t<\/div>\n\t\t\t\t\t<\/div>\n\t\t<\/section>\n\t\t\t\t\t\t<\/div>\n\t\t\t\t\t\t<\/div>\n\t\t\t\t\t<\/div>\n\t\t","protected":false},"excerpt":{"rendered":"<p><strong>PSICOLOG\u00cdA ESOT\u00c9RICA<\/strong><\/p>\n<h4>Autoconocimiento y atenci\u00f3n<\/h4>\n<h6><strong>Manuel Arduino Pav\u00f3n<\/strong><\/h6>\n<p>Este libro aborda aspectos puntuales en relaci\u00f3n con las claves de auto-conocimiento de la sociedad actual, sin excluir algunas visiones sapienciales propias de las Tradiciones de Sabidur\u00eda, Tradiciones que, para este autor, constituyen fuentes de inspiraci\u00f3n insoslayables a la hora de dilucidar los problemas de la din\u00e1mica de la vida. Abrir\u00e1 el concepto de auto-conocimiento a la noci\u00f3n que encadena el conocimiento de uno mismo con el factual conocimiento del mundo: la identidad del todo con la parte. Se trata de un cuaderno de apuntes sobre la Aventura del Hombre y no necesariamente de un mapa de ruta de valor incuestionable. El autor trata temas entre otros como:<br \/>\n\u2022 La conciencia de s\u00ed y la conciencia en s\u00ed.<br \/>\n\u2022 El hombre transpersonal.<br \/>\n\u2022 El problema de la paz.<br \/>\n\u2022 La cultura del \u00e9xito, competitividad versus competencia.<br \/>\n\u2022 La cultura del dinero y del poder.<br \/>\n\u2022 Los iconos f\u00edsicos, el glamour y la seducci\u00f3n.<br \/>\n\u2022 La V\u00eda del Instante Mediador.<br \/>\n\u2022 La V\u00eda de la Atenci\u00f3n y la Intenci\u00f3n fusionadas.<br \/>\n\u2022 Atenci\u00f3n, Auto-conocimiento y Conciencia Global.<br \/>\n\u2022 La Atenci\u00f3n y los ritmos del ser consciente.<br \/>\n\u2022 La Luz del Silencio y las Voces del Silencio.<br \/>\nEn el examen de las peculiaridades humanas, en la forma en que se han puesto de manifiesto en las \u00faltimas d\u00e9cadas y m\u00e1s espec\u00edficamente en el actual milenio, no debemos perder de vista la necesidad de definir claramente el orden del conocimiento que afecta o ilumina la conciencia.<\/p>\n","protected":false},"featured_media":3530,"template":"elementor_header_footer","meta":{"_mi_skip_tracking":false,"_monsterinsights_sitenote_active":false,"_monsterinsights_sitenote_note":"","_monsterinsights_sitenote_category":0},"_links":{"self":[{"href":"https:\/\/edicionesvia.com\/index.php\/wp-json\/wp\/v2\/product\/3529"}],"collection":[{"href":"https:\/\/edicionesvia.com\/index.php\/wp-json\/wp\/v2\/product"}],"about":[{"href":"https:\/\/edicionesvia.com\/index.php\/wp-json\/wp\/v2\/types\/product"}],"version-history":[{"count":13,"href":"https:\/\/edicionesvia.com\/index.php\/wp-json\/wp\/v2\/product\/3529\/revisions"}],"predecessor-version":[{"id":3544,"href":"https:\/\/edicionesvia.com\/index.php\/wp-json\/wp\/v2\/product\/3529\/revisions\/3544"}],"wp:featuredmedia":[{"embeddable":true,"href":"https:\/\/edicionesvia.com\/index.php\/wp-json\/wp\/v2\/media\/3530"}],"wp:attachment":[{"href":"https:\/\/edicionesvia.com\/index.php\/wp-json\/wp\/v2\/media?parent=3529"}],"curies":[{"name":"wp","href":"https:\/\/api.w.org\/{rel}","templated":true}]}}