{"id":3280,"date":"2024-10-04T13:05:31","date_gmt":"2024-10-04T12:05:31","guid":{"rendered":"https:\/\/edicionesvia.com\/?post_type=product&#038;p=3280"},"modified":"2024-11-16T20:39:31","modified_gmt":"2024-11-16T19:39:31","slug":"en-la-luz","status":"publish","type":"product","link":"https:\/\/edicionesvia.com\/index.php\/product\/en-la-luz\/","title":{"rendered":"EN LA LUZ"},"content":{"rendered":"\t\t<div data-elementor-type=\"product-post\" data-elementor-id=\"3280\" class=\"elementor elementor-3280\" data-elementor-settings=\"[]\">\n\t\t\t\t\t\t<div class=\"elementor-inner\">\n\t\t\t\t\t\t\t<div class=\"elementor-section-wrap\">\n\t\t\t\t\t\t\t<section class=\"elementor-section elementor-top-section elementor-element elementor-element-5af430b elementor-section-boxed elementor-section-height-default elementor-section-height-default\" data-id=\"5af430b\" data-element_type=\"section\">\n\t\t\t\t\t\t<div class=\"elementor-container elementor-column-gap-default\">\n\t\t\t\t\t\t\t<div class=\"elementor-row\">\n\t\t\t\t\t<div class=\"elementor-column elementor-col-33 elementor-top-column elementor-element elementor-element-db9fc78\" data-id=\"db9fc78\" data-element_type=\"column\">\n\t\t\t<div class=\"elementor-column-wrap elementor-element-populated\">\n\t\t\t\t\t\t\t<div class=\"elementor-widget-wrap\">\n\t\t\t\t\t\t<div class=\"elementor-element elementor-element-01421ad elementor-widget-divider--view-line elementor-widget elementor-widget-divider\" data-id=\"01421ad\" data-element_type=\"widget\" data-widget_type=\"divider.default\">\n\t\t\t\t<div class=\"elementor-widget-container\">\n\t\t\t\t\t<div class=\"elementor-divider\">\n\t\t\t<span class=\"elementor-divider-separator\">\n\t\t\t\t\t\t<\/span>\n\t\t<\/div>\n\t\t\t\t<\/div>\n\t\t\t\t<\/div>\n\t\t\t\t<div class=\"elementor-element elementor-element-d17800a elementor-widget elementor-widget-image\" data-id=\"d17800a\" data-element_type=\"widget\" data-widget_type=\"image.default\">\n\t\t\t\t<div class=\"elementor-widget-container\">\n\t\t\t\t\t\t\t\t<div class=\"elementor-image\">\n\t\t\t\t\t\t\t\t\t\t\t\t\t<a href=\"https:\/\/edicionesvia.com\/index.php\/product\/en-la-luz\/\">\n\t\t\t\t\t\t\t<img src=\"https:\/\/edicionesvia.com\/wp-content\/uploads\/elementor\/thumbs\/Armonia-PORTADA-scaled-qv29j9fr3x0vvonk1tsqeybup1wile7wuruyxq9q1s.jpg\" title=\"Armonia PORTADA\" alt=\"Armonia PORTADA\" \/>\t\t\t\t\t\t\t\t<\/a>\n\t\t\t\t\t\t\t\t\t\t\t\t\t\t<\/div>\n\t\t\t\t\t\t<\/div>\n\t\t\t\t<\/div>\n\t\t\t\t<div class=\"elementor-element elementor-element-32681f1 elementor-widget elementor-widget-heading\" data-id=\"32681f1\" data-element_type=\"widget\" data-widget_type=\"heading.default\">\n\t\t\t\t<div class=\"elementor-widget-container\">\n\t\t\t<h3 class=\"elementor-heading-title elementor-size-default\"><a href=\"https:\/\/edicionesvia.com\/index.php\/product\/en-la-luz\/\">348 Pag. 21\u20ac<\/a><\/h3>\t\t<\/div>\n\t\t\t\t<\/div>\n\t\t\t\t<div class=\"elementor-element elementor-element-034e8a9 elementor-menu-cart--items-indicator-plain toggle-icon--cart-medium elementor-menu-cart--show-subtotal-yes elementor-menu-cart--cart-type-side-cart elementor-menu-cart--show-remove-button-yes elementor-widget elementor-widget-woocommerce-menu-cart\" data-id=\"034e8a9\" data-element_type=\"widget\" data-settings=\"{&quot;cart_type&quot;:&quot;side-cart&quot;,&quot;open_cart&quot;:&quot;click&quot;,&quot;automatically_open_cart&quot;:&quot;no&quot;}\" data-widget_type=\"woocommerce-menu-cart.default\">\n\t\t\t\t<div class=\"elementor-widget-container\">\n\t\t\t\t\t<div class=\"elementor-menu-cart__wrapper\">\n\t\t\t\t\t\t\t<div class=\"elementor-menu-cart__toggle_wrapper\">\n\t\t\t\t\t<div class=\"elementor-menu-cart__container elementor-lightbox\" aria-hidden=\"true\">\n\t\t\t\t\t\t<div class=\"elementor-menu-cart__main\" aria-hidden=\"true\">\n\t\t\t\t\t\t\t<div class=\"elementor-menu-cart__close-button\"><\/div>\n\t\t\t\t\t\t\t<div class=\"widget_shopping_cart_content\">\n\t\t\t\t\t\t\t\t\t<div class=\"woocommerce-mini-cart__empty-message\">No hay productos en el carrito.<\/div>\n\t\t\t\t\t\t\t<\/div>\n\t\t\t\t\t\t<\/div>\n\t\t\t\t\t<\/div>\n\t\t\t\t\t\t\t<div class=\"elementor-menu-cart__toggle elementor-button-wrapper\">\n\t\t\t<a id=\"elementor-menu-cart__toggle_button\" href=\"#\" class=\"elementor-menu-cart__toggle_button elementor-button elementor-size-sm\" aria-expanded=\"false\">\n\t\t\t\t<span class=\"elementor-button-text\"><span class=\"woocommerce-Price-amount amount\"><span class=\"woocommerce-Price-currencySymbol\">&euro;<\/span>0.00<\/span><\/span>\n\t\t\t\t<span class=\"elementor-button-icon\" data-counter=\"0\">\n\t\t\t\t\t<i class=\"eicon\"><\/i>\n\t\t\t\t\t<span class=\"elementor-screen-only\">Carrito<\/span>\n\t\t\t\t<\/span>\n\t\t\t<\/a>\n\t\t<\/div>\n\t\t\t\t\t\t<\/div>\n\t\t\t\t\t<\/div> <!-- close elementor-menu-cart__wrapper -->\n\t\t\t\t<\/div>\n\t\t\t\t<\/div>\n\t\t\t\t<div class=\"elementor-element elementor-element-85e9bb5 elementor-align-center elementor-widget elementor-widget-wc-add-to-cart\" data-id=\"85e9bb5\" data-element_type=\"widget\" data-widget_type=\"wc-add-to-cart.default\">\n\t\t\t\t<div class=\"elementor-widget-container\">\n\t\t\t\t\t<div class=\"elementor-button-wrapper\">\n\t\t\t<a rel=\"nofollow\" href=\"?add-to-cart=3280\" data-quantity=\"1\" data-product_id=\"3280\" class=\"product_type_simple add_to_cart_button ajax_add_to_cart elementor-button elementor-size-sm\" role=\"button\">\n\t\t\t\t\t\t<span class=\"elementor-button-content-wrapper\">\n\t\t\t\t\t\t<span class=\"elementor-button-icon elementor-align-icon-left\">\n\t\t\t\t<i aria-hidden=\"true\" class=\"fas fa-shopping-cart\"><\/i>\t\t\t<\/span>\n\t\t\t\t\t\t<span class=\"elementor-button-text\">A\u00f1adir al carro<\/span>\n\t\t<\/span>\n\t\t\t\t\t<\/a>\n\t\t<\/div>\n\t\t\t\t<\/div>\n\t\t\t\t<\/div>\n\t\t\t\t\t\t<\/div>\n\t\t\t\t\t<\/div>\n\t\t<\/div>\n\t\t\t\t<div class=\"elementor-column elementor-col-66 elementor-top-column elementor-element elementor-element-dbd25f7\" data-id=\"dbd25f7\" data-element_type=\"column\">\n\t\t\t<div class=\"elementor-column-wrap elementor-element-populated\">\n\t\t\t\t\t\t\t<div class=\"elementor-widget-wrap\">\n\t\t\t\t\t\t<div class=\"elementor-element elementor-element-ff6dc4f elementor-widget-divider--view-line elementor-widget elementor-widget-divider\" data-id=\"ff6dc4f\" data-element_type=\"widget\" data-widget_type=\"divider.default\">\n\t\t\t\t<div class=\"elementor-widget-container\">\n\t\t\t\t\t<div class=\"elementor-divider\">\n\t\t\t<span class=\"elementor-divider-separator\">\n\t\t\t\t\t\t<\/span>\n\t\t<\/div>\n\t\t\t\t<\/div>\n\t\t\t\t<\/div>\n\t\t\t\t<div class=\"elementor-element elementor-element-74b6cda elementor-widget elementor-widget-text-editor\" data-id=\"74b6cda\" data-element_type=\"widget\" data-widget_type=\"text-editor.default\">\n\t\t\t\t<div class=\"elementor-widget-container\">\n\t\t\t\t\t\t\t\t<div class=\"elementor-text-editor elementor-clearfix\">\n\t\t\t\t<h1 style=\"text-align: center;\"><strong>\u00a0 EN LA LUZ<\/strong>\u00a0 \u00a0\u00a0<\/h1><h2 style=\"text-align: center;\"><strong>Una Novela Espiritual<br \/><\/strong><\/h2><h3 style=\"text-align: center;\"><span style=\"color: #003300;\"><i>Armon\u00eda Mart\u00edn\u00a0<br \/><\/i><\/span><\/h3><p>\u00a0<\/p><p>Video presentaci\u00f3n: <a href=\"https:\/\/www.youtube.com\/watch?v=jjUvLvaSYPo\">https:\/\/www.youtube.com\/watch?v=jjUvLvaSYPo<\/a><\/p><p>Hay en esta obra una gran riqueza de temas y experiencias, y unas cuantas l\u00edneas no pueden abarcar las luminosas historias que contiene. Lo que s\u00ed podemos asegurar es que nos encontramos ante una novela extraordinaria dentro de la narrativa espiritual.<\/p><p>Con un estilo de gran belleza, la obra nos introduce en la vida de la joven profesora de literatura, Silvia Vidal. Su calidad humana y su empat\u00eda la convierten en alguien muy querido en el instituto de ense\u00f1anza secundaria donde trabaja. Dotada de un excepcional don para sanar, colabora con el Hospital Joseph Lister de Barcelona, en el que se ha ganado el cari\u00f1o y el aprecio de los pacientes.<\/p><p>El mundo de luces y sombras que rodea a la protagonista, los hechos lacerantes, las difamaciones y las situaciones cr\u00edticas que se ve obligada a afrontar la afectar\u00e1n en lo m\u00e1s hondo de su ser. Inmersa en una atm\u00f3sfera que acaba siendo asfixiante para ella, decidir\u00e1 abandonar su profesi\u00f3n, su hogar y todo cuanto amaba para refugiarse en la soledad y el silencio de los bosques alpinos. Un intenso trabajo espiritual sobre s\u00ed misma la va conduciendo a un estado interno de profunda paz que culminar\u00e1 en luminosas experiencias m\u00edsticas\u2026<\/p><p>Una obra que impresiona muy gratamente. Lleva consciencia al lector y lo conduce a estados de sosiego y armon\u00eda. La novela nos pone en contacto con temas existenciales que no nos dejan indiferentes. Nos presenta, adem\u00e1s, una naturaleza de exuberante belleza, donde se desdibuja la l\u00ednea divisoria entre el ser humano y las criaturas del bosque; donde se establece entre unos y otros una c\u00e1lida relaci\u00f3n de entendimiento y amistad, de respeto y ternura.<\/p><p><em>En la Luz <\/em>es un relato inolvidable que abraza el coraz\u00f3n del lector y se queda brillando en su alma. Una novela que nos traslada a los niveles de conciencia donde la vida se ve radiante y hermosa.<\/p><p>\u00a0 \u00a0 \u00a0 \u00a0 \u00a0<\/p><p>\u00a0 \u00a0 \u00a0 \u00a0<\/p>\t\t\t\t\t<\/div>\n\t\t\t\t\t\t<\/div>\n\t\t\t\t<\/div>\n\t\t\t\t\t\t<\/div>\n\t\t\t\t\t<\/div>\n\t\t<\/div>\n\t\t\t\t\t\t\t\t<\/div>\n\t\t\t\t\t<\/div>\n\t\t<\/section>\n\t\t\t\t<section class=\"elementor-section elementor-top-section elementor-element elementor-element-b3b2c5f elementor-section-boxed elementor-section-height-default elementor-section-height-default\" data-id=\"b3b2c5f\" data-element_type=\"section\">\n\t\t\t\t\t\t<div class=\"elementor-container elementor-column-gap-default\">\n\t\t\t\t\t\t\t<div class=\"elementor-row\">\n\t\t\t\t\t<div class=\"elementor-column elementor-col-100 elementor-top-column elementor-element elementor-element-a35ad1e\" data-id=\"a35ad1e\" data-element_type=\"column\">\n\t\t\t<div class=\"elementor-column-wrap elementor-element-populated\">\n\t\t\t\t\t\t\t<div class=\"elementor-widget-wrap\">\n\t\t\t\t\t\t<div class=\"elementor-element elementor-element-890ded3 elementor-widget elementor-widget-heading\" data-id=\"890ded3\" data-element_type=\"widget\" data-widget_type=\"heading.default\">\n\t\t\t\t<div class=\"elementor-widget-container\">\n\t\t\t<h2 class=\"elementor-heading-title elementor-size-default\">FRAGMENTO DE LA OBRA<br><\/h2>\t\t<\/div>\n\t\t\t\t<\/div>\n\t\t\t\t\t\t<\/div>\n\t\t\t\t\t<\/div>\n\t\t<\/div>\n\t\t\t\t\t\t\t\t<\/div>\n\t\t\t\t\t<\/div>\n\t\t<\/section>\n\t\t\t\t<section class=\"elementor-section elementor-top-section elementor-element elementor-element-9ba9579 elementor-section-boxed elementor-section-height-default elementor-section-height-default\" data-id=\"9ba9579\" data-element_type=\"section\">\n\t\t\t\t\t\t<div class=\"elementor-container elementor-column-gap-default\">\n\t\t\t\t\t\t\t<div class=\"elementor-row\">\n\t\t\t\t\t<div class=\"elementor-column elementor-col-100 elementor-top-column elementor-element elementor-element-265ec74\" data-id=\"265ec74\" data-element_type=\"column\">\n\t\t\t<div class=\"elementor-column-wrap elementor-element-populated\">\n\t\t\t\t\t\t\t<div class=\"elementor-widget-wrap\">\n\t\t\t\t\t\t<div class=\"elementor-element elementor-element-5f7ddbc elementor-widget elementor-widget-text-editor\" data-id=\"5f7ddbc\" data-element_type=\"widget\" data-widget_type=\"text-editor.default\">\n\t\t\t\t<div class=\"elementor-widget-container\">\n\t\t\t\t\t\t\t\t<div class=\"elementor-text-editor elementor-clearfix\">\n\t\t\t\t<p>CAP\u00cdTULO 1<\/p><p>Con el mes de noviembre llegaron las lluvias. Los bosques se <br \/>cubrieron de hojas secas y el olor a tierra mojada llen\u00f3 el ambiente <br \/>con un aroma fresco y nuevo.<\/p><p>El reloj son\u00f3 a las seis de la ma\u00f1ana. Seguera bostezaba envuelta <br \/>en la niebla. Silvia alarg\u00f3 el brazo en direcci\u00f3n a la mesita de noche <br \/>y detuvo la alarma. Una hora despu\u00e9s se hallaba en el coche, <br \/>conduciendo por las estrechas y sinuosas carreteras que llevaban al <br \/>instituto.<\/p><p>Cuando los primeros rayos de sol aparecieron por el horizonte, <br \/>aparc\u00f3 el veh\u00edculo a un lado del camino y se permiti\u00f3 admirar la <br \/>belleza que la vida desplegaba a su alrededor. Transcurrieron as\u00ed <br \/>algunos minutos, sumida la joven profesora de literatura en una <br \/>serena contemplaci\u00f3n. El sonido estruendoso de una bocina la sac\u00f3 <br \/>de su ensimismamiento. Sergi Folguerola pas\u00f3 veloz en su vespa. La <br \/>salud\u00f3 con un gesto de la mano y Silvia supo que era el momento de <br \/>regresar a su cotidiana realidad.<\/p><p>La jornada comenzaba a las ocho. Le gustaba llegar temprano <br \/>y abrir las persianas para que entrara la luz del d\u00eda. El instituto de <br \/>Seguera, el Vilafont, estaba ubicado a las afueras del municipio, <br \/>rodeado de extensos campos de cultivo y granjas ganaderas. M\u00e1s <br \/>all\u00e1 se alzaban los poderosos robles y otros \u00e1rboles que se\u00f1alaban la <br \/>entrada al monte. Era un entorno hermoso.<\/p><p>Silvia amaba su profesi\u00f3n. Sus clases ten\u00edan siempre un <br \/>componente espiritual y humano. Lo que transmit\u00edan iba m\u00e1s all\u00e1 de <br \/>los meros conocimientos acad\u00e9micos. Los estudiantes lo captaban <br \/>vagamente, aunque luego no alcanzaban a explicarlo con palabras.<br \/><br \/>A media ma\u00f1ana hubo un descanso de veinte minutos que <br \/>aprovech\u00f3 para corregir redacciones. Sent\u00eda los p\u00e1rpados cansados. <br \/>Pasaba algunas tardes en el Hospital Joseph Lister de Barcelona, <br \/>colaborando con el bienestar de los enfermos a trav\u00e9s de la terapia <br \/>energ\u00e9tica. Silvia elevaba su coraz\u00f3n hasta que se produc\u00eda aquella <br \/>conexi\u00f3n hermosa con un plano superior de la existencia. No habr\u00eda <br \/>podido definirlo, pero sab\u00eda que era una dimensi\u00f3n llena de belleza, <br \/>habitada por la Gracia y la paz que no se encuentran en este mundo. <br \/>Percib\u00eda, a continuaci\u00f3n, el fluir de un intenso campo de energ\u00eda <br \/>a trav\u00e9s de sus manos y estas buscaban en el paciente los \u00f3rganos <br \/>agonizantes o el alma destrozada por el abatimiento o el dolor.<br \/>Por su condici\u00f3n de terapeuta, se la autoriz\u00f3 a efectuar una <br \/>escucha activa con quienes lo solicitaran, de modo que a veces <br \/>se establec\u00eda una c\u00e1lida y sanadora conversaci\u00f3n entre ella y el <br \/>ingresado.<\/p><p>Se hizo muy amiga de Mar\u00eda Gisbert, la enfermera jefe de la <br \/>s\u00e9ptima planta. Era la secci\u00f3n m\u00e1s dura. Casi cada d\u00eda mor\u00eda alg\u00fan <br \/>enfermo. Mar\u00eda se lo hab\u00eda advertido unos meses antes, cuando fue <br \/>admitida para colaborar en aquel sector:<br \/>\u2014Silvia, no debes encari\u00f1arte con ning\u00fan paciente. \u00bfMe <br \/>comprendes, reina? Los que vienen aqu\u00ed est\u00e1n de paso\u2026 Implicarte <br \/>con ellos emocionalmente te har\u00eda sufrir.<br \/>Sab\u00eda de qu\u00e9 hablaba. La reikista trat\u00f3 de seguir su consejo, pero <br \/>cuando quiso darse cuenta, la muchacha de la 703 ocupaba ya un <br \/>lugar muy profundo en su coraz\u00f3n.<br \/>Record\u00f3 el d\u00eda en que la hab\u00eda conocido:<br \/>\u2014\u00a1Cielo santo! \u00bfQu\u00e9 hace aqu\u00ed una chica tan joven? \u2014le <br \/>pregunt\u00f3 a Mar\u00eda. La enfermera jefe suspir\u00f3.<br \/>\u2014Es una lastimosa historia. \u2014Call\u00f3 unos instantes. Parec\u00eda <br \/>reflexionar. Silvia aguard\u00f3 en silencio\u2014. Ven. Te invito a un caf\u00e9 y <br \/>te lo cuento.<br \/>\u2014No tomo caf\u00e9.<br \/>\u2014\u00bfUn refresco? \u2014Observ\u00f3 el gesto de Silvia y luego a\u00f1adi\u00f3\u2014: <br \/>\u00bfAgua, entonces?<br \/>Recorrieron el largo pasillo hasta la cocina. Estaba desierto a aquella hora. Mar\u00eda sac\u00f3 dos vasos de una peque\u00f1a vitrina y los <br \/>puso sobre la mesa.<br \/>\u2014Se llama Ana D\u00edez y lleva aqu\u00ed varios meses.<br \/>Se le permit\u00eda quedarse a su lado, acompa\u00f1\u00e1ndola, hasta tarde. <br \/>Hacia las nueve de la noche, cuando retornaba a casa y evocaba el <br \/>estado de la muchacha, se dec\u00eda a s\u00ed misma mientras circulaba por <br \/>las angostas y oscuras carreteras que conduc\u00edan a Seguera: \u201cNo hay <br \/>avance, no\u2026 \u00a1Se la ve muy p\u00e1lida y tan d\u00e9bil\u2026!\u201d<br \/>El sonido del timbre la alej\u00f3 de tales consideraciones <br \/>devolvi\u00e9ndola al presente. Cerr\u00f3 la carpeta de redacciones y se <br \/>dirigi\u00f3 al aula de 1\u00ba de bachillerato. Algunos alumnos la esperaban <br \/>ya en la puerta y la saludaron con simpat\u00eda. Se hab\u00eda ganado el <br \/>cari\u00f1o y el respeto de los adolescentes desde el principio. Tambi\u00e9n, <br \/>del profesorado.<\/p><p>Estuvo lloviendo durante toda la ma\u00f1ana. Poco antes de que <br \/>finalizara la jornada, el tiempo empeor\u00f3 y arreci\u00f3 la tormenta. La <br \/>abundante lluvia provoc\u00f3 el desbordamiento del r\u00edo que atravesaba <br \/>la ciudad y, de regreso a su hogar, Silvia detuvo el coche para <br \/>contemplarlo. Son\u00f3 el m\u00f3vil dentro de su bolso. Al contestar, <br \/>reconoci\u00f3 la voz grave, inconfundible, de Mario.<br \/>\u2014Estoy tratando de llegar a casa, si es que la madre naturaleza <br \/>me lo permite \u2014contest\u00f3 ella al saludo, y sonri\u00f3 ligeramente al <br \/>hacerlo.<br \/>Mario comprendi\u00f3.<br \/>\u2014Tambi\u00e9n aqu\u00ed est\u00e1 diluviando. \u00bfC\u00f3mo te ha ido la semana?<br \/>\u2014Bien. Mucho trabajo\u2026 Estamos en \u00e9poca de ex\u00e1menes. \u00bfNos <br \/>vemos el s\u00e1bado en casa de Julio?<br \/>\u2014\u00bfPaso a buscarte a las cinco?<br \/>\u2014Tendr\u00e1s que desviarte de tu ruta y no quisiera importunarte\u2026<br \/>\u2014Sabes que tu compa\u00f1\u00eda es para m\u00ed uno de los mayores placeres <br \/>de que puedo gozar.<br \/>Era sincero. Silvia lo sab\u00eda.<br \/>\u2014A las cinco, entonces. Gracias, Mario.<br \/>* * *<br \/><br \/>Desde primera hora del s\u00e1bado estuvo el doctor Prat de Sala <br \/>trabajando en su consulta. Algunos de sus pacientes presentaban <br \/>mejoras importantes. Los progresos se deb\u00edan a los cambios <br \/>que hab\u00eda introducido en los tratamientos. Era una autoridad <br \/>en biolog\u00eda celular. En los largos a\u00f1os de estudio en la facultad <br \/>de medicina, hab\u00eda aprendido muchas cosas sobre la salud y la <br \/>enfermedad. Pero los conocimientos definitivos, m\u00e1s avanzados, <br \/>le llegaron un quinquenio despu\u00e9s, tras conocer en un congreso al <br \/>eminente cient\u00edfico alem\u00e1n Johann Renner. Este lo puso al corriente <br \/>de los \u00faltimos descubrimientos para la sanaci\u00f3n del c\u00e1ncer y otras <br \/>dolencias de las llamadas \u201cincurables\u201d, y le ofreci\u00f3 la posibilidad de <br \/>colaborar en una importante investigaci\u00f3n que estaba llevando a <br \/>cabo junto a un equipo de genetistas americanos.<\/p><p>Mario Prat de Sala hab\u00eda abandonado la ortodoxia universitaria <br \/>para abrazar estos m\u00e9todos innovadores que estaban teniendo <br \/>resultados extraordinarios, y se convirti\u00f3 en un proscrito para <br \/>el cuerpo m\u00e9dico oficial. Se diplom\u00f3 en naturopat\u00eda; luego, en <br \/>kinesiolog\u00eda y acupuntura. Ahond\u00f3 en sus conocimientos sobre la <br \/>f\u00edsica cu\u00e1ntica y colabor\u00f3 en diversos estudios de epigen\u00e9tica que <br \/>fueron decisivos para cambiar el paradigma por el que hasta entonces <br \/>se hab\u00eda regido la ciencia. El modelo newtoniano retrocedi\u00f3 frente <br \/>a la visi\u00f3n cu\u00e1ntica del universo, m\u00e1s integradora y cercana a la <br \/>realidad.<\/p><p>Cuando alguien acud\u00eda a su consulta aquejado de psoriasis, <br \/>sobrepeso, alg\u00fan tumor o cualquier otra afecci\u00f3n, Prat de Sala <br \/>preguntaba casi invariablemente: \u201c\u00bfQu\u00e9 come usted?\u201d, para a\u00f1adir <br \/>a continuaci\u00f3n: \u201c\u00bfY c\u00f3mo est\u00e1 viviendo su vida?\u201d<br \/>Modificar la dieta del paciente se convirti\u00f3 en un aspecto <br \/>importante de su terapia. Recomendaba tambi\u00e9n ba\u00f1os de sol, <br \/>andar por la naturaleza y tener la mente en paz. \u201cLos conflictos de <br \/>conciencia son el caldo de cultivo de las enfermedades\u201d, les dec\u00eda a <br \/>sus clientes.<\/p><p>A las cinco en punto del s\u00e1bado, Silvia sali\u00f3 de su casa. Mario <br \/>la esperaba ya fuera del coche dando cortos paseos por la acera. <br \/>La observ\u00f3 mientras se acercaba risue\u00f1a, serena, muy hermosa. La <br \/>hab\u00eda conocido tiempo atr\u00e1s, en la conferencia que Eckhart Tolle <br \/>pronunciara en Barcelona. Qued\u00f3 prendado de su belleza nada\u00a0<br \/>m\u00e1s verla. Sus ojos verde hierba lo sedujeron hasta el punto de <br \/>que pas\u00f3 varios d\u00edas sin poder conciliar el sue\u00f1o en profundidad, <br \/>obsesionado por volver a ver a esta mujer que se le antojaba una <br \/>aparici\u00f3n de otro mundo. Las extra\u00f1as casualidades de la vida los <br \/>reuni\u00f3 algunos meses despu\u00e9s en el domicilio de Julio Vergara. <br \/>Mario la vio entrar en el amplio sal\u00f3n de la casa del pintor y caminar <br \/>hacia el peque\u00f1o grupo de personas que hablaba animadamente. <br \/>Los salud\u00f3 uno a uno, abraz\u00e1ndolos con calidez. Supo \u00e9l, entonces, <br \/>que hab\u00eda encontrado el amor de su vida y que jam\u00e1s ser\u00eda capaz de <br \/>amar a ninguna otra mujer como a aquella&#8230;<\/p>\t\t\t\t\t<\/div>\n\t\t\t\t\t\t<\/div>\n\t\t\t\t<\/div>\n\t\t\t\t\t\t<\/div>\n\t\t\t\t\t<\/div>\n\t\t<\/div>\n\t\t\t\t\t\t\t\t<\/div>\n\t\t\t\t\t<\/div>\n\t\t<\/section>\n\t\t\t\t\t\t<\/div>\n\t\t\t\t\t\t<\/div>\n\t\t\t\t\t<\/div>\n\t\t","protected":false},"excerpt":{"rendered":"<h3>EN LA LUZ<\/h3>\n<h4>Una Novela Espiritual<\/h4>\n<p><em>Armon\u00eda Mart\u00edn<\/em><\/p>\n<p>Hay en esta obra una gran riqueza de temas y experiencias, y unas cuantas l\u00edneas no pueden abarcar las luminosas historias que contiene. Lo que s\u00ed podemos asegurar es que nos encontramos ante una novela extraordinaria dentro de la narrativa espiritual.<\/p>\n<p>Con un estilo de gran belleza, la obra nos introduce en la vida de la joven profesora de literatura, Silvia Vidal. Su calidad humana y su empat\u00eda la convierten en alguien muy querido en el instituto de ense\u00f1anza secundaria donde trabaja. Dotada de un excepcional don para sanar, colabora con el Hospital Joseph Lister de Barcelona, en el que se ha ganado el cari\u00f1o y el aprecio de los pacientes.<\/p>\n<p>El mundo de luces y sombras que rodea a la protagonista, los hechos lacerantes, las difamaciones y las situaciones cr\u00edticas que se ve obligada a afrontar la afectar\u00e1n en lo m\u00e1s hondo de su ser. Inmersa en una atm\u00f3sfera que acaba siendo asfixiante para ella, decidir\u00e1 abandonar su profesi\u00f3n, su hogar y todo cuanto amaba para refugiarse en la soledad y el silencio de los bosques alpinos. Un intenso trabajo espiritual sobre s\u00ed misma la va conduciendo a un estado interno de profunda paz que culminar\u00e1 en luminosas experiencias m\u00edsticas\u2026<\/p>\n<p>Una obra que impresiona muy gratamente. Lleva consciencia al lector y lo conduce a estados de sosiego y armon\u00eda. La novela nos pone en contacto con temas existenciales que no nos dejan indiferentes. Nos presenta, adem\u00e1s, una naturaleza de exuberante belleza, donde se desdibuja la l\u00ednea divisoria entre el ser humano y las criaturas del bosque; donde se establece entre unos y otros una c\u00e1lida relaci\u00f3n de entendimiento y amistad, de respeto y ternura.<\/p>\n<p><em>En la Luz <\/em>es un relato inolvidable que abraza el coraz\u00f3n del lector y se queda brillando en su alma. Una novela que nos traslada a los niveles de conciencia donde la vida se ve radiante y hermosa.<\/p>\n","protected":false},"featured_media":3281,"template":"elementor_header_footer","meta":{"_mi_skip_tracking":false,"_monsterinsights_sitenote_active":false,"_monsterinsights_sitenote_note":"","_monsterinsights_sitenote_category":0},"_links":{"self":[{"href":"https:\/\/edicionesvia.com\/index.php\/wp-json\/wp\/v2\/product\/3280"}],"collection":[{"href":"https:\/\/edicionesvia.com\/index.php\/wp-json\/wp\/v2\/product"}],"about":[{"href":"https:\/\/edicionesvia.com\/index.php\/wp-json\/wp\/v2\/types\/product"}],"version-history":[{"count":26,"href":"https:\/\/edicionesvia.com\/index.php\/wp-json\/wp\/v2\/product\/3280\/revisions"}],"predecessor-version":[{"id":3375,"href":"https:\/\/edicionesvia.com\/index.php\/wp-json\/wp\/v2\/product\/3280\/revisions\/3375"}],"wp:featuredmedia":[{"embeddable":true,"href":"https:\/\/edicionesvia.com\/index.php\/wp-json\/wp\/v2\/media\/3281"}],"wp:attachment":[{"href":"https:\/\/edicionesvia.com\/index.php\/wp-json\/wp\/v2\/media?parent=3280"}],"curies":[{"name":"wp","href":"https:\/\/api.w.org\/{rel}","templated":true}]}}