{"id":2407,"date":"2023-05-10T11:24:13","date_gmt":"2023-05-10T10:24:13","guid":{"rendered":"https:\/\/edicionesvia.com\/?post_type=product&#038;p=2407"},"modified":"2023-08-21T13:19:31","modified_gmt":"2023-08-21T12:19:31","slug":"jesucristo-maestro-de-la-luz","status":"publish","type":"product","link":"https:\/\/edicionesvia.com\/index.php\/product\/jesucristo-maestro-de-la-luz\/","title":{"rendered":"JESUCRISTO MAESTRO DE LA LUZ"},"content":{"rendered":"\t\t<div data-elementor-type=\"product-post\" data-elementor-id=\"2407\" class=\"elementor elementor-2407\" data-elementor-settings=\"[]\">\n\t\t\t\t\t\t<div class=\"elementor-inner\">\n\t\t\t\t\t\t\t<div class=\"elementor-section-wrap\">\n\t\t\t\t\t\t\t<section class=\"elementor-section elementor-top-section elementor-element elementor-element-5af430b elementor-section-boxed elementor-section-height-default elementor-section-height-default\" data-id=\"5af430b\" data-element_type=\"section\">\n\t\t\t\t\t\t<div class=\"elementor-container elementor-column-gap-default\">\n\t\t\t\t\t\t\t<div class=\"elementor-row\">\n\t\t\t\t\t<div class=\"elementor-column elementor-col-33 elementor-top-column elementor-element elementor-element-db9fc78\" data-id=\"db9fc78\" data-element_type=\"column\">\n\t\t\t<div class=\"elementor-column-wrap elementor-element-populated\">\n\t\t\t\t\t\t\t<div class=\"elementor-widget-wrap\">\n\t\t\t\t\t\t<div class=\"elementor-element elementor-element-01421ad elementor-widget-divider--view-line elementor-widget elementor-widget-divider\" data-id=\"01421ad\" data-element_type=\"widget\" data-widget_type=\"divider.default\">\n\t\t\t\t<div class=\"elementor-widget-container\">\n\t\t\t\t\t<div class=\"elementor-divider\">\n\t\t\t<span class=\"elementor-divider-separator\">\n\t\t\t\t\t\t<\/span>\n\t\t<\/div>\n\t\t\t\t<\/div>\n\t\t\t\t<\/div>\n\t\t\t\t<div class=\"elementor-element elementor-element-d17800a elementor-widget elementor-widget-image\" data-id=\"d17800a\" data-element_type=\"widget\" data-widget_type=\"image.default\">\n\t\t\t\t<div class=\"elementor-widget-container\">\n\t\t\t\t\t\t\t\t<div class=\"elementor-image\">\n\t\t\t\t\t\t\t\t\t\t\t\t\t<a href=\"https:\/\/edicionesvia.com\/index.php\/product\/jesucristo-maestro-de-la-luz\/\">\n\t\t\t\t\t\t\t<img src=\"https:\/\/edicionesvia.com\/wp-content\/uploads\/elementor\/thumbs\/Solo-Portada-Mahendra-scaled-q696ogrqu5iqpdgoyzxqfl055qz3lc6s87zzpkg5y8.jpg\" title=\"Solo Portada Mahendra\" alt=\"Solo Portada Mahendra\" \/>\t\t\t\t\t\t\t\t<\/a>\n\t\t\t\t\t\t\t\t\t\t\t\t\t\t<\/div>\n\t\t\t\t\t\t<\/div>\n\t\t\t\t<\/div>\n\t\t\t\t<div class=\"elementor-element elementor-element-32681f1 elementor-widget elementor-widget-heading\" data-id=\"32681f1\" data-element_type=\"widget\" data-widget_type=\"heading.default\">\n\t\t\t\t<div class=\"elementor-widget-container\">\n\t\t\t<h3 class=\"elementor-heading-title elementor-size-default\"><a href=\"https:\/\/edicionesvia.com\/index.php\/product\/jesucristo-maestro-de-la-luz\/\">210 Pag. 19,90\u20ac<\/a><\/h3>\t\t<\/div>\n\t\t\t\t<\/div>\n\t\t\t\t<div class=\"elementor-element elementor-element-85e9bb5 elementor-align-center elementor-widget elementor-widget-wc-add-to-cart\" data-id=\"85e9bb5\" data-element_type=\"widget\" data-widget_type=\"wc-add-to-cart.default\">\n\t\t\t\t<div class=\"elementor-widget-container\">\n\t\t\t\t\t<div class=\"elementor-button-wrapper\">\n\t\t\t<a rel=\"nofollow\" href=\"?add-to-cart=2407\" data-quantity=\"1\" data-product_id=\"2407\" class=\"product_type_simple add_to_cart_button ajax_add_to_cart elementor-button elementor-size-sm\" role=\"button\">\n\t\t\t\t\t\t<span class=\"elementor-button-content-wrapper\">\n\t\t\t\t\t\t<span class=\"elementor-button-icon elementor-align-icon-left\">\n\t\t\t\t<i aria-hidden=\"true\" class=\"fas fa-shopping-cart\"><\/i>\t\t\t<\/span>\n\t\t\t\t\t\t<span class=\"elementor-button-text\">A\u00f1adir al carro<\/span>\n\t\t<\/span>\n\t\t\t\t\t<\/a>\n\t\t<\/div>\n\t\t\t\t<\/div>\n\t\t\t\t<\/div>\n\t\t\t\t<div class=\"elementor-element elementor-element-5e3af6c elementor-menu-cart--items-indicator-plain toggle-icon--cart-medium elementor-menu-cart--show-subtotal-yes elementor-menu-cart--cart-type-side-cart elementor-menu-cart--show-remove-button-yes elementor-widget elementor-widget-woocommerce-menu-cart\" data-id=\"5e3af6c\" data-element_type=\"widget\" data-settings=\"{&quot;cart_type&quot;:&quot;side-cart&quot;,&quot;open_cart&quot;:&quot;click&quot;,&quot;automatically_open_cart&quot;:&quot;no&quot;}\" data-widget_type=\"woocommerce-menu-cart.default\">\n\t\t\t\t<div class=\"elementor-widget-container\">\n\t\t\t\t\t<div class=\"elementor-menu-cart__wrapper\">\n\t\t\t\t\t\t\t<div class=\"elementor-menu-cart__toggle_wrapper\">\n\t\t\t\t\t<div class=\"elementor-menu-cart__container elementor-lightbox\" aria-hidden=\"true\">\n\t\t\t\t\t\t<div class=\"elementor-menu-cart__main\" aria-hidden=\"true\">\n\t\t\t\t\t\t\t<div class=\"elementor-menu-cart__close-button\"><\/div>\n\t\t\t\t\t\t\t<div class=\"widget_shopping_cart_content\">\n\t\t\t\t\t\t\t\t\t<div class=\"woocommerce-mini-cart__empty-message\">No hay productos en el carrito.<\/div>\n\t\t\t\t\t\t\t<\/div>\n\t\t\t\t\t\t<\/div>\n\t\t\t\t\t<\/div>\n\t\t\t\t\t\t\t<div class=\"elementor-menu-cart__toggle elementor-button-wrapper\">\n\t\t\t<a id=\"elementor-menu-cart__toggle_button\" href=\"#\" class=\"elementor-menu-cart__toggle_button elementor-button elementor-size-sm\" aria-expanded=\"false\">\n\t\t\t\t<span class=\"elementor-button-text\"><span class=\"woocommerce-Price-amount amount\"><span class=\"woocommerce-Price-currencySymbol\">&euro;<\/span>0.00<\/span><\/span>\n\t\t\t\t<span class=\"elementor-button-icon\" data-counter=\"0\">\n\t\t\t\t\t<i class=\"eicon\"><\/i>\n\t\t\t\t\t<span class=\"elementor-screen-only\">Carrito<\/span>\n\t\t\t\t<\/span>\n\t\t\t<\/a>\n\t\t<\/div>\n\t\t\t\t\t\t<\/div>\n\t\t\t\t\t<\/div> <!-- close elementor-menu-cart__wrapper -->\n\t\t\t\t<\/div>\n\t\t\t\t<\/div>\n\t\t\t\t\t\t<\/div>\n\t\t\t\t\t<\/div>\n\t\t<\/div>\n\t\t\t\t<div class=\"elementor-column elementor-col-66 elementor-top-column elementor-element elementor-element-dbd25f7\" data-id=\"dbd25f7\" data-element_type=\"column\">\n\t\t\t<div class=\"elementor-column-wrap elementor-element-populated\">\n\t\t\t\t\t\t\t<div class=\"elementor-widget-wrap\">\n\t\t\t\t\t\t<div class=\"elementor-element elementor-element-ff6dc4f elementor-widget-divider--view-line elementor-widget elementor-widget-divider\" data-id=\"ff6dc4f\" data-element_type=\"widget\" data-widget_type=\"divider.default\">\n\t\t\t\t<div class=\"elementor-widget-container\">\n\t\t\t\t\t<div class=\"elementor-divider\">\n\t\t\t<span class=\"elementor-divider-separator\">\n\t\t\t\t\t\t<\/span>\n\t\t<\/div>\n\t\t\t\t<\/div>\n\t\t\t\t<\/div>\n\t\t\t\t<div class=\"elementor-element elementor-element-74b6cda elementor-widget elementor-widget-text-editor\" data-id=\"74b6cda\" data-element_type=\"widget\" data-widget_type=\"text-editor.default\">\n\t\t\t\t<div class=\"elementor-widget-container\">\n\t\t\t\t\t\t\t\t<div class=\"elementor-text-editor elementor-clearfix\">\n\t\t\t\t<h1 style=\"text-align: center;\"><strong>JESUCRISTO MAESTRO DE LA LUZ<\/strong><\/h1><h1 style=\"text-align: center;\"><strong>&amp;\u00a0<\/strong><\/h1><h1 style=\"text-align: center;\"><strong>HISTORIAS DE LA INDIA<\/strong><\/h1><div style=\"text-align: center;\"><em>Mahendra Tevar<\/em><\/div><div>\u00a0<\/div><p>\u00a0 \u00a0 \u00a0 \u00a0 \u00a0 \u00a0<\/p><p><strong>\u00a0 \u00a0 \u00a0 \u00a0 \u00a0 \u00a0 La humanidad se encuentra embarcada en un largo viaje por la eternidad. Y en ese periplo nos hallamos, a veces, ante seres que han dedicado su existencia a buscar en el interior una comprensi\u00f3n profunda de lo que en verdad somos.<\/strong><\/p><p><strong>\u00a0 \u00a0 \u00a0 \u00a0 \u00a0 \u00a0 El autor ha viajado por diferentes pa\u00edses y residido durante a\u00f1os en India, Sri Lanka y Nepal. El encuentro con maestros espirituales realizados represent\u00f3 un cambio significativo en su camino. Pero la transformaci\u00f3n definitiva tiene lugar mucho despu\u00e9s, cuando la presencia de Cristo irrumpe en su vida y entra en contacto con los cristianos originarios.<\/strong><\/p><p><strong>\u00a0 \u00a0 \u00a0 \u00a0 \u00a0 \u00a0 En esta obra, Mahendra desvela aspectos de la vida personal y p\u00fablica del\u00a0 Maestro; aborda el proceso de la ca\u00edda desde los Cielos Puros, lo cual da lugar a la existencia del ser humano y del universo que habitamos. Alude a la segunda venida de Cristo, y a la misi\u00f3n de los arc\u00e1ngeles en el plan de Dios para la humanidad. Explica, tambi\u00e9n, la ley del karma, y nos recuerda que todo cuanto existe se halla en un proceso evolutivo, caminando hacia su propia perfecci\u00f3n. La figura de Jesucristo se alza, radiante, en la obra. Su presencia desprende esperanza, ternura, y un incondicional amor.<\/strong><\/p><p><strong>\u00a0 \u00a0 \u00a0 \u00a0 \u00a0 \u00a0 Asimismo, el autor \u2013fuente de inspiraci\u00f3n y referente espiritual en el camino de muchos- se sincera con el lector y comparte con \u00e9l sus vivencias m\u00e1s profundas, aquellas que lo han ido conduciendo hacia un estado interior de paz, as\u00ed como sus pr\u00e1cticas espirituales. Y nos <\/strong><strong>presenta la vida y ense\u00f1anzas de <em>sadhus<\/em>, yoguis y hombres santos de la India que han resultado decisivos en su despertar espiritual.<\/strong><\/p><p>\u00a0 \u00a0 \u00a0 \u00a0<\/p>\t\t\t\t\t<\/div>\n\t\t\t\t\t\t<\/div>\n\t\t\t\t<\/div>\n\t\t\t\t\t\t<\/div>\n\t\t\t\t\t<\/div>\n\t\t<\/div>\n\t\t\t\t\t\t\t\t<\/div>\n\t\t\t\t\t<\/div>\n\t\t<\/section>\n\t\t\t\t\t\t<\/div>\n\t\t\t\t\t\t<\/div>\n\t\t\t\t\t<\/div>\n\t\t","protected":false},"excerpt":{"rendered":"<p><strong>JESUCRISTO MAESTRO DE LA LUZ &amp; HISTORIAS DE LA INDIA<\/strong><\/p>\n<p><b>Mahendra Tevar<\/b><\/p>\n<p>La humanidad se encuentra embarcada en un largo viaje por la eternidad. Y en ese periplo nos hallamos, a veces, ante seres que han dedicado su existencia a buscar en el interior una comprensi\u00f3n profunda de lo que en verdad somos.<\/p>\n<p>El autor ha viajado por diferentes pa\u00edses y residido durante a\u00f1os en India, Sri Lanka y Nepal. El encuentro con maestros espirituales realizados represent\u00f3 un cambio significativo en su camino. Pero la transformaci\u00f3n definitiva tiene lugar mucho despu\u00e9s, cuando la presencia de Cristo irrumpe en su vida y entra en contacto con los cristianos originarios.<\/p>\n<p>En esta obra, Mahendra desvela aspectos de la vida personal y p\u00fablica del\u00a0 Maestro; aborda el proceso de la ca\u00edda desde los Cielos Puros, lo cual da lugar a la existencia del ser humano y del universo que habitamos. Alude a la segunda venida de Cristo, y a la misi\u00f3n de los arc\u00e1ngeles en el plan de Dios para la humanidad. Explica, tambi\u00e9n, la ley del karma, y nos recuerda que todo cuanto existe se halla en un proceso evolutivo, caminando hacia su propia perfecci\u00f3n. La figura de Jesucristo se alza, radiante, en la obra. Su presencia desprende esperanza, ternura, y un incondicional amor.<\/p>\n<p>Asimismo, el autor \u2013fuente de inspiraci\u00f3n y referente espiritual en el camino de muchos- se sincera con el lector y comparte con \u00e9l sus vivencias m\u00e1s profundas, aquellas que lo han ido conduciendo hacia un estado interior de paz, as\u00ed como sus pr\u00e1cticas espirituales. Y nos presenta la vida y ense\u00f1anzas de <em>sadhus<\/em>, yoguis y hombres santos de la India que han resultado decisivos en su despertar espiritual.<\/p>\n<p>&nbsp;<\/p>\n","protected":false},"featured_media":2408,"template":"elementor_header_footer","meta":{"_mi_skip_tracking":false,"_monsterinsights_sitenote_active":false,"_monsterinsights_sitenote_note":"","_monsterinsights_sitenote_category":0},"_links":{"self":[{"href":"https:\/\/edicionesvia.com\/index.php\/wp-json\/wp\/v2\/product\/2407"}],"collection":[{"href":"https:\/\/edicionesvia.com\/index.php\/wp-json\/wp\/v2\/product"}],"about":[{"href":"https:\/\/edicionesvia.com\/index.php\/wp-json\/wp\/v2\/types\/product"}],"version-history":[{"count":16,"href":"https:\/\/edicionesvia.com\/index.php\/wp-json\/wp\/v2\/product\/2407\/revisions"}],"predecessor-version":[{"id":2611,"href":"https:\/\/edicionesvia.com\/index.php\/wp-json\/wp\/v2\/product\/2407\/revisions\/2611"}],"wp:featuredmedia":[{"embeddable":true,"href":"https:\/\/edicionesvia.com\/index.php\/wp-json\/wp\/v2\/media\/2408"}],"wp:attachment":[{"href":"https:\/\/edicionesvia.com\/index.php\/wp-json\/wp\/v2\/media?parent=2407"}],"curies":[{"name":"wp","href":"https:\/\/api.w.org\/{rel}","templated":true}]}}