{"id":2316,"date":"2023-03-10T13:44:15","date_gmt":"2023-03-10T12:44:15","guid":{"rendered":"https:\/\/edicionesvia.com\/?post_type=product&#038;p=2316"},"modified":"2023-08-21T13:18:58","modified_gmt":"2023-08-21T12:18:58","slug":"ramana-maharshi-sutras","status":"publish","type":"product","link":"https:\/\/edicionesvia.com\/index.php\/product\/ramana-maharshi-sutras\/","title":{"rendered":"RAMANA MAHARSHI SUTRAS"},"content":{"rendered":"\t\t<div data-elementor-type=\"product-post\" data-elementor-id=\"2316\" class=\"elementor elementor-2316\" data-elementor-settings=\"[]\">\n\t\t\t\t\t\t<div class=\"elementor-inner\">\n\t\t\t\t\t\t\t<div class=\"elementor-section-wrap\">\n\t\t\t\t\t\t\t<section class=\"elementor-section elementor-top-section elementor-element elementor-element-5af430b elementor-section-boxed elementor-section-height-default elementor-section-height-default\" data-id=\"5af430b\" data-element_type=\"section\">\n\t\t\t\t\t\t<div class=\"elementor-container elementor-column-gap-default\">\n\t\t\t\t\t\t\t<div class=\"elementor-row\">\n\t\t\t\t\t<div class=\"elementor-column elementor-col-33 elementor-top-column elementor-element elementor-element-db9fc78\" data-id=\"db9fc78\" data-element_type=\"column\">\n\t\t\t<div class=\"elementor-column-wrap elementor-element-populated\">\n\t\t\t\t\t\t\t<div class=\"elementor-widget-wrap\">\n\t\t\t\t\t\t<div class=\"elementor-element elementor-element-01421ad elementor-widget-divider--view-line elementor-widget elementor-widget-divider\" data-id=\"01421ad\" data-element_type=\"widget\" data-widget_type=\"divider.default\">\n\t\t\t\t<div class=\"elementor-widget-container\">\n\t\t\t\t\t<div class=\"elementor-divider\">\n\t\t\t<span class=\"elementor-divider-separator\">\n\t\t\t\t\t\t<\/span>\n\t\t<\/div>\n\t\t\t\t<\/div>\n\t\t\t\t<\/div>\n\t\t\t\t<div class=\"elementor-element elementor-element-d17800a elementor-widget elementor-widget-image\" data-id=\"d17800a\" data-element_type=\"widget\" data-widget_type=\"image.default\">\n\t\t\t\t<div class=\"elementor-widget-container\">\n\t\t\t\t\t\t\t\t<div class=\"elementor-image\">\n\t\t\t\t\t\t\t\t\t\t\t\t\t<a href=\"https:\/\/edicionesvia.com\/index.php\/product\/ramana-maharshi-sutras\/\">\n\t\t\t\t\t\t\t<img src=\"https:\/\/edicionesvia.com\/wp-content\/uploads\/elementor\/thumbs\/Ramana-Sutras-Tapas-Portada-q3b63v9nj7xq9poqlk9v04whylbboj7ym7e50br4f4.jpg\" title=\"Ramana Sutras Tapas Portada\" alt=\"Ramana Sutras Tapas Portada\" \/>\t\t\t\t\t\t\t\t<\/a>\n\t\t\t\t\t\t\t\t\t\t\t\t\t\t<\/div>\n\t\t\t\t\t\t<\/div>\n\t\t\t\t<\/div>\n\t\t\t\t<div class=\"elementor-element elementor-element-32681f1 elementor-widget elementor-widget-heading\" data-id=\"32681f1\" data-element_type=\"widget\" data-widget_type=\"heading.default\">\n\t\t\t\t<div class=\"elementor-widget-container\">\n\t\t\t<h3 class=\"elementor-heading-title elementor-size-default\"><a href=\"https:\/\/edicionesvia.com\/index.php\/product\/ramana-maharshi-sutras\/\">142 Pag. 14,90\u20ac<\/a><\/h3>\t\t<\/div>\n\t\t\t\t<\/div>\n\t\t\t\t<div class=\"elementor-element elementor-element-85e9bb5 elementor-align-center elementor-widget elementor-widget-wc-add-to-cart\" data-id=\"85e9bb5\" data-element_type=\"widget\" data-widget_type=\"wc-add-to-cart.default\">\n\t\t\t\t<div class=\"elementor-widget-container\">\n\t\t\t\t\t<div class=\"elementor-button-wrapper\">\n\t\t\t<a rel=\"nofollow\" href=\"?add-to-cart=2316\" data-quantity=\"1\" data-product_id=\"2316\" class=\"product_type_simple add_to_cart_button ajax_add_to_cart elementor-button elementor-size-sm\" role=\"button\">\n\t\t\t\t\t\t<span class=\"elementor-button-content-wrapper\">\n\t\t\t\t\t\t<span class=\"elementor-button-icon elementor-align-icon-left\">\n\t\t\t\t<i aria-hidden=\"true\" class=\"fas fa-shopping-cart\"><\/i>\t\t\t<\/span>\n\t\t\t\t\t\t<span class=\"elementor-button-text\">A\u00f1adir al carro<\/span>\n\t\t<\/span>\n\t\t\t\t\t<\/a>\n\t\t<\/div>\n\t\t\t\t<\/div>\n\t\t\t\t<\/div>\n\t\t\t\t<div class=\"elementor-element elementor-element-ed6be9a elementor-menu-cart--items-indicator-plain toggle-icon--cart-medium elementor-menu-cart--show-subtotal-yes elementor-menu-cart--cart-type-side-cart elementor-menu-cart--show-remove-button-yes elementor-widget elementor-widget-woocommerce-menu-cart\" data-id=\"ed6be9a\" data-element_type=\"widget\" data-settings=\"{&quot;cart_type&quot;:&quot;side-cart&quot;,&quot;open_cart&quot;:&quot;click&quot;,&quot;automatically_open_cart&quot;:&quot;no&quot;}\" data-widget_type=\"woocommerce-menu-cart.default\">\n\t\t\t\t<div class=\"elementor-widget-container\">\n\t\t\t\t\t<div class=\"elementor-menu-cart__wrapper\">\n\t\t\t\t\t\t\t<div class=\"elementor-menu-cart__toggle_wrapper\">\n\t\t\t\t\t<div class=\"elementor-menu-cart__container elementor-lightbox\" aria-hidden=\"true\">\n\t\t\t\t\t\t<div class=\"elementor-menu-cart__main\" aria-hidden=\"true\">\n\t\t\t\t\t\t\t<div class=\"elementor-menu-cart__close-button\"><\/div>\n\t\t\t\t\t\t\t<div class=\"widget_shopping_cart_content\">\n\t\t\t\t\t\t\t\t\t<div class=\"woocommerce-mini-cart__empty-message\">No hay productos en el carrito.<\/div>\n\t\t\t\t\t\t\t<\/div>\n\t\t\t\t\t\t<\/div>\n\t\t\t\t\t<\/div>\n\t\t\t\t\t\t\t<div class=\"elementor-menu-cart__toggle elementor-button-wrapper\">\n\t\t\t<a id=\"elementor-menu-cart__toggle_button\" href=\"#\" class=\"elementor-menu-cart__toggle_button elementor-button elementor-size-sm\" aria-expanded=\"false\">\n\t\t\t\t<span class=\"elementor-button-text\"><span class=\"woocommerce-Price-amount amount\"><span class=\"woocommerce-Price-currencySymbol\">&euro;<\/span>0.00<\/span><\/span>\n\t\t\t\t<span class=\"elementor-button-icon\" data-counter=\"0\">\n\t\t\t\t\t<i class=\"eicon\"><\/i>\n\t\t\t\t\t<span class=\"elementor-screen-only\">Carrito<\/span>\n\t\t\t\t<\/span>\n\t\t\t<\/a>\n\t\t<\/div>\n\t\t\t\t\t\t<\/div>\n\t\t\t\t\t<\/div> <!-- close elementor-menu-cart__wrapper -->\n\t\t\t\t<\/div>\n\t\t\t\t<\/div>\n\t\t\t\t\t\t<\/div>\n\t\t\t\t\t<\/div>\n\t\t<\/div>\n\t\t\t\t<div class=\"elementor-column elementor-col-66 elementor-top-column elementor-element elementor-element-dbd25f7\" data-id=\"dbd25f7\" data-element_type=\"column\">\n\t\t\t<div class=\"elementor-column-wrap elementor-element-populated\">\n\t\t\t\t\t\t\t<div class=\"elementor-widget-wrap\">\n\t\t\t\t\t\t<div class=\"elementor-element elementor-element-ff6dc4f elementor-widget-divider--view-line elementor-widget elementor-widget-divider\" data-id=\"ff6dc4f\" data-element_type=\"widget\" data-widget_type=\"divider.default\">\n\t\t\t\t<div class=\"elementor-widget-container\">\n\t\t\t\t\t<div class=\"elementor-divider\">\n\t\t\t<span class=\"elementor-divider-separator\">\n\t\t\t\t\t\t<\/span>\n\t\t<\/div>\n\t\t\t\t<\/div>\n\t\t\t\t<\/div>\n\t\t\t\t<div class=\"elementor-element elementor-element-74b6cda elementor-widget elementor-widget-text-editor\" data-id=\"74b6cda\" data-element_type=\"widget\" data-widget_type=\"text-editor.default\">\n\t\t\t\t<div class=\"elementor-widget-container\">\n\t\t\t\t\t\t\t\t<div class=\"elementor-text-editor elementor-clearfix\">\n\t\t\t\t<h1 style=\"text-align: center;\"><strong>RAMANA MAHARSHI SUTRAS <\/strong><\/h1><h1 style=\"text-align: center;\"><strong>&amp; ELLAM ONRU<\/strong><\/h1><h2 style=\"text-align: center;\"><strong>250 Citas para la contemplaci\u00f3n, meditaci\u00f3n o reflexi\u00f3n<\/strong><\/h2><div style=\"text-align: right;\"><strong>J. Carte<\/strong><\/div><div>\u00a0<\/div><p>\u00a0 \u00a0 \u00a0 \u00a0 \u00a0 \u00a0 \u00a0 \u00a0 \u00a0 \u00a0 \u00a0Este es un libro de \u201cIluminaci\u00f3n\u201d, es decir, ha sido compuesto para ser meditado, no le\u00eddo sin m\u00e1s. As\u00ed pues, le aconsejamos que para una adecuada comprensi\u00f3n del mismo lea o relea, una vez o m\u00e1s, cada una de las citas, sin pasar a la siguiente hasta que haya percibido su \u201cperfume\u201d.<\/p><p>\u00a0\u00a0\u00a0\u00a0\u00a0\u00a0\u00a0\u00a0\u00a0\u00a0\u00a0\u00a0\u00a0\u00a0\u00a0 \u00a0\u00a0\u00a0\u00a0\u00a0 Tras cada cita hay un simbolo del \u201cPranava\u201d Om. Det\u00e9ngase en \u00e9l y aproveche para tener un momento de silencio, a fin de que lo dicho en la cita pueda penetrar en su ser.<\/p><p>\u00a0\u00a0\u00a0\u00a0\u00a0\u00a0\u00a0\u00a0\u00a0\u00a0\u00a0\u00a0\u00a0\u00a0\u00a0 \u00a0\u00a0\u00a0\u00a0\u00a0 El Ellam Onru\/Ellam Ondre es un texto an\u00f3nimo cuya lectura Ramana Maharshi recomendaba vivamente a sus disc\u00ecpulos.<\/p><p>\u00a0\u00a0\u00a0\u00a0\u00a0\u00a0\u00a0\u00a0\u00a0\u00a0\u00a0\u00a0\u00a0\u00a0\u00a0 \u00a0\u00a0\u00a0\u00a0\u00a0 Le deseamos lo mejor y que este libro le ayude a salir del mundo de la aparente dualidad; la aparente prisi\u00f3n que cada uno hemos construido en torno a nuestro verdadero Ser.<\/p><p>\u00a0<\/p><p style=\"text-align: center;\"><strong>Colecci\u00f3n Advaita<\/strong><\/p><h3 style=\"text-align: center;\"><em>\u201cAdvaita no es un sistema, una religi\u00f3n o t\u00e9cnica.<\/em><\/h3><h3 style=\"text-align: center;\"><em>Tampoco es una filosof\u00eda. Es simplemente la Verdad.\u201d<\/em><\/h3><p>\u00a0 \u00a0 \u00a0 \u00a0 \u00a0 \u00a0 \u00a0 \u00a0<\/p>\t\t\t\t\t<\/div>\n\t\t\t\t\t\t<\/div>\n\t\t\t\t<\/div>\n\t\t\t\t\t\t<\/div>\n\t\t\t\t\t<\/div>\n\t\t<\/div>\n\t\t\t\t\t\t\t\t<\/div>\n\t\t\t\t\t<\/div>\n\t\t<\/section>\n\t\t\t\t\t\t<\/div>\n\t\t\t\t\t\t<\/div>\n\t\t\t\t\t<\/div>\n\t\t","protected":false},"excerpt":{"rendered":"<p><strong>RAMANA MAHARSHI SUTRAS &amp; ELLAM ONRU<\/strong><\/p>\n<p><strong>250 Citas breves para la contemplaci\u00f3n, meditaci\u00f3n o reflexi\u00f3n<\/strong><\/p>\n<p>J. Carte<\/p>\n<p>Este es un libro de \u201cIluminaci\u00f3n\u201d, es decir, ha sido compuesto para ser meditado, no leido sin m\u00e1s. As\u00ed pues, le aconsejamos que para una adecuada comprensi\u00f3n del mismo lea o relea, una vez o m\u00e1s, cada una de las citas, sin pasar a la siguiente hasta que haya percibido su \u201cperfume\u201d.<\/p>\n<p>Tras cada cita hay un simbolo del \u201cPranava\u201d Om. Det\u00e9ngase en \u00e9l y aproveche para tener un momento de silencio, a fin de que lo dicho en la cita pueda penetrar en su ser.<\/p>\n<p>El Ellam Onru\/Ellam Ondre es un texto an\u00f3nimo cuya lectura Ramana Maharshi recomendaba vivamente a sus disc\u00ecpulos.<\/p>\n<p>Le deseamos lo mejor y que este libro le ayude a salir del mundo de la aparente dualidad; la aparente prisi\u00f3n que cada uno hemos construido en torno a nuestro verdadero Ser.<\/p>\n<p>&nbsp;<\/p>\n<p>Colecci\u00f3n Advaita<\/p>\n<p>\u201cAdvaita no es un sistema, una religi\u00f3n o t\u00e9cnica.<\/p>\n<p>Tampoco es una filosof\u00eda. Es simplemente la Verdad.\u201d<\/p>\n","protected":false},"featured_media":2317,"template":"elementor_header_footer","meta":{"_mi_skip_tracking":false,"_monsterinsights_sitenote_active":false,"_monsterinsights_sitenote_note":"","_monsterinsights_sitenote_category":0},"_links":{"self":[{"href":"https:\/\/edicionesvia.com\/index.php\/wp-json\/wp\/v2\/product\/2316"}],"collection":[{"href":"https:\/\/edicionesvia.com\/index.php\/wp-json\/wp\/v2\/product"}],"about":[{"href":"https:\/\/edicionesvia.com\/index.php\/wp-json\/wp\/v2\/types\/product"}],"version-history":[{"count":13,"href":"https:\/\/edicionesvia.com\/index.php\/wp-json\/wp\/v2\/product\/2316\/revisions"}],"predecessor-version":[{"id":2608,"href":"https:\/\/edicionesvia.com\/index.php\/wp-json\/wp\/v2\/product\/2316\/revisions\/2608"}],"wp:featuredmedia":[{"embeddable":true,"href":"https:\/\/edicionesvia.com\/index.php\/wp-json\/wp\/v2\/media\/2317"}],"wp:attachment":[{"href":"https:\/\/edicionesvia.com\/index.php\/wp-json\/wp\/v2\/media?parent=2316"}],"curies":[{"name":"wp","href":"https:\/\/api.w.org\/{rel}","templated":true}]}}