{"id":2261,"date":"2023-02-08T12:50:05","date_gmt":"2023-02-08T11:50:05","guid":{"rendered":"https:\/\/edicionesvia.com\/?post_type=product&#038;p=2261"},"modified":"2023-08-21T13:18:21","modified_gmt":"2023-08-21T12:18:21","slug":"2020-2030-la-decada-del-fin-del-mundo","status":"publish","type":"product","link":"https:\/\/edicionesvia.com\/index.php\/product\/2020-2030-la-decada-del-fin-del-mundo\/","title":{"rendered":"2020-2030 LA D\u00c9CADA DEL FIN DEL MUNDO"},"content":{"rendered":"\t\t<div data-elementor-type=\"product-post\" data-elementor-id=\"2261\" class=\"elementor elementor-2261\" data-elementor-settings=\"[]\">\n\t\t\t\t\t\t<div class=\"elementor-inner\">\n\t\t\t\t\t\t\t<div class=\"elementor-section-wrap\">\n\t\t\t\t\t\t\t<section class=\"elementor-section elementor-top-section elementor-element elementor-element-5af430b elementor-section-boxed elementor-section-height-default elementor-section-height-default\" data-id=\"5af430b\" data-element_type=\"section\">\n\t\t\t\t\t\t<div class=\"elementor-container elementor-column-gap-default\">\n\t\t\t\t\t\t\t<div class=\"elementor-row\">\n\t\t\t\t\t<div class=\"elementor-column elementor-col-33 elementor-top-column elementor-element elementor-element-db9fc78\" data-id=\"db9fc78\" data-element_type=\"column\">\n\t\t\t<div class=\"elementor-column-wrap elementor-element-populated\">\n\t\t\t\t\t\t\t<div class=\"elementor-widget-wrap\">\n\t\t\t\t\t\t<div class=\"elementor-element elementor-element-01421ad elementor-widget-divider--view-line elementor-widget elementor-widget-divider\" data-id=\"01421ad\" data-element_type=\"widget\" data-widget_type=\"divider.default\">\n\t\t\t\t<div class=\"elementor-widget-container\">\n\t\t\t\t\t<div class=\"elementor-divider\">\n\t\t\t<span class=\"elementor-divider-separator\">\n\t\t\t\t\t\t<\/span>\n\t\t<\/div>\n\t\t\t\t<\/div>\n\t\t\t\t<\/div>\n\t\t\t\t<div class=\"elementor-element elementor-element-d17800a elementor-widget elementor-widget-image\" data-id=\"d17800a\" data-element_type=\"widget\" data-widget_type=\"image.default\">\n\t\t\t\t<div class=\"elementor-widget-container\">\n\t\t\t\t\t\t\t\t<div class=\"elementor-image\">\n\t\t\t\t\t\t\t\t\t\t\t\t\t<a href=\"https:\/\/edicionesvia.com\/index.php\/product\/2020-2030-la-decada-del-fin-del-mundo\/\">\n\t\t\t\t\t\t\t<img src=\"https:\/\/edicionesvia.com\/wp-content\/uploads\/elementor\/thumbs\/9788412530834-q1uvrsbyfy0n5qso8nz9gnzazjui0diix54as48dgg.jpg\" title=\"9788412530834\" alt=\"9788412530834\" \/>\t\t\t\t\t\t\t\t<\/a>\n\t\t\t\t\t\t\t\t\t\t\t\t\t\t<\/div>\n\t\t\t\t\t\t<\/div>\n\t\t\t\t<\/div>\n\t\t\t\t<div class=\"elementor-element elementor-element-32681f1 elementor-widget elementor-widget-heading\" data-id=\"32681f1\" data-element_type=\"widget\" data-widget_type=\"heading.default\">\n\t\t\t\t<div class=\"elementor-widget-container\">\n\t\t\t<h3 class=\"elementor-heading-title elementor-size-default\"><a href=\"https:\/\/edicionesvia.com\/index.php\/product\/2020-2030-la-decada-del-fin-del-mundo\/\">138 Pag. 14,90\u20ac<\/a><\/h3>\t\t<\/div>\n\t\t\t\t<\/div>\n\t\t\t\t<div class=\"elementor-element elementor-element-85e9bb5 elementor-align-center elementor-widget elementor-widget-wc-add-to-cart\" data-id=\"85e9bb5\" data-element_type=\"widget\" data-widget_type=\"wc-add-to-cart.default\">\n\t\t\t\t<div class=\"elementor-widget-container\">\n\t\t\t\t\t<div class=\"elementor-button-wrapper\">\n\t\t\t<a rel=\"nofollow\" href=\"?add-to-cart=2261\" data-quantity=\"1\" data-product_id=\"2261\" class=\"product_type_simple add_to_cart_button ajax_add_to_cart elementor-button elementor-size-sm\" role=\"button\">\n\t\t\t\t\t\t<span class=\"elementor-button-content-wrapper\">\n\t\t\t\t\t\t<span class=\"elementor-button-icon elementor-align-icon-left\">\n\t\t\t\t<i aria-hidden=\"true\" class=\"fas fa-shopping-cart\"><\/i>\t\t\t<\/span>\n\t\t\t\t\t\t<span class=\"elementor-button-text\">A\u00f1adir al carro<\/span>\n\t\t<\/span>\n\t\t\t\t\t<\/a>\n\t\t<\/div>\n\t\t\t\t<\/div>\n\t\t\t\t<\/div>\n\t\t\t\t<div class=\"elementor-element elementor-element-e01301f elementor-menu-cart--items-indicator-plain toggle-icon--cart-medium elementor-menu-cart--show-subtotal-yes elementor-menu-cart--cart-type-side-cart elementor-menu-cart--show-remove-button-yes elementor-widget elementor-widget-woocommerce-menu-cart\" data-id=\"e01301f\" data-element_type=\"widget\" data-settings=\"{&quot;cart_type&quot;:&quot;side-cart&quot;,&quot;open_cart&quot;:&quot;click&quot;,&quot;automatically_open_cart&quot;:&quot;no&quot;}\" data-widget_type=\"woocommerce-menu-cart.default\">\n\t\t\t\t<div class=\"elementor-widget-container\">\n\t\t\t\t\t<div class=\"elementor-menu-cart__wrapper\">\n\t\t\t\t\t\t\t<div class=\"elementor-menu-cart__toggle_wrapper\">\n\t\t\t\t\t<div class=\"elementor-menu-cart__container elementor-lightbox\" aria-hidden=\"true\">\n\t\t\t\t\t\t<div class=\"elementor-menu-cart__main\" aria-hidden=\"true\">\n\t\t\t\t\t\t\t<div class=\"elementor-menu-cart__close-button\"><\/div>\n\t\t\t\t\t\t\t<div class=\"widget_shopping_cart_content\">\n\t\t\t\t\t\t\t\t\t<div class=\"woocommerce-mini-cart__empty-message\">No hay productos en el carrito.<\/div>\n\t\t\t\t\t\t\t<\/div>\n\t\t\t\t\t\t<\/div>\n\t\t\t\t\t<\/div>\n\t\t\t\t\t\t\t<div class=\"elementor-menu-cart__toggle elementor-button-wrapper\">\n\t\t\t<a id=\"elementor-menu-cart__toggle_button\" href=\"#\" class=\"elementor-menu-cart__toggle_button elementor-button elementor-size-sm\" aria-expanded=\"false\">\n\t\t\t\t<span class=\"elementor-button-text\"><span class=\"woocommerce-Price-amount amount\"><span class=\"woocommerce-Price-currencySymbol\">&euro;<\/span>0.00<\/span><\/span>\n\t\t\t\t<span class=\"elementor-button-icon\" data-counter=\"0\">\n\t\t\t\t\t<i class=\"eicon\"><\/i>\n\t\t\t\t\t<span class=\"elementor-screen-only\">Carrito<\/span>\n\t\t\t\t<\/span>\n\t\t\t<\/a>\n\t\t<\/div>\n\t\t\t\t\t\t<\/div>\n\t\t\t\t\t<\/div> <!-- close elementor-menu-cart__wrapper -->\n\t\t\t\t<\/div>\n\t\t\t\t<\/div>\n\t\t\t\t\t\t<\/div>\n\t\t\t\t\t<\/div>\n\t\t<\/div>\n\t\t\t\t<div class=\"elementor-column elementor-col-66 elementor-top-column elementor-element elementor-element-dbd25f7\" data-id=\"dbd25f7\" data-element_type=\"column\">\n\t\t\t<div class=\"elementor-column-wrap elementor-element-populated\">\n\t\t\t\t\t\t\t<div class=\"elementor-widget-wrap\">\n\t\t\t\t\t\t<div class=\"elementor-element elementor-element-ff6dc4f elementor-widget-divider--view-line elementor-widget elementor-widget-divider\" data-id=\"ff6dc4f\" data-element_type=\"widget\" data-widget_type=\"divider.default\">\n\t\t\t\t<div class=\"elementor-widget-container\">\n\t\t\t\t\t<div class=\"elementor-divider\">\n\t\t\t<span class=\"elementor-divider-separator\">\n\t\t\t\t\t\t<\/span>\n\t\t<\/div>\n\t\t\t\t<\/div>\n\t\t\t\t<\/div>\n\t\t\t\t<div class=\"elementor-element elementor-element-74b6cda elementor-widget elementor-widget-text-editor\" data-id=\"74b6cda\" data-element_type=\"widget\" data-widget_type=\"text-editor.default\">\n\t\t\t\t<div class=\"elementor-widget-container\">\n\t\t\t\t\t\t\t\t<div class=\"elementor-text-editor elementor-clearfix\">\n\t\t\t\t<h1 style=\"text-align: center;\"><strong>2020-2030-LA D\u00c9CADA DEL FIN DEL MUNDO<\/strong><\/h1><h2 style=\"text-align: center;\"><strong>La \u00daltima Advertencia<\/strong><\/h2><div style=\"text-align: right;\"><strong>Jacobo L. Grinder<\/strong><\/div><p>\u00a0 \u00a0 \u00a0 \u00a0 \u00a0 \u00a0 \u00a0 \u00a0 \u00a0 A nadie se le escapa que nuestro mundo se encuentra en una etapa crucial en la que, como especie, tendremos que decidir si queremos sobrevivir encontrando un nuevo modo de relacionarnos, o continuar con los mismos errores que vamos arrastrando a trav\u00e9s del tiempo, y que tanta \u201csangre, sudor y l\u00e1grimas\u201d nos han costado.<\/p><p>\u00a0 \u00a0 \u00a0 \u00a0 \u00a0 \u00a0 \u00a0 \u00a0 \u00a0 La previsi\u00f3n del \u201cfin del mundo\u201d, de la que se habla este libro, est\u00e1 sustentada por todos los grandes augures hist\u00f3ricos; Nostradamus, Malaqu\u00edas, apariciones Marianas , profec\u00edas de todas las religiones, y por la ley de los ciclos que gobierna el cosmos, as\u00ed que, verdaderamente, podemos decir sin temor a equivocarnos, que nos encontramos en una etapa crucial en la evoluci\u00f3n de la humanidad.<\/p><p>\u00a0 \u00a0 \u00a0 \u00a0 \u00a0 \u00a0 \u00a0 \u00a0 \u00a0 \u00a0Las fechas 2020-2030 (2020-2034, seg\u00fan otros) son las fechas claves para el cambio de paradigma en las que todos coinciden. Muchos acontecimientos pol\u00edticos, militares y c\u00f3smicos, nos esperan en estos a\u00f1os que comenzaron en 2020 con la pandemia.<\/p><p>\u00a0 \u00a0 \u00a0 \u00a0 \u00a0 \u00a0 \u00a0 \u00a0 \u00a0 \u00a0A partir del descubrimiento y utilizaci\u00f3n de la energ\u00eda at\u00f3mica los tiempos se han acelerado. Estamos en disposici\u00f3n de afectar o\/y acabar con una gran parte de la humanidad, afectando asimismo gravemente al planeta. Un gran avance tecnol\u00f3gico, tiene que ir necesariamente acompa\u00f1ado de un avance en el grado de conciencia, y si esto no se produce, nos llevar\u00e1 irremediablemente al abismo.<\/p><p>\u00a0 \u00a0 \u00a0 \u00a0 \u00a0 \u00a0 \u00a0 \u00a0 \u00a0 \u00a0 \u00a0Nada de esto pasa desapercibido por esas inteligencias\/ civilizaciones que nos visitan y observan atentamente, quienes han intervenido e intervienen, sutilmente, en nuestra evoluci\u00f3n y devenir hist\u00f3rico.<\/p><p>\u00a0<\/p>\t\t\t\t\t<\/div>\n\t\t\t\t\t\t<\/div>\n\t\t\t\t<\/div>\n\t\t\t\t\t\t<\/div>\n\t\t\t\t\t<\/div>\n\t\t<\/div>\n\t\t\t\t\t\t\t\t<\/div>\n\t\t\t\t\t<\/div>\n\t\t<\/section>\n\t\t\t\t\t\t<\/div>\n\t\t\t\t\t\t<\/div>\n\t\t\t\t\t<\/div>\n\t\t","protected":false},"excerpt":{"rendered":"<p><strong>2020-2030 LA D\u00c9CADA DEL FIN DEL MUNDO<\/strong><\/p>\n<p><strong>La \u00faltima advertencia<\/strong><\/p>\n<p>Jacobo L. Grinder<\/p>\n<p>A nadie se les escapa que nuestro mundo se encuentra en una etapa crucial en la que, como especie, tendremos que decidir si queremos sobrevivir encontrando un nuevo modo de relacionarnos, o continuar con los mismos errores que vamos arrastrando a trav\u00e9s del tiempo, y que tanta \u201csangre, sudor y l\u00e1grimas\u201d nos han costado.<\/p>\n<p>La previsi\u00f3n del \u201cfin del mundo\u201d, de la que se habla este libro, est\u00e1 sustentada por todos los grandes augures hist\u00f3ricos; Nostradamus, Malaqu\u00edas, apariciones Marianas , profec\u00edas de todas las religiones, y por la ley de los ciclos que gobierna el cosmos, as\u00ed que, verdaderamente, podemos decir sin temor a equivocarnos, que nos encontramos en una etapa crucial en la evoluci\u00f3n de la humanidad.<\/p>\n<p>Las fechas 2020-2030 (2020-2034, seg\u00fan otros) son las fechas claves para el cambio de paradigma en las que todos coinciden. Muchos acontecimientos pol\u00edticos, militares y c\u00f3smicos, nos esperan en estos a\u00f1os que comenzaron en 2020 con la pandemia.<\/p>\n<p>A partir del descubrimiento y utilizaci\u00f3n de la energ\u00eda at\u00f3mica los tiempos se han acelerado. Estamos en disposici\u00f3n de afectar o\/y acabar con una gran parte de la humanidad, afectando asimismo gravemente al planeta. Un gran avance tecnol\u00f3gico, tiene que ir necesariamente acompa\u00f1ado de un avance en el grado de conciencia, y si esto no se produce, nos llevar\u00e1 irremediablemente al abismo.<\/p>\n<p>Nada de esto pasa desapercibido por esas inteligencias\/ civilizaciones que nos visitan y observan atentamente, quienes han intervenido e intervienen, sutilmente, en nuestra evoluci\u00f3n y devenir hist\u00f3rico.<\/p>\n","protected":false},"featured_media":2262,"template":"elementor_header_footer","meta":{"_mi_skip_tracking":false,"_monsterinsights_sitenote_active":false,"_monsterinsights_sitenote_note":"","_monsterinsights_sitenote_category":0},"_links":{"self":[{"href":"https:\/\/edicionesvia.com\/index.php\/wp-json\/wp\/v2\/product\/2261"}],"collection":[{"href":"https:\/\/edicionesvia.com\/index.php\/wp-json\/wp\/v2\/product"}],"about":[{"href":"https:\/\/edicionesvia.com\/index.php\/wp-json\/wp\/v2\/types\/product"}],"version-history":[{"count":19,"href":"https:\/\/edicionesvia.com\/index.php\/wp-json\/wp\/v2\/product\/2261\/revisions"}],"predecessor-version":[{"id":2605,"href":"https:\/\/edicionesvia.com\/index.php\/wp-json\/wp\/v2\/product\/2261\/revisions\/2605"}],"wp:featuredmedia":[{"embeddable":true,"href":"https:\/\/edicionesvia.com\/index.php\/wp-json\/wp\/v2\/media\/2262"}],"wp:attachment":[{"href":"https:\/\/edicionesvia.com\/index.php\/wp-json\/wp\/v2\/media?parent=2261"}],"curies":[{"name":"wp","href":"https:\/\/api.w.org\/{rel}","templated":true}]}}