{"id":2113,"date":"2022-11-10T12:59:33","date_gmt":"2022-11-10T11:59:33","guid":{"rendered":"https:\/\/edicionesvia.com\/?post_type=product&#038;p=2113"},"modified":"2023-08-21T13:17:54","modified_gmt":"2023-08-21T12:17:54","slug":"el-cristianismo-luz-de-occidente","status":"publish","type":"product","link":"https:\/\/edicionesvia.com\/index.php\/product\/el-cristianismo-luz-de-occidente\/","title":{"rendered":"EL CRISTIANISMO LUZ DE OCCIDENTE"},"content":{"rendered":"\t\t<div data-elementor-type=\"product-post\" data-elementor-id=\"2113\" class=\"elementor elementor-2113\" data-elementor-settings=\"[]\">\n\t\t\t\t\t\t<div class=\"elementor-inner\">\n\t\t\t\t\t\t\t<div class=\"elementor-section-wrap\">\n\t\t\t\t\t\t\t<section class=\"elementor-section elementor-top-section elementor-element elementor-element-5af430b elementor-section-boxed elementor-section-height-default elementor-section-height-default\" data-id=\"5af430b\" data-element_type=\"section\">\n\t\t\t\t\t\t<div class=\"elementor-container elementor-column-gap-default\">\n\t\t\t\t\t\t\t<div class=\"elementor-row\">\n\t\t\t\t\t<div class=\"elementor-column elementor-col-33 elementor-top-column elementor-element elementor-element-db9fc78\" data-id=\"db9fc78\" data-element_type=\"column\">\n\t\t\t<div class=\"elementor-column-wrap elementor-element-populated\">\n\t\t\t\t\t\t\t<div class=\"elementor-widget-wrap\">\n\t\t\t\t\t\t<div class=\"elementor-element elementor-element-01421ad elementor-widget-divider--view-line elementor-widget elementor-widget-divider\" data-id=\"01421ad\" data-element_type=\"widget\" data-widget_type=\"divider.default\">\n\t\t\t\t<div class=\"elementor-widget-container\">\n\t\t\t\t\t<div class=\"elementor-divider\">\n\t\t\t<span class=\"elementor-divider-separator\">\n\t\t\t\t\t\t<\/span>\n\t\t<\/div>\n\t\t\t\t<\/div>\n\t\t\t\t<\/div>\n\t\t\t\t<div class=\"elementor-element elementor-element-d17800a elementor-widget elementor-widget-image\" data-id=\"d17800a\" data-element_type=\"widget\" data-widget_type=\"image.default\">\n\t\t\t\t<div class=\"elementor-widget-container\">\n\t\t\t\t\t\t\t\t<div class=\"elementor-image\">\n\t\t\t\t\t\t\t\t\t\t\t\t\t<a href=\"https:\/\/edicionesvia.com\/index.php\/product\/el-cristianismo-luz-de-occidente\/\">\n\t\t\t\t\t\t\t<img src=\"https:\/\/edicionesvia.com\/wp-content\/uploads\/elementor\/thumbs\/LUZ-DE-OCCIDENTE-pxi8nxkyxlkiil14iwjx8hocb9pxv5elljzf9c0200.jpg\" title=\"LUZ DE OCCIDENTE\" alt=\"LUZ DE OCCIDENTE\" \/>\t\t\t\t\t\t\t\t<\/a>\n\t\t\t\t\t\t\t\t\t\t\t\t\t\t<\/div>\n\t\t\t\t\t\t<\/div>\n\t\t\t\t<\/div>\n\t\t\t\t<div class=\"elementor-element elementor-element-32681f1 elementor-widget elementor-widget-heading\" data-id=\"32681f1\" data-element_type=\"widget\" data-widget_type=\"heading.default\">\n\t\t\t\t<div class=\"elementor-widget-container\">\n\t\t\t<h3 class=\"elementor-heading-title elementor-size-default\"><a href=\"https:\/\/edicionesvia.com\/index.php\/product\/el-cristianismo-luz-de-occidente\/\">156 Pag. 15,90\u20ac<\/a><\/h3>\t\t<\/div>\n\t\t\t\t<\/div>\n\t\t\t\t<div class=\"elementor-element elementor-element-85e9bb5 elementor-align-center elementor-widget elementor-widget-wc-add-to-cart\" data-id=\"85e9bb5\" data-element_type=\"widget\" data-widget_type=\"wc-add-to-cart.default\">\n\t\t\t\t<div class=\"elementor-widget-container\">\n\t\t\t\t\t<div class=\"elementor-button-wrapper\">\n\t\t\t<a rel=\"nofollow\" href=\"?add-to-cart=2113\" data-quantity=\"1\" data-product_id=\"2113\" class=\"product_type_simple add_to_cart_button ajax_add_to_cart elementor-button elementor-size-sm\" role=\"button\">\n\t\t\t\t\t\t<span class=\"elementor-button-content-wrapper\">\n\t\t\t\t\t\t<span class=\"elementor-button-icon elementor-align-icon-left\">\n\t\t\t\t<i aria-hidden=\"true\" class=\"fas fa-shopping-cart\"><\/i>\t\t\t<\/span>\n\t\t\t\t\t\t<span class=\"elementor-button-text\">A\u00f1adir al carro<\/span>\n\t\t<\/span>\n\t\t\t\t\t<\/a>\n\t\t<\/div>\n\t\t\t\t<\/div>\n\t\t\t\t<\/div>\n\t\t\t\t<div class=\"elementor-element elementor-element-c410648 elementor-menu-cart--items-indicator-plain toggle-icon--cart-medium elementor-menu-cart--show-subtotal-yes elementor-menu-cart--cart-type-side-cart elementor-menu-cart--show-remove-button-yes elementor-widget elementor-widget-woocommerce-menu-cart\" data-id=\"c410648\" data-element_type=\"widget\" data-settings=\"{&quot;cart_type&quot;:&quot;side-cart&quot;,&quot;open_cart&quot;:&quot;click&quot;,&quot;automatically_open_cart&quot;:&quot;no&quot;}\" data-widget_type=\"woocommerce-menu-cart.default\">\n\t\t\t\t<div class=\"elementor-widget-container\">\n\t\t\t\t\t<div class=\"elementor-menu-cart__wrapper\">\n\t\t\t\t\t\t\t<div class=\"elementor-menu-cart__toggle_wrapper\">\n\t\t\t\t\t<div class=\"elementor-menu-cart__container elementor-lightbox\" aria-hidden=\"true\">\n\t\t\t\t\t\t<div class=\"elementor-menu-cart__main\" aria-hidden=\"true\">\n\t\t\t\t\t\t\t<div class=\"elementor-menu-cart__close-button\"><\/div>\n\t\t\t\t\t\t\t<div class=\"widget_shopping_cart_content\">\n\t\t\t\t\t\t\t\t\t<div class=\"woocommerce-mini-cart__empty-message\">No hay productos en el carrito.<\/div>\n\t\t\t\t\t\t\t<\/div>\n\t\t\t\t\t\t<\/div>\n\t\t\t\t\t<\/div>\n\t\t\t\t\t\t\t<div class=\"elementor-menu-cart__toggle elementor-button-wrapper\">\n\t\t\t<a id=\"elementor-menu-cart__toggle_button\" href=\"#\" class=\"elementor-menu-cart__toggle_button elementor-button elementor-size-sm\" aria-expanded=\"false\">\n\t\t\t\t<span class=\"elementor-button-text\"><span class=\"woocommerce-Price-amount amount\"><span class=\"woocommerce-Price-currencySymbol\">&euro;<\/span>0.00<\/span><\/span>\n\t\t\t\t<span class=\"elementor-button-icon\" data-counter=\"0\">\n\t\t\t\t\t<i class=\"eicon\"><\/i>\n\t\t\t\t\t<span class=\"elementor-screen-only\">Carrito<\/span>\n\t\t\t\t<\/span>\n\t\t\t<\/a>\n\t\t<\/div>\n\t\t\t\t\t\t<\/div>\n\t\t\t\t\t<\/div> <!-- close elementor-menu-cart__wrapper -->\n\t\t\t\t<\/div>\n\t\t\t\t<\/div>\n\t\t\t\t\t\t<\/div>\n\t\t\t\t\t<\/div>\n\t\t<\/div>\n\t\t\t\t<div class=\"elementor-column elementor-col-66 elementor-top-column elementor-element elementor-element-dbd25f7\" data-id=\"dbd25f7\" data-element_type=\"column\">\n\t\t\t<div class=\"elementor-column-wrap elementor-element-populated\">\n\t\t\t\t\t\t\t<div class=\"elementor-widget-wrap\">\n\t\t\t\t\t\t<div class=\"elementor-element elementor-element-ff6dc4f elementor-widget-divider--view-line elementor-widget elementor-widget-divider\" data-id=\"ff6dc4f\" data-element_type=\"widget\" data-widget_type=\"divider.default\">\n\t\t\t\t<div class=\"elementor-widget-container\">\n\t\t\t\t\t<div class=\"elementor-divider\">\n\t\t\t<span class=\"elementor-divider-separator\">\n\t\t\t\t\t\t<\/span>\n\t\t<\/div>\n\t\t\t\t<\/div>\n\t\t\t\t<\/div>\n\t\t\t\t<div class=\"elementor-element elementor-element-74b6cda elementor-widget elementor-widget-text-editor\" data-id=\"74b6cda\" data-element_type=\"widget\" data-widget_type=\"text-editor.default\">\n\t\t\t\t<div class=\"elementor-widget-container\">\n\t\t\t\t\t\t\t\t<div class=\"elementor-text-editor elementor-clearfix\">\n\t\t\t\t<h1 style=\"text-align: center;\"><strong>EL CRISTIANISMO LUZ DE OCCIDENTE<\/strong><\/h1><h2 style=\"text-align: center;\">Paulino A. de Estremera<\/h2><p>\u00a0 \u00a0 \u00a0 \u00a0 \u00a0 \u00a0 Paulino Arguijo de Estremera curs\u00f3 los estudios de Periodismo en la Facultad de Ciencias de la Informaci\u00f3n de la Universidad Complutense de Madrid, donde se doctor\u00f3.<\/p><p>\u00a0 \u00a0 \u00a0 \u00a0 \u00a0 \u00a0 Comenz\u00f3 ejerciendo el periodismo en agencias de noticias y, m\u00e1s adelante, en diarios y revistas especializadas y de informaci\u00f3n general, donde ha publicado numerosos art\u00edculos<\/p><p>\u00a0 \u00a0 \u00a0 \u00a0 \u00a0 \u00a0 En el campo editorial ha publicado ensayos diversos y novelas y recibido diversos premios como el Premio de Ensayo Becerro de Bengoa y el premio literario \u201cValdemembra\u201d entre otros.<\/p><p>\u00a0 \u00a0 \u00a0 \u00a0 \u00a0 \u00a0 Hoy m\u00e1s que nunca el destino de la civilizaci\u00f3n europea-occidental, que por largo tiempo se hab\u00eda considerado a s\u00ed misma el eje de la historia universal, da muestras de inseguridad. Nuestra civilizaci\u00f3n occidental ha llegado a un punto de crisis que la pone en peligro de extinci\u00f3n.<\/p><p>\u00a0 \u00a0 \u00a0 \u00a0 \u00a0 \u00a0 Europa no es m\u00e1s que la cultura y la civilizaci\u00f3n cristianas que acogi\u00f3 en su seno las tradiciones de la cultura greco-romana inspir\u00e1ndolas nueva vida y vigor.<\/p><p>\u00a0 \u00a0 \u00a0 \u00a0 \u00a0 \u00a0 La cultura europea ha sido la luz del mundo, vaya usted donde vaya su influencia se hace notar en la cultura, la m\u00fasica, la pol\u00edtica, la filosof\u00eda. Europa ha sido, pues, la luz del mundo moderno y, naturalmente, el Cristianismo ha sido la Luz de Occidente.<\/p><p style=\"text-align: center;\">\u00a0 \u00a0 \u00a0\u00a0 \u00a0 \u00a0<\/p>\t\t\t\t\t<\/div>\n\t\t\t\t\t\t<\/div>\n\t\t\t\t<\/div>\n\t\t\t\t\t\t<\/div>\n\t\t\t\t\t<\/div>\n\t\t<\/div>\n\t\t\t\t\t\t\t\t<\/div>\n\t\t\t\t\t<\/div>\n\t\t<\/section>\n\t\t\t\t\t\t<\/div>\n\t\t\t\t\t\t<\/div>\n\t\t\t\t\t<\/div>\n\t\t","protected":false},"excerpt":{"rendered":"<p><strong>EL CRISTIANISMO LUZ DE OCCIDENTE<\/strong><\/p>\n<p><strong>Paulino A. de Estremera<\/strong><\/p>\n<p>Paulino Arguijo de Estremera curs\u00f3 los estudios de Periodismo en la Facultad de Ciencias de la Informaci\u00f3n de la Universidad Complutense de Madrid, donde se doctor\u00f3.<\/p>\n<p>Comenz\u00f3 ejerciendo el periodismo en agencias de noticias y, m\u00e1s adelante, en diarios y revistas especializadas y de informaci\u00f3n general, donde ha publicado numerosos art\u00edculos<\/p>\n<p>En el campo editorial ha publicado ensayos diversos y novelas y recibido diversos premios como el Premio de Ensayo Becerro de Bengoa y el premio literario \u201cValdemembra\u201d entre otros.<\/p>\n<p>Hoy m\u00e1s que nunca el destino de la civilizaci\u00f3n europea-occidental, que por largo tiempo se hab\u00eda considerado a s\u00ed misma el eje de la historia universal, da muestras de inseguridad. Nuestra civilizaci\u00f3n occidental ha llegado a un punto de crisis que la pone en peligro de extinci\u00f3n.<\/p>\n<p>Europa no es m\u00e1s que la cultura y la civilizaci\u00f3n cristianas que acogi\u00f3 en su seno las tradiciones de la cultura greco-romana inspir\u00e1ndolas nueva vida y vigor.<\/p>\n<p>La cultura europea ha sido la luz del mundo, vaya usted donde vaya su influencia se hace notar en la cultura, la m\u00fasica, la pol\u00edtica, la filosof\u00eda. Europa ha sido, pues, la luz del mundo moderno y, naturalmente, el Cristianismo ha sido la Luz de Occidente.<\/p>\n<p>&nbsp;<\/p>\n","protected":false},"featured_media":2114,"template":"elementor_header_footer","meta":{"_mi_skip_tracking":false,"_monsterinsights_sitenote_active":false,"_monsterinsights_sitenote_note":"","_monsterinsights_sitenote_category":0},"_links":{"self":[{"href":"https:\/\/edicionesvia.com\/index.php\/wp-json\/wp\/v2\/product\/2113"}],"collection":[{"href":"https:\/\/edicionesvia.com\/index.php\/wp-json\/wp\/v2\/product"}],"about":[{"href":"https:\/\/edicionesvia.com\/index.php\/wp-json\/wp\/v2\/types\/product"}],"version-history":[{"count":16,"href":"https:\/\/edicionesvia.com\/index.php\/wp-json\/wp\/v2\/product\/2113\/revisions"}],"predecessor-version":[{"id":2602,"href":"https:\/\/edicionesvia.com\/index.php\/wp-json\/wp\/v2\/product\/2113\/revisions\/2602"}],"wp:featuredmedia":[{"embeddable":true,"href":"https:\/\/edicionesvia.com\/index.php\/wp-json\/wp\/v2\/media\/2114"}],"wp:attachment":[{"href":"https:\/\/edicionesvia.com\/index.php\/wp-json\/wp\/v2\/media?parent=2113"}],"curies":[{"name":"wp","href":"https:\/\/api.w.org\/{rel}","templated":true}]}}