{"id":1340,"date":"2021-05-13T11:50:07","date_gmt":"2021-05-13T10:50:07","guid":{"rendered":"https:\/\/edicionesvia.com\/?post_type=product&#038;p=1340"},"modified":"2021-05-13T12:06:16","modified_gmt":"2021-05-13T11:06:16","slug":"vivir-en-la-belleza","status":"publish","type":"product","link":"https:\/\/edicionesvia.com\/index.php\/product\/vivir-en-la-belleza\/","title":{"rendered":"VIVIR EN LA BELLEZA"},"content":{"rendered":"\t\t<div data-elementor-type=\"product-post\" data-elementor-id=\"1340\" class=\"elementor elementor-1340\" data-elementor-settings=\"[]\">\n\t\t\t\t\t\t<div class=\"elementor-inner\">\n\t\t\t\t\t\t\t<div class=\"elementor-section-wrap\">\n\t\t\t\t\t\t\t<section class=\"elementor-section elementor-top-section elementor-element elementor-element-5af430b elementor-section-boxed elementor-section-height-default elementor-section-height-default\" data-id=\"5af430b\" data-element_type=\"section\">\n\t\t\t\t\t\t<div class=\"elementor-container elementor-column-gap-default\">\n\t\t\t\t\t\t\t<div class=\"elementor-row\">\n\t\t\t\t\t<div class=\"elementor-column elementor-col-33 elementor-top-column elementor-element elementor-element-db9fc78\" data-id=\"db9fc78\" data-element_type=\"column\">\n\t\t\t<div class=\"elementor-column-wrap elementor-element-populated\">\n\t\t\t\t\t\t\t<div class=\"elementor-widget-wrap\">\n\t\t\t\t\t\t<div class=\"elementor-element elementor-element-01421ad elementor-widget-divider--view-line elementor-widget elementor-widget-divider\" data-id=\"01421ad\" data-element_type=\"widget\" data-widget_type=\"divider.default\">\n\t\t\t\t<div class=\"elementor-widget-container\">\n\t\t\t\t\t<div class=\"elementor-divider\">\n\t\t\t<span class=\"elementor-divider-separator\">\n\t\t\t\t\t\t<\/span>\n\t\t<\/div>\n\t\t\t\t<\/div>\n\t\t\t\t<\/div>\n\t\t\t\t<div class=\"elementor-element elementor-element-d17800a elementor-widget elementor-widget-image\" data-id=\"d17800a\" data-element_type=\"widget\" data-widget_type=\"image.default\">\n\t\t\t\t<div class=\"elementor-widget-container\">\n\t\t\t\t\t\t\t\t<div class=\"elementor-image\">\n\t\t\t\t\t\t\t\t\t\t\t\t\t<a href=\"https:\/\/edicionesvia.com\/index.php\/product\/cvivir-en-la-belleza\/\">\n\t\t\t\t\t\t\t<img src=\"https:\/\/edicionesvia.com\/wp-content\/uploads\/elementor\/thumbs\/VIVIR-EN-LA-BELLEZA-portada-j-scaled-p73quoy8t5s0sx5t691l2u4umgea9s2kti445tabkw.jpg\" title=\"VIVIR EN LA BELLEZA portada j\" alt=\"VIVIR EN LA BELLEZA portada j\" \/>\t\t\t\t\t\t\t\t<\/a>\n\t\t\t\t\t\t\t\t\t\t\t\t\t\t<\/div>\n\t\t\t\t\t\t<\/div>\n\t\t\t\t<\/div>\n\t\t\t\t<div class=\"elementor-element elementor-element-32681f1 elementor-widget elementor-widget-heading\" data-id=\"32681f1\" data-element_type=\"widget\" data-widget_type=\"heading.default\">\n\t\t\t\t<div class=\"elementor-widget-container\">\n\t\t\t<h3 class=\"elementor-heading-title elementor-size-default\">308 Pag. 21,90\u20ac<\/h3>\t\t<\/div>\n\t\t\t\t<\/div>\n\t\t\t\t<div class=\"elementor-element elementor-element-85e9bb5 elementor-align-center elementor-widget elementor-widget-wc-add-to-cart\" data-id=\"85e9bb5\" data-element_type=\"widget\" data-widget_type=\"wc-add-to-cart.default\">\n\t\t\t\t<div class=\"elementor-widget-container\">\n\t\t\t\t\t<div class=\"elementor-button-wrapper\">\n\t\t\t<a rel=\"nofollow\" href=\"?add-to-cart=1340\" data-quantity=\"1\" data-product_id=\"1340\" class=\"product_type_simple add_to_cart_button ajax_add_to_cart elementor-button elementor-size-sm\" role=\"button\">\n\t\t\t\t\t\t<span class=\"elementor-button-content-wrapper\">\n\t\t\t\t\t\t<span class=\"elementor-button-icon elementor-align-icon-left\">\n\t\t\t\t<i aria-hidden=\"true\" class=\"fas fa-shopping-cart\"><\/i>\t\t\t<\/span>\n\t\t\t\t\t\t<span class=\"elementor-button-text\">A\u00f1adir al carro<\/span>\n\t\t<\/span>\n\t\t\t\t\t<\/a>\n\t\t<\/div>\n\t\t\t\t<\/div>\n\t\t\t\t<\/div>\n\t\t\t\t<div class=\"elementor-element elementor-element-a92e160 elementor-menu-cart--items-indicator-plain toggle-icon--cart-medium elementor-menu-cart--show-subtotal-yes elementor-menu-cart--cart-type-side-cart elementor-menu-cart--show-remove-button-yes elementor-widget elementor-widget-woocommerce-menu-cart\" data-id=\"a92e160\" data-element_type=\"widget\" data-settings=\"{&quot;cart_type&quot;:&quot;side-cart&quot;,&quot;open_cart&quot;:&quot;click&quot;,&quot;automatically_open_cart&quot;:&quot;no&quot;}\" data-widget_type=\"woocommerce-menu-cart.default\">\n\t\t\t\t<div class=\"elementor-widget-container\">\n\t\t\t\t\t<div class=\"elementor-menu-cart__wrapper\">\n\t\t\t\t\t\t\t<div class=\"elementor-menu-cart__toggle_wrapper\">\n\t\t\t\t\t<div class=\"elementor-menu-cart__container elementor-lightbox\" aria-hidden=\"true\">\n\t\t\t\t\t\t<div class=\"elementor-menu-cart__main\" aria-hidden=\"true\">\n\t\t\t\t\t\t\t<div class=\"elementor-menu-cart__close-button\"><\/div>\n\t\t\t\t\t\t\t<div class=\"widget_shopping_cart_content\">\n\t\t\t\t\t\t\t\t\t<div class=\"woocommerce-mini-cart__empty-message\">No hay productos en el carrito.<\/div>\n\t\t\t\t\t\t\t<\/div>\n\t\t\t\t\t\t<\/div>\n\t\t\t\t\t<\/div>\n\t\t\t\t\t\t\t<div class=\"elementor-menu-cart__toggle elementor-button-wrapper\">\n\t\t\t<a id=\"elementor-menu-cart__toggle_button\" href=\"#\" class=\"elementor-menu-cart__toggle_button elementor-button elementor-size-sm\" aria-expanded=\"false\">\n\t\t\t\t<span class=\"elementor-button-text\"><span class=\"woocommerce-Price-amount amount\"><span class=\"woocommerce-Price-currencySymbol\">&euro;<\/span>0.00<\/span><\/span>\n\t\t\t\t<span class=\"elementor-button-icon\" data-counter=\"0\">\n\t\t\t\t\t<i class=\"eicon\"><\/i>\n\t\t\t\t\t<span class=\"elementor-screen-only\">Carrito<\/span>\n\t\t\t\t<\/span>\n\t\t\t<\/a>\n\t\t<\/div>\n\t\t\t\t\t\t<\/div>\n\t\t\t\t\t<\/div> <!-- close elementor-menu-cart__wrapper -->\n\t\t\t\t<\/div>\n\t\t\t\t<\/div>\n\t\t\t\t\t\t<\/div>\n\t\t\t\t\t<\/div>\n\t\t<\/div>\n\t\t\t\t<div class=\"elementor-column elementor-col-66 elementor-top-column elementor-element elementor-element-dbd25f7\" data-id=\"dbd25f7\" data-element_type=\"column\">\n\t\t\t<div class=\"elementor-column-wrap elementor-element-populated\">\n\t\t\t\t\t\t\t<div class=\"elementor-widget-wrap\">\n\t\t\t\t\t\t<div class=\"elementor-element elementor-element-ff6dc4f elementor-widget-divider--view-line elementor-widget elementor-widget-divider\" data-id=\"ff6dc4f\" data-element_type=\"widget\" data-widget_type=\"divider.default\">\n\t\t\t\t<div class=\"elementor-widget-container\">\n\t\t\t\t\t<div class=\"elementor-divider\">\n\t\t\t<span class=\"elementor-divider-separator\">\n\t\t\t\t\t\t<\/span>\n\t\t<\/div>\n\t\t\t\t<\/div>\n\t\t\t\t<\/div>\n\t\t\t\t<div class=\"elementor-element elementor-element-74b6cda elementor-widget elementor-widget-text-editor\" data-id=\"74b6cda\" data-element_type=\"widget\" data-widget_type=\"text-editor.default\">\n\t\t\t\t<div class=\"elementor-widget-container\">\n\t\t\t\t\t\t\t\t<div class=\"elementor-text-editor elementor-clearfix\">\n\t\t\t\t<h1><strong>VIVIR EN LA BELLEZA<\/strong><br \/><strong>Jean Klein<\/strong><\/h1><p><strong>DI\u00c1LOGOS IN\u00c9DITOS SOBRE LA NO-DUALIDAD<\/strong><\/p><p>\u00a0 \u00a0 \u00a0 \u00a0\u00bfFue un maestro? Con Jean Klein, s\u00f3lo se me ocurre responder que s\u00ed y que no. Lo era en el sentido m\u00e1s elevado que se pueda encontrar y no lo era porque no se dejaba agarrar por ning\u00fan concepto ni etiqueta, ni permit\u00eda que se le proyectara una historia forjada por otro. lQu\u00e9 ense\u00f1aba? M\u00e1s que ense\u00f1ar, transmit\u00eda la luz del conocimiento de la Realidad a quien estuviese abierto a ella.<br \/>\u00a0 \u00a0 \u00a0 \u00a0Antonio Plana<\/p><p>\u00a0 \u00a0 \u00a0 \u00a0Personalmente para mi, permanecer en la presencia de Jean Klein, era como estar en la presencia del propio Buda, un ser perfectamente despierto, Bhagawan. La propia expresi\u00f3n de su ense\u00f1anza era po\u00e9tica, bella. Una ense\u00f1anza para trasformar completamente nuestra comprensi\u00f3n de la realidad. un MAESTRO con may\u00fasculas&#8230;<br \/>\u00a0 \u00a0 \u00a0 \u00a0Javier Luna<\/p><p>\u00a0 \u00a0 \u00a0 \u00a0\u00c9ste libro recoge di\u00e1logos acaecidos en Oharriz (Navarra en 1987 y 1988); El Escorial en 1991y en Angosto (\u00c1lava) en 1992 entre buscadores sinceros y Jean Klein que resultar\u00e1n esclarecedores al lector atento y servir\u00e1n de recuerdo y actualizaci\u00f3n de su ense\u00f1anza a todos aquellos que tuvieron la fortuna de escucharle.<\/p><p>\u00a0 \u00a0 \u00a0 \u00a0\u00abAdvaita no es un sistema, una religi\u00f3n o t\u00e9cnica. Tampoco es una filosof\u00eda. Es simplemente la Verdad.\u00bb<br \/>\u00a0 \u00a0 \u00a0 \u00a0Jean Klein\u00a0\u00a0<\/p>\t\t\t\t\t<\/div>\n\t\t\t\t\t\t<\/div>\n\t\t\t\t<\/div>\n\t\t\t\t\t\t<\/div>\n\t\t\t\t\t<\/div>\n\t\t<\/div>\n\t\t\t\t\t\t\t\t<\/div>\n\t\t\t\t\t<\/div>\n\t\t<\/section>\n\t\t\t\t\t\t<\/div>\n\t\t\t\t\t\t<\/div>\n\t\t\t\t\t<\/div>\n\t\t","protected":false},"excerpt":{"rendered":"<p>VIVIR EN LA BELLEZA<br \/>\nJean Klein<\/p>\n<p>\u00bfFue un maestro? Con Jean Klein, s\u00f3lo se me ocurre responder que s\u00ed y que no. Lo era en el sentido m\u00e1s elevado que se pueda encontrar y no lo era porque no se dejaba agarrar por ning\u00fan concepto ni etiqueta, ni permit\u00eda que se le proyectara una historia forjada por otro. lQu\u00e9 ense\u00f1aba? M\u00e1s que ense\u00f1ar, transmit\u00eda la luz del conocimiento de la Realidad a quien estuviese abierto a ella.<br \/>\nAntonio Plana<\/p>\n<p>Personalmente para mi, permanecer en la presencia de Jean Klein, era como estar en la presencia del propio Buda, un ser perfectamente despierto, Bhagawan. La propia expresi\u00f3n de su ense\u00f1anza era poetica, bella. Una ense\u00f1anza para trasformar completamente nuestra comprensi\u00f3n de la realidad. un MAESTRO con may\u00fasculas&#8230;<br \/>\nJavier Luna<\/p>\n<p>\u00c9ste libro recoge dialogos acaecidos en Oharriz (Navarra en 1987 y 1988); El Escorial en 1991 y en Angosto (\u00c1lava) en 1992 entre buscadores sinceros y Jean Klein que resultar\u00e1n esclarecedores al lector atento y servir\u00e1n de recuerdo y actualizaci\u00f3n de su ense\u00f1anza a todos aquellos que tuvieron la fortuna de escucharle.<\/p>\n<p>\u00abAdvaita no es un sistema, una religi\u00f3n o t\u00e9cnica. Tampoco es una filosof\u00eda. Es simplemente la Verdad.\u00bb<br \/>\nJean Klein<\/p>\n","protected":false},"featured_media":1341,"template":"elementor_header_footer","meta":{"_mi_skip_tracking":false,"_monsterinsights_sitenote_active":false,"_monsterinsights_sitenote_note":"","_monsterinsights_sitenote_category":0},"_links":{"self":[{"href":"https:\/\/edicionesvia.com\/index.php\/wp-json\/wp\/v2\/product\/1340"}],"collection":[{"href":"https:\/\/edicionesvia.com\/index.php\/wp-json\/wp\/v2\/product"}],"about":[{"href":"https:\/\/edicionesvia.com\/index.php\/wp-json\/wp\/v2\/types\/product"}],"version-history":[{"count":3,"href":"https:\/\/edicionesvia.com\/index.php\/wp-json\/wp\/v2\/product\/1340\/revisions"}],"predecessor-version":[{"id":1344,"href":"https:\/\/edicionesvia.com\/index.php\/wp-json\/wp\/v2\/product\/1340\/revisions\/1344"}],"wp:featuredmedia":[{"embeddable":true,"href":"https:\/\/edicionesvia.com\/index.php\/wp-json\/wp\/v2\/media\/1341"}],"wp:attachment":[{"href":"https:\/\/edicionesvia.com\/index.php\/wp-json\/wp\/v2\/media?parent=1340"}],"curies":[{"name":"wp","href":"https:\/\/api.w.org\/{rel}","templated":true}]}}