{"id":133,"date":"2019-03-08T14:17:06","date_gmt":"2019-03-08T13:17:06","guid":{"rendered":"https:\/\/edicionesvia.com\/?post_type=product&#038;p=133"},"modified":"2020-09-21T12:41:51","modified_gmt":"2020-09-21T11:41:51","slug":"kitab-adab-al-muridin","status":"publish","type":"product","link":"https:\/\/edicionesvia.com\/index.php\/product\/kitab-adab-al-muridin\/","title":{"rendered":"KITAB ADAB AL MURIDIN"},"content":{"rendered":"\t\t<div data-elementor-type=\"product-post\" data-elementor-id=\"133\" class=\"elementor elementor-133\" data-elementor-settings=\"[]\">\n\t\t\t\t\t\t<div class=\"elementor-inner\">\n\t\t\t\t\t\t\t<div class=\"elementor-section-wrap\">\n\t\t\t\t\t\t\t<section class=\"elementor-section elementor-top-section elementor-element elementor-element-259568d elementor-section-boxed elementor-section-height-default elementor-section-height-default\" data-id=\"259568d\" data-element_type=\"section\">\n\t\t\t\t\t\t<div class=\"elementor-container elementor-column-gap-default\">\n\t\t\t\t\t\t\t<div class=\"elementor-row\">\n\t\t\t\t\t<div class=\"elementor-column elementor-col-50 elementor-top-column elementor-element elementor-element-ba865d9\" data-id=\"ba865d9\" data-element_type=\"column\">\n\t\t\t<div class=\"elementor-column-wrap elementor-element-populated\">\n\t\t\t\t\t\t\t<div class=\"elementor-widget-wrap\">\n\t\t\t\t\t\t<div class=\"elementor-element elementor-element-630ae93 elementor-widget-divider--view-line elementor-widget elementor-widget-divider\" data-id=\"630ae93\" data-element_type=\"widget\" data-widget_type=\"divider.default\">\n\t\t\t\t<div class=\"elementor-widget-container\">\n\t\t\t\t\t<div class=\"elementor-divider\">\n\t\t\t<span class=\"elementor-divider-separator\">\n\t\t\t\t\t\t<\/span>\n\t\t<\/div>\n\t\t\t\t<\/div>\n\t\t\t\t<\/div>\n\t\t\t\t<div class=\"elementor-element elementor-element-cf4fdc8 elementor-widget elementor-widget-image\" data-id=\"cf4fdc8\" data-element_type=\"widget\" data-widget_type=\"image.default\">\n\t\t\t\t<div class=\"elementor-widget-container\">\n\t\t\t\t\t\t\t\t<div class=\"elementor-image\">\n\t\t\t\t\t\t\t\t\t\t\t\t<img src=\"https:\/\/edicionesvia.com\/wp-content\/uploads\/elementor\/thumbs\/Tapas-Kitab-Adab-oe6p0wx2qo98pi0sxuxzmpffiy8bmxj74prro67ns0.jpg\" title=\"Tapas Kitab adab (Page 1)\" alt=\"Tapas Kitab adab (Page 1)\" \/>\t\t\t\t\t\t\t\t\t\t\t\t\t\t<\/div>\n\t\t\t\t\t\t<\/div>\n\t\t\t\t<\/div>\n\t\t\t\t<div class=\"elementor-element elementor-element-3e7d70c elementor-widget elementor-widget-heading\" data-id=\"3e7d70c\" data-element_type=\"widget\" data-widget_type=\"heading.default\">\n\t\t\t\t<div class=\"elementor-widget-container\">\n\t\t\t<h3 class=\"elementor-heading-title elementor-size-default\">88 p\u00e1ginas - 12 \u20ac<\/h3>\t\t<\/div>\n\t\t\t\t<\/div>\n\t\t\t\t<div class=\"elementor-element elementor-element-c6e7579 elementor-align-center elementor-widget elementor-widget-wc-add-to-cart\" data-id=\"c6e7579\" data-element_type=\"widget\" data-widget_type=\"wc-add-to-cart.default\">\n\t\t\t\t<div class=\"elementor-widget-container\">\n\t\t\t\t\t<div class=\"elementor-button-wrapper\">\n\t\t\t<a rel=\"nofollow\" href=\"?add-to-cart=133\" data-quantity=\"1\" data-product_id=\"133\" class=\"product_type_simple add_to_cart_button ajax_add_to_cart elementor-button elementor-size-sm\" role=\"button\">\n\t\t\t\t\t\t<span class=\"elementor-button-content-wrapper\">\n\t\t\t\t\t\t<span class=\"elementor-button-icon elementor-align-icon-left\">\n\t\t\t\t<i aria-hidden=\"true\" class=\"fas fa-shopping-cart\"><\/i>\t\t\t<\/span>\n\t\t\t\t\t\t<span class=\"elementor-button-text\">A\u00f1adir al carro<\/span>\n\t\t<\/span>\n\t\t\t\t\t<\/a>\n\t\t<\/div>\n\t\t\t\t<\/div>\n\t\t\t\t<\/div>\n\t\t\t\t<div class=\"elementor-element elementor-element-0c62dce elementor-menu-cart--items-indicator-plain toggle-icon--cart-medium elementor-menu-cart--show-subtotal-yes elementor-menu-cart--cart-type-side-cart elementor-menu-cart--show-remove-button-yes elementor-widget elementor-widget-woocommerce-menu-cart\" data-id=\"0c62dce\" data-element_type=\"widget\" data-settings=\"{&quot;cart_type&quot;:&quot;side-cart&quot;,&quot;open_cart&quot;:&quot;click&quot;,&quot;automatically_open_cart&quot;:&quot;no&quot;}\" data-widget_type=\"woocommerce-menu-cart.default\">\n\t\t\t\t<div class=\"elementor-widget-container\">\n\t\t\t\t\t<div class=\"elementor-menu-cart__wrapper\">\n\t\t\t\t\t\t\t<div class=\"elementor-menu-cart__toggle_wrapper\">\n\t\t\t\t\t<div class=\"elementor-menu-cart__container elementor-lightbox\" aria-hidden=\"true\">\n\t\t\t\t\t\t<div class=\"elementor-menu-cart__main\" aria-hidden=\"true\">\n\t\t\t\t\t\t\t<div class=\"elementor-menu-cart__close-button\"><\/div>\n\t\t\t\t\t\t\t<div class=\"widget_shopping_cart_content\">\n\t\t\t\t\t\t\t\t\t<div class=\"woocommerce-mini-cart__empty-message\">No hay productos en el carrito.<\/div>\n\t\t\t\t\t\t\t<\/div>\n\t\t\t\t\t\t<\/div>\n\t\t\t\t\t<\/div>\n\t\t\t\t\t\t\t<div class=\"elementor-menu-cart__toggle elementor-button-wrapper\">\n\t\t\t<a id=\"elementor-menu-cart__toggle_button\" href=\"#\" class=\"elementor-menu-cart__toggle_button elementor-button elementor-size-sm\" aria-expanded=\"false\">\n\t\t\t\t<span class=\"elementor-button-text\"><span class=\"woocommerce-Price-amount amount\"><span class=\"woocommerce-Price-currencySymbol\">&euro;<\/span>0.00<\/span><\/span>\n\t\t\t\t<span class=\"elementor-button-icon\" data-counter=\"0\">\n\t\t\t\t\t<i class=\"eicon\"><\/i>\n\t\t\t\t\t<span class=\"elementor-screen-only\">Carrito<\/span>\n\t\t\t\t<\/span>\n\t\t\t<\/a>\n\t\t<\/div>\n\t\t\t\t\t\t<\/div>\n\t\t\t\t\t<\/div> <!-- close elementor-menu-cart__wrapper -->\n\t\t\t\t<\/div>\n\t\t\t\t<\/div>\n\t\t\t\t\t\t<\/div>\n\t\t\t\t\t<\/div>\n\t\t<\/div>\n\t\t\t\t<div class=\"elementor-column elementor-col-50 elementor-top-column elementor-element elementor-element-f08cb85\" data-id=\"f08cb85\" data-element_type=\"column\">\n\t\t\t<div class=\"elementor-column-wrap elementor-element-populated\">\n\t\t\t\t\t\t\t<div class=\"elementor-widget-wrap\">\n\t\t\t\t\t\t<div class=\"elementor-element elementor-element-a6bd4d6 elementor-widget-divider--view-line elementor-widget elementor-widget-divider\" data-id=\"a6bd4d6\" data-element_type=\"widget\" data-widget_type=\"divider.default\">\n\t\t\t\t<div class=\"elementor-widget-container\">\n\t\t\t\t\t<div class=\"elementor-divider\">\n\t\t\t<span class=\"elementor-divider-separator\">\n\t\t\t\t\t\t<\/span>\n\t\t<\/div>\n\t\t\t\t<\/div>\n\t\t\t\t<\/div>\n\t\t\t\t<div class=\"elementor-element elementor-element-3eda1ab elementor-widget elementor-widget-text-editor\" data-id=\"3eda1ab\" data-element_type=\"widget\" data-widget_type=\"text-editor.default\">\n\t\t\t\t<div class=\"elementor-widget-container\">\n\t\t\t\t\t\t\t\t<div class=\"elementor-text-editor elementor-clearfix\">\n\t\t\t\t<p><strong>\u00a0<span style=\"color: #333333;\"> KITAB ADAB AL MURIDIN<\/span><\/strong><\/p><p><span style=\"color: #333333;\"><strong><em>\u00a0 \u00a0 \u00a0Autor: Abu Al Najib Al Suhrawardi<\/em><\/strong><\/span><\/p><p><span style=\"color: #333333;\">(Libro del Comportamiento del disc\u00edpulo Suf\u00ed).<\/span><\/p><p><span style=\"color: #333333;\">\u00a0 \u00a0 \u00a0 \u00a0 \u201cPara los que falsamente pretenden\u00a0ser Suf\u00edes, el estado del verdadero Suf\u00ed se mantiene oculto. Sin embargo, la corrupci\u00f3n de aquellos no debe servir para juzgar a los Suf\u00edes genuinos\u2026\u00a0Nadie puede entrar adecuadamente en El Camino de los Suf\u00edes\u00a0hasta que conozca&#8230; sus reglas de conducta\u2026\u201d<\/span><\/p><p><span style=\"color: #333333;\">\u00a0 \u00a0 \u00a0 \u00a0Extracto del \u00cdndice:\u00a0<\/span><\/p><p><span style=\"color: #333333;\">\u00a0 El Uno\u00a0 &#8211;\u00a0 La Jerarqu\u00eda de la Excelencia\u00a0 &#8211;\u00a0 De la Audici\u00f3n o Sama\u00a0 \u00a0 \u00a0 \u00a0 \u00a0El Justo\u00a0 &#8211;\u00a0 Los Suf\u00edes\u00a0 &#8211;\u00a0 El Adab\u00a0 &#8211;\u00a0 Las Etapas\u00a0 &#8211;\u00a0 Los Estados\u00a0 &#8211;\u00a0 La \u00e9tica suf\u00ed sobre la conversaci\u00f3n\u00a0 &#8211;\u00a0 Sobre el conocimiento\u00a0 &#8211;\u00a0 De las normas concernientes a la etapa del comienzo de la senda suf\u00ed\u00a0 &#8211;\u00a0 Sobre el arrepentimiento\u00a0 &#8211;\u00a0 El Ego\u00a0 &#8211;\u00a0 La \u00e9tica del compa\u00f1erismo\u00a0 \u00a0El Adab con la gente en general\u00a0 &#8211;\u00a0 El Adab del cuerpo\u00a0 &#8211;\u00a0 Del compa\u00f1erismo y las reglas de comportamiento de los suf\u00edes<\/span><\/p><p><span style=\"color: #333333;\">\u00a0 \u00a0 \u00a0<\/span><\/p>\t\t\t\t\t<\/div>\n\t\t\t\t\t\t<\/div>\n\t\t\t\t<\/div>\n\t\t\t\t\t\t<\/div>\n\t\t\t\t\t<\/div>\n\t\t<\/div>\n\t\t\t\t\t\t\t\t<\/div>\n\t\t\t\t\t<\/div>\n\t\t<\/section>\n\t\t\t\t\t\t<\/div>\n\t\t\t\t\t\t<\/div>\n\t\t\t\t\t<\/div>\n\t\t","protected":false},"excerpt":{"rendered":"<p>88 p\u00e1ginas &#8211; 12 \u20ac A\u00f1adir al carro \u00a0 KITAB ADAB AL MURIDIN \u00a0 \u00a0 \u00a0Autor: Abu Al Najib Al Suhrawardi (Libro del Comportamiento del disc\u00edpulo Suf\u00ed). \u201cPara los que falsamente pretenden\u00a0ser Suf\u00edes, el estado del verdadero Suf\u00ed se mantiene oculto. Sin embargo, la corrupci\u00f3n de aquellos no debe servir para juzgar a los Suf\u00edes &#8230; <a title=\"KITAB ADAB AL MURIDIN\" class=\"read-more\" href=\"https:\/\/edicionesvia.com\/index.php\/product\/kitab-adab-al-muridin\/\">Read more<\/a><\/p>\n","protected":false},"featured_media":0,"template":"elementor_header_footer","meta":{"_mi_skip_tracking":false,"_monsterinsights_sitenote_active":false,"_monsterinsights_sitenote_note":"","_monsterinsights_sitenote_category":0},"_links":{"self":[{"href":"https:\/\/edicionesvia.com\/index.php\/wp-json\/wp\/v2\/product\/133"}],"collection":[{"href":"https:\/\/edicionesvia.com\/index.php\/wp-json\/wp\/v2\/product"}],"about":[{"href":"https:\/\/edicionesvia.com\/index.php\/wp-json\/wp\/v2\/types\/product"}],"version-history":[{"count":4,"href":"https:\/\/edicionesvia.com\/index.php\/wp-json\/wp\/v2\/product\/133\/revisions"}],"predecessor-version":[{"id":997,"href":"https:\/\/edicionesvia.com\/index.php\/wp-json\/wp\/v2\/product\/133\/revisions\/997"}],"wp:attachment":[{"href":"https:\/\/edicionesvia.com\/index.php\/wp-json\/wp\/v2\/media?parent=133"}],"curies":[{"name":"wp","href":"https:\/\/api.w.org\/{rel}","templated":true}]}}