{"id":1245,"date":"2021-03-04T13:08:48","date_gmt":"2021-03-04T12:08:48","guid":{"rendered":"https:\/\/edicionesvia.com\/?post_type=product&#038;p=1245"},"modified":"2021-03-04T13:25:44","modified_gmt":"2021-03-04T12:25:44","slug":"comentarios-drg-drsya-vivekah","status":"publish","type":"product","link":"https:\/\/edicionesvia.com\/index.php\/product\/comentarios-drg-drsya-vivekah\/","title":{"rendered":"COMENTARIOS AL DRG DRSYA VIVEKAH"},"content":{"rendered":"\t\t<div data-elementor-type=\"product-post\" data-elementor-id=\"1245\" class=\"elementor elementor-1245\" data-elementor-settings=\"[]\">\n\t\t\t\t\t\t<div class=\"elementor-inner\">\n\t\t\t\t\t\t\t<div class=\"elementor-section-wrap\">\n\t\t\t\t\t\t\t<section class=\"elementor-section elementor-top-section elementor-element elementor-element-5af430b elementor-section-boxed elementor-section-height-default elementor-section-height-default\" data-id=\"5af430b\" data-element_type=\"section\">\n\t\t\t\t\t\t<div class=\"elementor-container elementor-column-gap-default\">\n\t\t\t\t\t\t\t<div class=\"elementor-row\">\n\t\t\t\t\t<div class=\"elementor-column elementor-col-33 elementor-top-column elementor-element elementor-element-db9fc78\" data-id=\"db9fc78\" data-element_type=\"column\">\n\t\t\t<div class=\"elementor-column-wrap elementor-element-populated\">\n\t\t\t\t\t\t\t<div class=\"elementor-widget-wrap\">\n\t\t\t\t\t\t<div class=\"elementor-element elementor-element-01421ad elementor-widget-divider--view-line elementor-widget elementor-widget-divider\" data-id=\"01421ad\" data-element_type=\"widget\" data-widget_type=\"divider.default\">\n\t\t\t\t<div class=\"elementor-widget-container\">\n\t\t\t\t\t<div class=\"elementor-divider\">\n\t\t\t<span class=\"elementor-divider-separator\">\n\t\t\t\t\t\t<\/span>\n\t\t<\/div>\n\t\t\t\t<\/div>\n\t\t\t\t<\/div>\n\t\t\t\t<div class=\"elementor-element elementor-element-d17800a elementor-widget elementor-widget-image\" data-id=\"d17800a\" data-element_type=\"widget\" data-widget_type=\"image.default\">\n\t\t\t\t<div class=\"elementor-widget-container\">\n\t\t\t\t\t\t\t\t<div class=\"elementor-image\">\n\t\t\t\t\t\t\t\t\t\t\t\t\t<a href=\"https:\/\/edicionesvia.com\/index.php\/product\/comentarios-drg-drsya-vivekah\/\">\n\t\t\t\t\t\t\t<img src=\"https:\/\/edicionesvia.com\/wp-content\/uploads\/elementor\/thumbs\/Drg-Drysa-Viveka-comentado-scaled-p3pzvmb98764ofosux58cusm6ksp66bt400jvhr40w.jpg\" title=\"Drg Drysa Viveka comentado\" alt=\"Drg Drysa Viveka comentado\" \/>\t\t\t\t\t\t\t\t<\/a>\n\t\t\t\t\t\t\t\t\t\t\t\t\t\t<\/div>\n\t\t\t\t\t\t<\/div>\n\t\t\t\t<\/div>\n\t\t\t\t<div class=\"elementor-element elementor-element-32681f1 elementor-widget elementor-widget-heading\" data-id=\"32681f1\" data-element_type=\"widget\" data-widget_type=\"heading.default\">\n\t\t\t\t<div class=\"elementor-widget-container\">\n\t\t\t<h3 class=\"elementor-heading-title elementor-size-default\">248 Pag. 16,90\u20ac<\/h3>\t\t<\/div>\n\t\t\t\t<\/div>\n\t\t\t\t<div class=\"elementor-element elementor-element-85e9bb5 elementor-align-center elementor-widget elementor-widget-wc-add-to-cart\" data-id=\"85e9bb5\" data-element_type=\"widget\" data-widget_type=\"wc-add-to-cart.default\">\n\t\t\t\t<div class=\"elementor-widget-container\">\n\t\t\t\t\t<div class=\"elementor-button-wrapper\">\n\t\t\t<a rel=\"nofollow\" href=\"?add-to-cart=1245\" data-quantity=\"1\" data-product_id=\"1245\" class=\"product_type_simple add_to_cart_button ajax_add_to_cart elementor-button elementor-size-sm\" role=\"button\">\n\t\t\t\t\t\t<span class=\"elementor-button-content-wrapper\">\n\t\t\t\t\t\t<span class=\"elementor-button-icon elementor-align-icon-left\">\n\t\t\t\t<i aria-hidden=\"true\" class=\"fas fa-shopping-cart\"><\/i>\t\t\t<\/span>\n\t\t\t\t\t\t<span class=\"elementor-button-text\">A\u00f1adir al carro<\/span>\n\t\t<\/span>\n\t\t\t\t\t<\/a>\n\t\t<\/div>\n\t\t\t\t<\/div>\n\t\t\t\t<\/div>\n\t\t\t\t<div class=\"elementor-element elementor-element-a92e160 elementor-menu-cart--items-indicator-plain toggle-icon--cart-medium elementor-menu-cart--show-subtotal-yes elementor-menu-cart--cart-type-side-cart elementor-menu-cart--show-remove-button-yes elementor-widget elementor-widget-woocommerce-menu-cart\" data-id=\"a92e160\" data-element_type=\"widget\" data-settings=\"{&quot;cart_type&quot;:&quot;side-cart&quot;,&quot;open_cart&quot;:&quot;click&quot;,&quot;automatically_open_cart&quot;:&quot;no&quot;}\" data-widget_type=\"woocommerce-menu-cart.default\">\n\t\t\t\t<div class=\"elementor-widget-container\">\n\t\t\t\t\t<div class=\"elementor-menu-cart__wrapper\">\n\t\t\t\t\t\t\t<div class=\"elementor-menu-cart__toggle_wrapper\">\n\t\t\t\t\t<div class=\"elementor-menu-cart__container elementor-lightbox\" aria-hidden=\"true\">\n\t\t\t\t\t\t<div class=\"elementor-menu-cart__main\" aria-hidden=\"true\">\n\t\t\t\t\t\t\t<div class=\"elementor-menu-cart__close-button\"><\/div>\n\t\t\t\t\t\t\t<div class=\"widget_shopping_cart_content\">\n\t\t\t\t\t\t\t\t\t<div class=\"woocommerce-mini-cart__empty-message\">No hay productos en el carrito.<\/div>\n\t\t\t\t\t\t\t<\/div>\n\t\t\t\t\t\t<\/div>\n\t\t\t\t\t<\/div>\n\t\t\t\t\t\t\t<div class=\"elementor-menu-cart__toggle elementor-button-wrapper\">\n\t\t\t<a id=\"elementor-menu-cart__toggle_button\" href=\"#\" class=\"elementor-menu-cart__toggle_button elementor-button elementor-size-sm\" aria-expanded=\"false\">\n\t\t\t\t<span class=\"elementor-button-text\"><span class=\"woocommerce-Price-amount amount\"><span class=\"woocommerce-Price-currencySymbol\">&euro;<\/span>0.00<\/span><\/span>\n\t\t\t\t<span class=\"elementor-button-icon\" data-counter=\"0\">\n\t\t\t\t\t<i class=\"eicon\"><\/i>\n\t\t\t\t\t<span class=\"elementor-screen-only\">Carrito<\/span>\n\t\t\t\t<\/span>\n\t\t\t<\/a>\n\t\t<\/div>\n\t\t\t\t\t\t<\/div>\n\t\t\t\t\t<\/div> <!-- close elementor-menu-cart__wrapper -->\n\t\t\t\t<\/div>\n\t\t\t\t<\/div>\n\t\t\t\t\t\t<\/div>\n\t\t\t\t\t<\/div>\n\t\t<\/div>\n\t\t\t\t<div class=\"elementor-column elementor-col-66 elementor-top-column elementor-element elementor-element-dbd25f7\" data-id=\"dbd25f7\" data-element_type=\"column\">\n\t\t\t<div class=\"elementor-column-wrap elementor-element-populated\">\n\t\t\t\t\t\t\t<div class=\"elementor-widget-wrap\">\n\t\t\t\t\t\t<div class=\"elementor-element elementor-element-ff6dc4f elementor-widget-divider--view-line elementor-widget elementor-widget-divider\" data-id=\"ff6dc4f\" data-element_type=\"widget\" data-widget_type=\"divider.default\">\n\t\t\t\t<div class=\"elementor-widget-container\">\n\t\t\t\t\t<div class=\"elementor-divider\">\n\t\t\t<span class=\"elementor-divider-separator\">\n\t\t\t\t\t\t<\/span>\n\t\t<\/div>\n\t\t\t\t<\/div>\n\t\t\t\t<\/div>\n\t\t\t\t<div class=\"elementor-element elementor-element-74b6cda elementor-widget elementor-widget-text-editor\" data-id=\"74b6cda\" data-element_type=\"widget\" data-widget_type=\"text-editor.default\">\n\t\t\t\t<div class=\"elementor-widget-container\">\n\t\t\t\t\t\t\t\t<div class=\"elementor-text-editor elementor-clearfix\">\n\t\t\t\t<h2><strong>Comentarios al D\u1e5bg d\u1e5b\u015bya Viveka\u1e25<\/strong><\/h2><p>Tratado sobre el Sujeto Trascendente<br \/>y la Meditaci\u00f3n Vedanta Advaita (EL DISCERNIMIENTO ENTRE EL VEEDOR Y LO VISTO)<br \/>SWAMI DRAVIDACHARYA &amp; SWAMI PARAMARTHANANDA<br \/>Traducci\u00f3n, notas y anexo<br \/>Roberto Mall\u00f3n Fedriani<\/p><p>\u00a0 \u00a0 \u00a0 \u00a0Por primera vez se presenta esta obra cl\u00e1sica del Vedanta Advaita (No-Dualidad) con comentarios de aut\u00e9nticos swamis (maestros), tal y como se ense\u00f1a actualmente en las escuelas tradicionales hind\u00faes.<\/p><p>\u00a0 \u00a0 \u00a0 \u00a0De gran valor para aclarar los puntos m\u00e1s dif\u00edciles de entender de esta extraordinaria ense\u00f1anza que est\u00e1 en la base de la religi\u00f3n hind\u00fa, as\u00ed como, de una u otra forma, de todas las religiones del mundo.<\/p><p>\u00a0 \u00a0 \u00a0 \u00a0El conocimiento de la Verdad; de la Realidad; de Dios, se plantea como una cuesti\u00f3n b\u00e1sica en nuestra \u00e9poca, donde todo parece carecer de sentido, donde el ser humano vive una vida alienada, en una constante enso\u00f1aci\u00f3n; alejado de la Realidad, y cuya resoluci\u00f3n puede traer como consecuencia una vida m\u00e1s plena, m\u00e1s rica en todos los aspectos del ser humano y, consecuentemente, de la humanidad.<\/p><p>\u00a0 \u00a0 \u00a0 \u00a0Colecci\u00f3n Advaita <br \/>\u00a0 \u00a0 \u00a0 \u00a0\u201cAdvaita no es un sistema, una religi\u00f3n o t\u00e9cnica. Tampoco es una filosof\u00eda. Es simplemente la Verdad.\u201d\u00a0 Jean Klein<\/p><h6>\u00a0<\/h6><div><strong>\u00a0\u00a0<\/strong><\/div>\t\t\t\t\t<\/div>\n\t\t\t\t\t\t<\/div>\n\t\t\t\t<\/div>\n\t\t\t\t\t\t<\/div>\n\t\t\t\t\t<\/div>\n\t\t<\/div>\n\t\t\t\t\t\t\t\t<\/div>\n\t\t\t\t\t<\/div>\n\t\t<\/section>\n\t\t\t\t\t\t<\/div>\n\t\t\t\t\t\t<\/div>\n\t\t\t\t\t<\/div>\n\t\t","protected":false},"excerpt":{"rendered":"<p>Comentarios<br \/>\nal D\u1e5bg d\u1e5b\u015bya viveka\u1e25<br \/>\nTratado sobre el Sujeto Trascendente<br \/>\ny la Meditaci\u00f3n Vedanta Advaita (EL DISCERNIMIENTO ENTRE EL VEEDOR Y LO VISTO)<br \/>\nSWAMI DRAVIDACHARYA &amp; SWAMI PARAMARTHANANDA<br \/>\nTraducci\u00f3n, notas y anexo<br \/>\nRoberto Mall\u00f3n Fedriani<\/p>\n<p>Por primera vez se presenta esta obra cl\u00e1sica del Vedanta Advaita (No-Dualidad) con comentarios de aut\u00e9nticos swamis (maestros), tal y como se ense\u00f1a actualmente en las escuelas tradicionales hind\u00faes.<\/p>\n<p>De gran valor para aclarar los puntos m\u00e1s dif\u00edciles de entender de esta extraordinaria ense\u00f1anza que est\u00e1 en la base de la religi\u00f3n hind\u00fa, as\u00ed como, de una u otra forma, de todas las religiones del mundo.<\/p>\n<p>El conocimiento de la Verdad; de la Realidad; de Dios, se plantea como una cuesti\u00f3n b\u00e1sica en nuestra \u00e9poca, donde todo parece carecer de sentido, donde el ser humano vive una vida alienada, en una constante enso\u00f1aci\u00f3n; alejado de la Realidad, y cuya resoluci\u00f3n puede traer como consecuencia una vida m\u00e1s plena, m\u00e1s rica en todos los aspectos del ser humano y, consecuentemente, de la humanidad.<\/p>\n<p>Colecci\u00f3n Advaita<br \/>\n\u201cAdvaita no es un sistema, una religi\u00f3n o t\u00e9cnica. Tampoco es una filosof\u00eda. Es simplemente la Verdad.\u201d<br \/>\nJean Klein<\/p>\n<p>&nbsp;<\/p>\n","protected":false},"featured_media":1246,"template":"elementor_header_footer","meta":{"_mi_skip_tracking":false,"_monsterinsights_sitenote_active":false,"_monsterinsights_sitenote_note":"","_monsterinsights_sitenote_category":0},"_links":{"self":[{"href":"https:\/\/edicionesvia.com\/index.php\/wp-json\/wp\/v2\/product\/1245"}],"collection":[{"href":"https:\/\/edicionesvia.com\/index.php\/wp-json\/wp\/v2\/product"}],"about":[{"href":"https:\/\/edicionesvia.com\/index.php\/wp-json\/wp\/v2\/types\/product"}],"version-history":[{"count":2,"href":"https:\/\/edicionesvia.com\/index.php\/wp-json\/wp\/v2\/product\/1245\/revisions"}],"predecessor-version":[{"id":1248,"href":"https:\/\/edicionesvia.com\/index.php\/wp-json\/wp\/v2\/product\/1245\/revisions\/1248"}],"wp:featuredmedia":[{"embeddable":true,"href":"https:\/\/edicionesvia.com\/index.php\/wp-json\/wp\/v2\/media\/1246"}],"wp:attachment":[{"href":"https:\/\/edicionesvia.com\/index.php\/wp-json\/wp\/v2\/media?parent=1245"}],"curies":[{"name":"wp","href":"https:\/\/api.w.org\/{rel}","templated":true}]}}