{"id":114,"date":"2019-03-07T15:25:20","date_gmt":"2019-03-07T14:25:20","guid":{"rendered":"https:\/\/edicionesvia.com\/?post_type=product&#038;p=114"},"modified":"2020-09-21T12:43:09","modified_gmt":"2020-09-21T11:43:09","slug":"thanatos","status":"publish","type":"product","link":"https:\/\/edicionesvia.com\/index.php\/product\/thanatos\/","title":{"rendered":"TH\u00c1NATOS"},"content":{"rendered":"\t\t<div data-elementor-type=\"product-post\" data-elementor-id=\"114\" class=\"elementor elementor-114\" data-elementor-settings=\"[]\">\n\t\t\t\t\t\t<div class=\"elementor-inner\">\n\t\t\t\t\t\t\t<div class=\"elementor-section-wrap\">\n\t\t\t\t\t\t\t<section class=\"elementor-section elementor-top-section elementor-element elementor-element-b864f2a elementor-section-boxed elementor-section-height-default elementor-section-height-default\" data-id=\"b864f2a\" data-element_type=\"section\">\n\t\t\t\t\t\t<div class=\"elementor-container elementor-column-gap-default\">\n\t\t\t\t\t\t\t<div class=\"elementor-row\">\n\t\t\t\t\t<div class=\"elementor-column elementor-col-50 elementor-top-column elementor-element elementor-element-99568b9\" data-id=\"99568b9\" data-element_type=\"column\">\n\t\t\t<div class=\"elementor-column-wrap elementor-element-populated\">\n\t\t\t\t\t\t\t<div class=\"elementor-widget-wrap\">\n\t\t\t\t\t\t<div class=\"elementor-element elementor-element-3c5f7c2 elementor-widget-divider--view-line elementor-widget elementor-widget-divider\" data-id=\"3c5f7c2\" data-element_type=\"widget\" data-widget_type=\"divider.default\">\n\t\t\t\t<div class=\"elementor-widget-container\">\n\t\t\t\t\t<div class=\"elementor-divider\">\n\t\t\t<span class=\"elementor-divider-separator\">\n\t\t\t\t\t\t<\/span>\n\t\t<\/div>\n\t\t\t\t<\/div>\n\t\t\t\t<\/div>\n\t\t\t\t<div class=\"elementor-element elementor-element-e953940 elementor-widget elementor-widget-image\" data-id=\"e953940\" data-element_type=\"widget\" data-widget_type=\"image.default\">\n\t\t\t\t<div class=\"elementor-widget-container\">\n\t\t\t\t\t\t\t\t<div class=\"elementor-image\">\n\t\t\t\t\t\t\t\t\t\t\t\t<img src=\"https:\/\/edicionesvia.com\/wp-content\/uploads\/elementor\/thumbs\/Cubierta-Thanatos-oe6p0wx2qo98pi0sxuxzmpffiy8bmxj74prro67ns0.jpg\" title=\"Cubierta Th\u00e1natos (Page 1)\" alt=\"Cubierta Th\u00e1natos (Page 1)\" \/>\t\t\t\t\t\t\t\t\t\t\t\t\t\t<\/div>\n\t\t\t\t\t\t<\/div>\n\t\t\t\t<\/div>\n\t\t\t\t<div class=\"elementor-element elementor-element-9cedd5b elementor-widget elementor-widget-heading\" data-id=\"9cedd5b\" data-element_type=\"widget\" data-widget_type=\"heading.default\">\n\t\t\t\t<div class=\"elementor-widget-container\">\n\t\t\t<h3 class=\"elementor-heading-title elementor-size-default\">172 p\u00e1ginas - 16 \u20ac<\/h3>\t\t<\/div>\n\t\t\t\t<\/div>\n\t\t\t\t<div class=\"elementor-element elementor-element-7fc79aa elementor-align-center elementor-widget elementor-widget-wc-add-to-cart\" data-id=\"7fc79aa\" data-element_type=\"widget\" data-widget_type=\"wc-add-to-cart.default\">\n\t\t\t\t<div class=\"elementor-widget-container\">\n\t\t\t\t\t<div class=\"elementor-button-wrapper\">\n\t\t\t<a rel=\"nofollow\" href=\"?add-to-cart=114\" data-quantity=\"1\" data-product_id=\"114\" class=\"product_type_simple add_to_cart_button ajax_add_to_cart elementor-button elementor-size-sm\" role=\"button\">\n\t\t\t\t\t\t<span class=\"elementor-button-content-wrapper\">\n\t\t\t\t\t\t<span class=\"elementor-button-icon elementor-align-icon-left\">\n\t\t\t\t<i aria-hidden=\"true\" class=\"fas fa-shopping-cart\"><\/i>\t\t\t<\/span>\n\t\t\t\t\t\t<span class=\"elementor-button-text\">A\u00f1adir al carro<\/span>\n\t\t<\/span>\n\t\t\t\t\t<\/a>\n\t\t<\/div>\n\t\t\t\t<\/div>\n\t\t\t\t<\/div>\n\t\t\t\t<div class=\"elementor-element elementor-element-7e28a9d elementor-menu-cart--items-indicator-plain toggle-icon--cart-medium elementor-menu-cart--show-subtotal-yes elementor-menu-cart--cart-type-side-cart elementor-menu-cart--show-remove-button-yes elementor-widget elementor-widget-woocommerce-menu-cart\" data-id=\"7e28a9d\" data-element_type=\"widget\" data-settings=\"{&quot;cart_type&quot;:&quot;side-cart&quot;,&quot;open_cart&quot;:&quot;click&quot;,&quot;automatically_open_cart&quot;:&quot;no&quot;}\" data-widget_type=\"woocommerce-menu-cart.default\">\n\t\t\t\t<div class=\"elementor-widget-container\">\n\t\t\t\t\t<div class=\"elementor-menu-cart__wrapper\">\n\t\t\t\t\t\t\t<div class=\"elementor-menu-cart__toggle_wrapper\">\n\t\t\t\t\t<div class=\"elementor-menu-cart__container elementor-lightbox\" aria-hidden=\"true\">\n\t\t\t\t\t\t<div class=\"elementor-menu-cart__main\" aria-hidden=\"true\">\n\t\t\t\t\t\t\t<div class=\"elementor-menu-cart__close-button\"><\/div>\n\t\t\t\t\t\t\t<div class=\"widget_shopping_cart_content\">\n\t\t\t\t\t\t\t\t\t<div class=\"woocommerce-mini-cart__empty-message\">No hay productos en el carrito.<\/div>\n\t\t\t\t\t\t\t<\/div>\n\t\t\t\t\t\t<\/div>\n\t\t\t\t\t<\/div>\n\t\t\t\t\t\t\t<div class=\"elementor-menu-cart__toggle elementor-button-wrapper\">\n\t\t\t<a id=\"elementor-menu-cart__toggle_button\" href=\"#\" class=\"elementor-menu-cart__toggle_button elementor-button elementor-size-sm\" aria-expanded=\"false\">\n\t\t\t\t<span class=\"elementor-button-text\"><span class=\"woocommerce-Price-amount amount\"><span class=\"woocommerce-Price-currencySymbol\">&euro;<\/span>0.00<\/span><\/span>\n\t\t\t\t<span class=\"elementor-button-icon\" data-counter=\"0\">\n\t\t\t\t\t<i class=\"eicon\"><\/i>\n\t\t\t\t\t<span class=\"elementor-screen-only\">Carrito<\/span>\n\t\t\t\t<\/span>\n\t\t\t<\/a>\n\t\t<\/div>\n\t\t\t\t\t\t<\/div>\n\t\t\t\t\t<\/div> <!-- close elementor-menu-cart__wrapper -->\n\t\t\t\t<\/div>\n\t\t\t\t<\/div>\n\t\t\t\t\t\t<\/div>\n\t\t\t\t\t<\/div>\n\t\t<\/div>\n\t\t\t\t<div class=\"elementor-column elementor-col-50 elementor-top-column elementor-element elementor-element-74bf34a\" data-id=\"74bf34a\" data-element_type=\"column\">\n\t\t\t<div class=\"elementor-column-wrap elementor-element-populated\">\n\t\t\t\t\t\t\t<div class=\"elementor-widget-wrap\">\n\t\t\t\t\t\t<div class=\"elementor-element elementor-element-99a7799 elementor-widget-divider--view-line elementor-widget elementor-widget-divider\" data-id=\"99a7799\" data-element_type=\"widget\" data-widget_type=\"divider.default\">\n\t\t\t\t<div class=\"elementor-widget-container\">\n\t\t\t\t\t<div class=\"elementor-divider\">\n\t\t\t<span class=\"elementor-divider-separator\">\n\t\t\t\t\t\t<\/span>\n\t\t<\/div>\n\t\t\t\t<\/div>\n\t\t\t\t<\/div>\n\t\t\t\t<div class=\"elementor-element elementor-element-580f148 elementor-widget elementor-widget-text-editor\" data-id=\"580f148\" data-element_type=\"widget\" data-widget_type=\"text-editor.default\">\n\t\t\t\t<div class=\"elementor-widget-container\">\n\t\t\t\t\t\t\t\t<div class=\"elementor-text-editor elementor-clearfix\">\n\t\t\t\t<p><strong>\u00a0<span style=\"color: #333333;\"> TH\u00c1NATOS<\/span><\/strong><\/p><p><span style=\"color: #333333;\"><strong><em>\u00a0 \u00a0 \u00a0Autor: Victor Pascual Kavod<\/em><\/strong><\/span><\/p><p><span style=\"color: #333333;\">El Hombre, la Muerte y los destinos de Ultratumba<\/span><\/p><p><span style=\"color: #333333;\">\u00a0 \u00a0 \u00a0Un aut\u00e9ntico tratado sobre el viaje del alma despu\u00e9s de la muerte. La finalidad de este \u00faltimo viaje es la de llegar a buen puerto. Tal es la aventura inaudita que le ha sido propuesta al hombre. En el presente libro al autor, desde una perspectiva tradicional, le interesa encontrar el verdadero destino del alma tras la muerte, la senda que recorre y su final y, para ello, utiliza como \u00fanicos argumentos v\u00e1lidos, los\u00a0 expuestos por las distintas tradiciones y, en particular, la tradici\u00f3n hind\u00fa, quiz\u00e1 la m\u00e1s cercana a la tradici\u00f3n primordial.\u00a0<\/span><\/p><p><span style=\"color: #333333;\">\u00a0 \u00a0 \u00a0 \u00a0Extracto del \u00cdndice:<\/span><\/p><p><span style=\"color: #333333;\">\u00a0La puerta de la muerte\u00a0 \u00a0 \u00a0 Los destinos p\u00f3stumos del ser humano\u00a0 \u00a0 \u00a0 Las envolturas del S\u00ed-mismo\u00a0 \u00a0 \u00a0 La v\u00eda de los dioses\u00a0 \u00a0 \u00a0 La v\u00eda de los antepasados\u00a0 \u00a0 \u00a0Aproximaci\u00f3n a la doctrina cristiana sobre el destino p\u00f3stumo\u00a0 \u00a0 \u00a0 Resurrecci\u00f3n y cuerpo inmortal\u00a0 \u00a0 \u00a0 Situaci\u00f3n c\u00edclica del Juicio Final<\/span><\/p><p>\u00a0<\/p><p><span style=\"color: #333333;\">\u00a0 \u00a0 \u00a0<\/span><\/p>\t\t\t\t\t<\/div>\n\t\t\t\t\t\t<\/div>\n\t\t\t\t<\/div>\n\t\t\t\t\t\t<\/div>\n\t\t\t\t\t<\/div>\n\t\t<\/div>\n\t\t\t\t\t\t\t\t<\/div>\n\t\t\t\t\t<\/div>\n\t\t<\/section>\n\t\t\t\t\t\t<\/div>\n\t\t\t\t\t\t<\/div>\n\t\t\t\t\t<\/div>\n\t\t","protected":false},"excerpt":{"rendered":"<p>172 p\u00e1ginas &#8211; 16 \u20ac A\u00f1adir al carro \u00a0 TH\u00c1NATOS \u00a0 \u00a0 \u00a0Autor: Victor Pascual Kavod El Hombre, la Muerte y los destinos de Ultratumba Un aut\u00e9ntico tratado sobre el viaje del alma despu\u00e9s de la muerte. La finalidad de este \u00faltimo viaje es la de llegar a buen puerto. Tal es la aventura inaudita &#8230; <a title=\"TH\u00c1NATOS\" class=\"read-more\" href=\"https:\/\/edicionesvia.com\/index.php\/product\/thanatos\/\">Read more<\/a><\/p>\n","protected":false},"featured_media":0,"template":"elementor_header_footer","meta":{"_mi_skip_tracking":false,"_monsterinsights_sitenote_active":false,"_monsterinsights_sitenote_note":"","_monsterinsights_sitenote_category":0},"_links":{"self":[{"href":"https:\/\/edicionesvia.com\/index.php\/wp-json\/wp\/v2\/product\/114"}],"collection":[{"href":"https:\/\/edicionesvia.com\/index.php\/wp-json\/wp\/v2\/product"}],"about":[{"href":"https:\/\/edicionesvia.com\/index.php\/wp-json\/wp\/v2\/types\/product"}],"version-history":[{"count":4,"href":"https:\/\/edicionesvia.com\/index.php\/wp-json\/wp\/v2\/product\/114\/revisions"}],"predecessor-version":[{"id":998,"href":"https:\/\/edicionesvia.com\/index.php\/wp-json\/wp\/v2\/product\/114\/revisions\/998"}],"wp:attachment":[{"href":"https:\/\/edicionesvia.com\/index.php\/wp-json\/wp\/v2\/media?parent=114"}],"curies":[{"name":"wp","href":"https:\/\/api.w.org\/{rel}","templated":true}]}}