{"id":106,"date":"2019-03-07T15:06:46","date_gmt":"2019-03-07T14:06:46","guid":{"rendered":"https:\/\/edicionesvia.com\/?post_type=product&#038;p=106"},"modified":"2020-09-21T12:46:23","modified_gmt":"2020-09-21T11:46:23","slug":"estudios-sobre-el-hinduismo","status":"publish","type":"product","link":"https:\/\/edicionesvia.com\/index.php\/product\/estudios-sobre-el-hinduismo\/","title":{"rendered":"ESTUDIOS SOBRE EL HINDUISMO"},"content":{"rendered":"\t\t<div data-elementor-type=\"product-post\" data-elementor-id=\"106\" class=\"elementor elementor-106\" data-elementor-settings=\"[]\">\n\t\t\t\t\t\t<div class=\"elementor-inner\">\n\t\t\t\t\t\t\t<div class=\"elementor-section-wrap\">\n\t\t\t\t\t\t\t<section class=\"elementor-section elementor-top-section elementor-element elementor-element-d3d6d21 elementor-section-boxed elementor-section-height-default elementor-section-height-default\" data-id=\"d3d6d21\" data-element_type=\"section\">\n\t\t\t\t\t\t<div class=\"elementor-container elementor-column-gap-default\">\n\t\t\t\t\t\t\t<div class=\"elementor-row\">\n\t\t\t\t\t<div class=\"elementor-column elementor-col-50 elementor-top-column elementor-element elementor-element-825bc9c\" data-id=\"825bc9c\" data-element_type=\"column\">\n\t\t\t<div class=\"elementor-column-wrap elementor-element-populated\">\n\t\t\t\t\t\t\t<div class=\"elementor-widget-wrap\">\n\t\t\t\t\t\t<div class=\"elementor-element elementor-element-a23d541 elementor-widget-divider--view-line elementor-widget elementor-widget-divider\" data-id=\"a23d541\" data-element_type=\"widget\" data-widget_type=\"divider.default\">\n\t\t\t\t<div class=\"elementor-widget-container\">\n\t\t\t\t\t<div class=\"elementor-divider\">\n\t\t\t<span class=\"elementor-divider-separator\">\n\t\t\t\t\t\t<\/span>\n\t\t<\/div>\n\t\t\t\t<\/div>\n\t\t\t\t<\/div>\n\t\t\t\t<div class=\"elementor-element elementor-element-c097aed elementor-widget elementor-widget-image\" data-id=\"c097aed\" data-element_type=\"widget\" data-widget_type=\"image.default\">\n\t\t\t\t<div class=\"elementor-widget-container\">\n\t\t\t\t\t\t\t\t<div class=\"elementor-image\">\n\t\t\t\t\t\t\t\t\t\t\t\t<img src=\"https:\/\/edicionesvia.com\/wp-content\/uploads\/elementor\/thumbs\/Taspas-estudios-cambio-imagen-oe6p0wx2qo98pi0sxuxzmpffiy8bmxj74prro67ns0.jpg\" title=\"Tapas Estudios (Page 1)\" alt=\"Tapas Estudios (Page 1)\" \/>\t\t\t\t\t\t\t\t\t\t\t\t\t\t<\/div>\n\t\t\t\t\t\t<\/div>\n\t\t\t\t<\/div>\n\t\t\t\t<div class=\"elementor-element elementor-element-276f4a3 elementor-widget elementor-widget-heading\" data-id=\"276f4a3\" data-element_type=\"widget\" data-widget_type=\"heading.default\">\n\t\t\t\t<div class=\"elementor-widget-container\">\n\t\t\t<h3 class=\"elementor-heading-title elementor-size-default\">256 p\u00e1ginas - 17 \u20ac<\/h3>\t\t<\/div>\n\t\t\t\t<\/div>\n\t\t\t\t<div class=\"elementor-element elementor-element-dc6b1a6 elementor-align-center elementor-widget elementor-widget-wc-add-to-cart\" data-id=\"dc6b1a6\" data-element_type=\"widget\" data-widget_type=\"wc-add-to-cart.default\">\n\t\t\t\t<div class=\"elementor-widget-container\">\n\t\t\t\t\t<div class=\"elementor-button-wrapper\">\n\t\t\t<a rel=\"nofollow\" href=\"?add-to-cart=106\" data-quantity=\"1\" data-product_id=\"106\" class=\"product_type_simple add_to_cart_button ajax_add_to_cart elementor-button elementor-size-sm\" role=\"button\">\n\t\t\t\t\t\t<span class=\"elementor-button-content-wrapper\">\n\t\t\t\t\t\t<span class=\"elementor-button-icon elementor-align-icon-left\">\n\t\t\t\t<i aria-hidden=\"true\" class=\"fas fa-shopping-cart\"><\/i>\t\t\t<\/span>\n\t\t\t\t\t\t<span class=\"elementor-button-text\">A\u00f1adir al carro<\/span>\n\t\t<\/span>\n\t\t\t\t\t<\/a>\n\t\t<\/div>\n\t\t\t\t<\/div>\n\t\t\t\t<\/div>\n\t\t\t\t<div class=\"elementor-element elementor-element-a175164 elementor-menu-cart--items-indicator-plain toggle-icon--cart-medium elementor-menu-cart--show-subtotal-yes elementor-menu-cart--cart-type-side-cart elementor-menu-cart--show-remove-button-yes elementor-widget elementor-widget-woocommerce-menu-cart\" data-id=\"a175164\" data-element_type=\"widget\" data-settings=\"{&quot;cart_type&quot;:&quot;side-cart&quot;,&quot;open_cart&quot;:&quot;click&quot;,&quot;automatically_open_cart&quot;:&quot;no&quot;}\" data-widget_type=\"woocommerce-menu-cart.default\">\n\t\t\t\t<div class=\"elementor-widget-container\">\n\t\t\t\t\t<div class=\"elementor-menu-cart__wrapper\">\n\t\t\t\t\t\t\t<div class=\"elementor-menu-cart__toggle_wrapper\">\n\t\t\t\t\t<div class=\"elementor-menu-cart__container elementor-lightbox\" aria-hidden=\"true\">\n\t\t\t\t\t\t<div class=\"elementor-menu-cart__main\" aria-hidden=\"true\">\n\t\t\t\t\t\t\t<div class=\"elementor-menu-cart__close-button\"><\/div>\n\t\t\t\t\t\t\t<div class=\"widget_shopping_cart_content\">\n\t\t\t\t\t\t\t\t\t<div class=\"woocommerce-mini-cart__empty-message\">No hay productos en el carrito.<\/div>\n\t\t\t\t\t\t\t<\/div>\n\t\t\t\t\t\t<\/div>\n\t\t\t\t\t<\/div>\n\t\t\t\t\t\t\t<div class=\"elementor-menu-cart__toggle elementor-button-wrapper\">\n\t\t\t<a id=\"elementor-menu-cart__toggle_button\" href=\"#\" class=\"elementor-menu-cart__toggle_button elementor-button elementor-size-sm\" aria-expanded=\"false\">\n\t\t\t\t<span class=\"elementor-button-text\"><span class=\"woocommerce-Price-amount amount\"><span class=\"woocommerce-Price-currencySymbol\">&euro;<\/span>0.00<\/span><\/span>\n\t\t\t\t<span class=\"elementor-button-icon\" data-counter=\"0\">\n\t\t\t\t\t<i class=\"eicon\"><\/i>\n\t\t\t\t\t<span class=\"elementor-screen-only\">Carrito<\/span>\n\t\t\t\t<\/span>\n\t\t\t<\/a>\n\t\t<\/div>\n\t\t\t\t\t\t<\/div>\n\t\t\t\t\t<\/div> <!-- close elementor-menu-cart__wrapper -->\n\t\t\t\t<\/div>\n\t\t\t\t<\/div>\n\t\t\t\t\t\t<\/div>\n\t\t\t\t\t<\/div>\n\t\t<\/div>\n\t\t\t\t<div class=\"elementor-column elementor-col-50 elementor-top-column elementor-element elementor-element-5e0bcb4\" data-id=\"5e0bcb4\" data-element_type=\"column\">\n\t\t\t<div class=\"elementor-column-wrap elementor-element-populated\">\n\t\t\t\t\t\t\t<div class=\"elementor-widget-wrap\">\n\t\t\t\t\t\t<div class=\"elementor-element elementor-element-c4670fd elementor-widget-divider--view-line elementor-widget elementor-widget-divider\" data-id=\"c4670fd\" data-element_type=\"widget\" data-widget_type=\"divider.default\">\n\t\t\t\t<div class=\"elementor-widget-container\">\n\t\t\t\t\t<div class=\"elementor-divider\">\n\t\t\t<span class=\"elementor-divider-separator\">\n\t\t\t\t\t\t<\/span>\n\t\t<\/div>\n\t\t\t\t<\/div>\n\t\t\t\t<\/div>\n\t\t\t\t<div class=\"elementor-element elementor-element-98d6794 elementor-widget elementor-widget-text-editor\" data-id=\"98d6794\" data-element_type=\"widget\" data-widget_type=\"text-editor.default\">\n\t\t\t\t<div class=\"elementor-widget-container\">\n\t\t\t\t\t\t\t\t<div class=\"elementor-text-editor elementor-clearfix\">\n\t\t\t\t<p><span style=\"color: #333333;\"><strong>\u00a0ESTUDIOS SOBRE EL HINDUISMO<\/strong><\/span><\/p><p><span style=\"color: #333333;\"><strong><em>\u00a0 Autor: Ren\u00e9 Gu\u00e9non<\/em><\/strong><\/span><\/p><p>\u00a0 \u00a0 \u00a0 \u00a0 \u00a0 Texto que profundiza y aclara diversos aspectos del Hinduismo con la agudeza y el saber propios de Ren\u00e9 Gu\u00e9non. Un cl\u00e1sico por primera vez editado en castellano.<\/p><p>\u00a0 \u00a0 \u00a0 \u00a0 \u00a0 \u00a0Extracto del \u00cdndice:<\/p><p>\u00c2tm\u00e2-G\u00eet\u00e2\u00a0 \u00a0 .\u00a0 \u00a0 El Esp\u00edritu de la India\u00a0 \u00a0 .\u00a0 \u00a0 Kundalini-Yoga\u00a0 \u00a0.\u00a0 \u00a0 La teor\u00eda hind\u00fa de los cinco elementos\u00a0 \u00a0 .\u00a0 \u00a0 Dharma\u00a0 \u00a0 .\u00a0 \u00a0 Varna\u00a0 \u00a0 .\u00a0 \u00a0 Tantrismo y Magia\u00a0 \u00a0 .\u00a0 \u00a0 El Quinto V\u00eada\u00a0 \u00a0 .\u00a0 \u00a0 N\u00e2m\u00e2-R\u00fbpa\u00a0 \u00a0 .\u00a0 \u00a0 M\u00e2y\u00e2\u00a0 \u00a0 .\u00a0 \u00a0 San\u00e2tana Dharma<\/p><p><span style=\"color: #333333;\">\u00a0 \u00a0 \u00a0<\/span><\/p>\t\t\t\t\t<\/div>\n\t\t\t\t\t\t<\/div>\n\t\t\t\t<\/div>\n\t\t\t\t\t\t<\/div>\n\t\t\t\t\t<\/div>\n\t\t<\/div>\n\t\t\t\t\t\t\t\t<\/div>\n\t\t\t\t\t<\/div>\n\t\t<\/section>\n\t\t\t\t\t\t<\/div>\n\t\t\t\t\t\t<\/div>\n\t\t\t\t\t<\/div>\n\t\t","protected":false},"excerpt":{"rendered":"<p>256 p\u00e1ginas &#8211; 17 \u20ac A\u00f1adir al carro \u00a0ESTUDIOS SOBRE EL HINDUISMO \u00a0 Autor: Ren\u00e9 Gu\u00e9non Texto que profundiza y aclara diversos aspectos del Hinduismo con la agudeza y el saber propios de Ren\u00e9 Gu\u00e9non. Un cl\u00e1sico por primera vez editado en castellano. Extracto del \u00cdndice: \u00c2tm\u00e2-G\u00eet\u00e2\u00a0 \u00a0 .\u00a0 \u00a0 El Esp\u00edritu de la India\u00a0 &#8230; <a title=\"ESTUDIOS SOBRE EL HINDUISMO\" class=\"read-more\" href=\"https:\/\/edicionesvia.com\/index.php\/product\/estudios-sobre-el-hinduismo\/\">Read more<\/a><\/p>\n","protected":false},"featured_media":0,"template":"elementor_header_footer","meta":{"_mi_skip_tracking":false,"_monsterinsights_sitenote_active":false,"_monsterinsights_sitenote_note":"","_monsterinsights_sitenote_category":0},"_links":{"self":[{"href":"https:\/\/edicionesvia.com\/index.php\/wp-json\/wp\/v2\/product\/106"}],"collection":[{"href":"https:\/\/edicionesvia.com\/index.php\/wp-json\/wp\/v2\/product"}],"about":[{"href":"https:\/\/edicionesvia.com\/index.php\/wp-json\/wp\/v2\/types\/product"}],"version-history":[{"count":4,"href":"https:\/\/edicionesvia.com\/index.php\/wp-json\/wp\/v2\/product\/106\/revisions"}],"predecessor-version":[{"id":1000,"href":"https:\/\/edicionesvia.com\/index.php\/wp-json\/wp\/v2\/product\/106\/revisions\/1000"}],"wp:attachment":[{"href":"https:\/\/edicionesvia.com\/index.php\/wp-json\/wp\/v2\/media?parent=106"}],"curies":[{"name":"wp","href":"https:\/\/api.w.org\/{rel}","templated":true}]}}