{"id":8,"date":"2018-01-19T05:19:27","date_gmt":"2018-01-19T05:19:27","guid":{"rendered":"https:\/\/edicionesvia.com\/?page_id=8"},"modified":"2019-04-07T13:57:40","modified_gmt":"2019-04-07T12:57:40","slug":"about","status":"publish","type":"page","link":"https:\/\/edicionesvia.com\/index.php\/about\/","title":{"rendered":"EDICIONES V\u00cdA"},"content":{"rendered":"\t\t<div data-elementor-type=\"wp-post\" data-elementor-id=\"8\" class=\"elementor elementor-8\" data-elementor-settings=\"[]\">\n\t\t\t\t\t\t<div class=\"elementor-inner\">\n\t\t\t\t\t\t\t<div class=\"elementor-section-wrap\">\n\t\t\t\t\t\t\t<section class=\"elementor-section elementor-top-section elementor-element elementor-element-22fb6048 elementor-section-boxed elementor-section-height-default elementor-section-height-default\" data-id=\"22fb6048\" data-element_type=\"section\">\n\t\t\t\t\t\t<div class=\"elementor-container elementor-column-gap-default\">\n\t\t\t\t\t\t\t<div class=\"elementor-row\">\n\t\t\t\t\t<div class=\"elementor-column elementor-col-100 elementor-top-column elementor-element elementor-element-632e066c\" data-id=\"632e066c\" data-element_type=\"column\">\n\t\t\t<div class=\"elementor-column-wrap elementor-element-populated\">\n\t\t\t\t\t\t\t<div class=\"elementor-widget-wrap\">\n\t\t\t\t\t\t<div class=\"elementor-element elementor-element-7b138552 elementor-widget elementor-widget-text-editor\" data-id=\"7b138552\" data-element_type=\"widget\" data-widget_type=\"text-editor.default\">\n\t\t\t\t<div class=\"elementor-widget-container\">\n\t\t\t\t\t\t\t\t<div class=\"elementor-text-editor elementor-clearfix\">\n\t\t\t\t<p style=\"font-weight: 400;\"><span style=\"color: #000000;\"><b>Presentaci\u00f3n EDICIONES VIA DIRECTA.<\/b><\/span><\/p>\n<p style=\"font-weight: 400;\">Esta editorial nace con la clara intenci\u00f3n de hacer llegar una serie de t\u00edtulos, que de otra manera dif\u00edcilmente estar\u00edan disponibles, al lector\/buscador interesado en lo que se ha venido en llamar la v\u00eda directa al conocimiento; que es tanto como decir la v\u00eda directa a la completa felicidad o plenitud del ser humano.<\/p>\n<p style=\"font-weight: 400;\">Se puede afirmar que adem\u00e1s del Vedanta Advaita forman parte, en mayor o menor grado, de esta v\u00eda: el Sufismo; el Zen; la M\u00edstica cristiana; el Shivaismo de Cachemira; el Taoismo; modernamente la psicolog\u00eda transpersonal y lo que se ha venido en llamar neo-advaita: una serie de maestros y autores, generalmente occidentales, que han llegado a la realizaci\u00f3n de la experiencia \u00faltima (o, al menos, eso dicen).<\/p>\n<p style=\"font-weight: 400;\"><span style=\"color: #000000;\"><b>REVISTA SER<\/b><\/span><\/p>\n<p style=\"font-weight: 400;\">Revista que fue publicada y dirigida por Jean Klein, Aqu\u00ed encontrareis algunos textos breves que fueron publicados en la revista y otros que no. En cualquier caso ser\u00e1n escritos escogidos de entre los mejores dentro de la\u00a0 no-dualidad y que iremos renovando cada cierto tiempo, si desean estar al tanto de las novedades en la revista mail to:\u00a0<a href=\"mailto:edicionesviagmail.com\">edicionesvia@gmail.com<\/a><\/p>\n<p style=\"font-weight: 400;\"><span style=\"color: #000000;\">\u00a0<b>La V\u00eda Directa al conocimiento. La No-Dualidad<\/b><\/span><\/p>\n<p style=\"font-weight: 400;\">Ante la proliferaci\u00f3n de diversas ense\u00f1anzas que se llaman a si mismas Advaita, tenemos que advertir la lector\/buscador a fin de\u00a0 que no confunda el genuino Advaita con otro tipo de ense\u00f1anzas que, en el mejor de los casos no son sino un acercamiento edulcorado a los principios del vedanta. Comprendemos que\u00a0 el Advaita solo est\u00e1 al alcance de muy, muy pocos, y que necesariamente deben haber aproximaciones al conocimiento que propugna, pero es necesario que se distinga con claridad\u00a0 lo que es Vedanta-Advaita, tal como lo ense\u00f1aron Gaudapada y Shankara, de sus m\u00e1s o menos afortunadas aproximaciones.<\/p>\n<p style=\"font-weight: 400;\">Con el fin de aclarar en lo posible estas diferencias nos atrevemos a se\u00f1alar los puntos decisivos sobre los que est\u00e1 construida esta metaf\u00edsica.<\/p>\n<p style=\"font-weight: 400;\">En primer lugar tenemos que se\u00f1alar como fundamental el principio sobre el que todo gira, el principio de la No-Creaci\u00f3n. En un lenguaje religioso, Dios nunca cre\u00f3 el mundo y usted pasea todav\u00eda por el Jard\u00edn del Ed\u00e9n, malinterpretando aparentemente todo lo que ve. Comi\u00f3 de la fruta del \u00e1rbol de la dualidad que le ha convertido en alguien que ve doble, el bien y el mal, aunque en realidad, nada de esto ha sucedido nunca&#8230;Cuando se intenta trasmitir algo acerca de la Realidad, de por s\u00ed inexpresable, el lenguaje se torna necesariamente contradictorio y parad\u00f3jico, ello no obstante, puede llevar el perfume de la Verdad si la sensibilidad est\u00e1 lo suficientemente despierta.<\/p>\n<p style=\"font-weight: 400;\">Las connotaciones de ese principio fundamental son enormes, puesto que es la base sobre la que est\u00e1 construido el conocimiento Advaita. Es por s\u00ed mismo absolutamente trasformador y puede llevar al buscador a la meta por si solo, con la condici\u00f3n obviamente que sea puesto en funci\u00f3n, en la acci\u00f3n, con la necesaria seriedad.<\/p>\n<p style=\"font-weight: 400;\">Cualquier buscador o estudiante de est\u00e1 v\u00eda sabe, y si no aqu\u00ed se lo informamos nosotros, que se precisan fundamentalmente tres tipos de acci\u00f3n, o condiciones, para alcanzar ese conocimiento final, plenitud o iluminaci\u00f3n:<\/p>\n<p style=\"font-weight: 400;\">En primer lugar tiene que o\u00edr hablar de esa posibilidad, es decir, tiene que conocer que existe la posibilidad de una vivencia del mundo y de s\u00ed mismo real y absolutamente distinta de la que ahora tiene.<\/p>\n<p style=\"font-weight: 400;\">En segundo lugar, en alg\u00fan momento tiene que encontrarse con seres humanos que hayan alcanzado esa vivencia, esa madurez y que vivan en ella: la compa\u00f1\u00eda de los sabios. En India se han denominado tradicionalmente\u00a0<i>satsang\u00a0<\/i>a esos encuentros. Es aqu\u00ed donde existe la mayor dificultad para todos nosotros que sujetos a m\u00faltiples obligaciones no encontramos muchas veces la forma y el tiempo necesario para acudir a esas reuniones. Y es por esto que los libros juegan un papel fundamental. La lectura de las obras que proceden de esa lucidez, se muestra como una muy efectiva ayuda a los estudiantes. Tal vez sea que por eso que en el\u00a0<i>\u00abMutus Liber\u00bb<\/i>\u00a0, libro cl\u00e1sico y an\u00f3nimo de alquimia, se recomiende: \u00abOra, lege, lege, lege, relege, labora et invenies\u00bb, (Ora, lee, lee, lee, relee, trabaja y encontrar\u00e1s).<\/p>\n<p style=\"font-weight: 400;\">Es aqu\u00ed donde echamos de menos textos, accesibles en otros idiomas, y que no est\u00e1n disponibles en el nuestro. Y es aqu\u00ed donde se centra la actividad de esta Editorial.<\/p>\n<p style=\"font-weight: 400;\">Por fin y en tercer lugar, se precisa la sincera reflexi\u00f3n personal sobre lo escuchado o le\u00eddo.<\/p>\n<p style=\"font-weight: 400;\">No es necesario seguir una determinada t\u00e9cnica, f\u00edsica o mental, m\u00e1s all\u00e1 de lo que se ha dicho para llegar al fin propuesto, aunque tenemos que se\u00f1alar, como dice Nisargadatta, que: \u201cSi no tiene momentos de tranquilidad, todo el asunto se le escapar\u00e1\u201d. A medida que se vaya ampliando e instalando la comprensi\u00f3n en un mismo, de modo absolutamente natural, se ir\u00e1n haciendo las trasformaciones en nuestra vida que nos conducir\u00e1n a una existencia plena, rica y completa y a dejar de ser la entidad torturada y conducida que el ego es.<\/p>\n<p><!-- wp:paragraph --><\/p>\n<p><!-- \/wp:paragraph --><\/p>\t\t\t\t\t<\/div>\n\t\t\t\t\t\t<\/div>\n\t\t\t\t<\/div>\n\t\t\t\t\t\t<\/div>\n\t\t\t\t\t<\/div>\n\t\t<\/div>\n\t\t\t\t\t\t\t\t<\/div>\n\t\t\t\t\t<\/div>\n\t\t<\/section>\n\t\t\t\t<section class=\"elementor-section elementor-top-section elementor-element elementor-element-4002f5e elementor-section-boxed elementor-section-height-default elementor-section-height-default\" data-id=\"4002f5e\" data-element_type=\"section\">\n\t\t\t\t\t\t<div class=\"elementor-container elementor-column-gap-default\">\n\t\t\t\t\t\t\t<div class=\"elementor-row\">\n\t\t\t\t\t<div class=\"elementor-column elementor-col-100 elementor-top-column elementor-element elementor-element-a8fd06e\" data-id=\"a8fd06e\" data-element_type=\"column\">\n\t\t\t<div class=\"elementor-column-wrap elementor-element-populated\">\n\t\t\t\t\t\t\t<div class=\"elementor-widget-wrap\">\n\t\t\t\t\t\t<div class=\"elementor-element elementor-element-35ace6d elementor-widget elementor-widget-text-editor\" data-id=\"35ace6d\" data-element_type=\"widget\" data-widget_type=\"text-editor.default\">\n\t\t\t\t<div class=\"elementor-widget-container\">\n\t\t\t\t\t\t\t\t<div class=\"elementor-text-editor elementor-clearfix\">\n\t\t\t\t<p style=\"font-weight: 400;\"><strong><span style=\"color: #333333;\">LO MEJOR DE LA PSICOLOG\u00cdA<\/span><\/strong><\/p>\n<p style=\"font-weight: 400;\"><span style=\"color: #333333;\">\u00a0 \u00a0 \u00a0 Las dificultades de comprensi\u00f3n que pueden llegar a tener las ense\u00f1anzas de la no-dualidad, para el com\u00fan de las personas, hoy en d\u00eda, son enormes. Parece necesario entonces arbitrar alg\u00fan tipo de soluci\u00f3n a fin de que el acercamiento a la Verdad no sea demasiado dif\u00edcil ni traum\u00e1tico. A estos efectos tienen que ser tomadas en cuenta las llamadas t\u00e9cnicas de autoayuda as\u00ed como las t\u00e9cnicas psicol\u00f3gicas que pueden servir de aproximaci\u00f3n a un modo de ver el mundo y las cosas m\u00e1s cercano a la realidad. La llamada PNL o programaci\u00f3n neuroling\u00fc\u00edstica ha sido desarrollada a partir de las mejores y m\u00e1s efectivas t\u00e9cnicas de tratamiento dentro del \u00e1mbito de la psicolog\u00eda, llegando a ser hoy en d\u00eda una t\u00e9cnica muy utilizada y \u00fatil para tratar diversos problemas psicol\u00f3gicos. Tambi\u00e9n son remarcables las obras de algunos autores de autoayuda que pueden servir para paliar la sensaci\u00f3n de agobio que el ser humano tiene en la actual civilizaci\u00f3n, ayudarle a relajarse y a comenzar a poner en duda la percepci\u00f3n que tiene de los dem\u00e1s, del mundo y de las cosas, poni\u00e9ndole en disposici\u00f3n de emprender la verdadera b\u00fasqueda de la felicidad..\u00a0\u00a0<\/span><\/p>\t\t\t\t\t<\/div>\n\t\t\t\t\t\t<\/div>\n\t\t\t\t<\/div>\n\t\t\t\t\t\t<\/div>\n\t\t\t\t\t<\/div>\n\t\t<\/div>\n\t\t\t\t\t\t\t\t<\/div>\n\t\t\t\t\t<\/div>\n\t\t<\/section>\n\t\t\t\t<section class=\"elementor-section elementor-top-section elementor-element elementor-element-1b8dd62 elementor-section-boxed elementor-section-height-default elementor-section-height-default\" data-id=\"1b8dd62\" data-element_type=\"section\">\n\t\t\t\t\t\t<div class=\"elementor-container elementor-column-gap-default\">\n\t\t\t\t\t\t\t<div class=\"elementor-row\">\n\t\t\t\t\t<div class=\"elementor-column elementor-col-100 elementor-top-column elementor-element elementor-element-424c0be\" data-id=\"424c0be\" data-element_type=\"column\">\n\t\t\t<div class=\"elementor-column-wrap elementor-element-populated\">\n\t\t\t\t\t\t\t<div class=\"elementor-widget-wrap\">\n\t\t\t\t\t\t<div class=\"elementor-element elementor-element-289e2c6 elementor-widget elementor-widget-text-editor\" data-id=\"289e2c6\" data-element_type=\"widget\" data-widget_type=\"text-editor.default\">\n\t\t\t\t<div class=\"elementor-widget-container\">\n\t\t\t\t\t\t\t\t<div class=\"elementor-text-editor elementor-clearfix\">\n\t\t\t\t<p><strong><span style=\"color: #000000;\">MISCEL\u00c1NEA<\/span><\/strong><\/p>\n<p style=\"font-weight: 400;\"><span style=\"color: #333333;\">\u00a0 \u00a0 \u00a0 Aqu\u00ed se encontrar\u00e1n publicaciones de diversa \u00edndole, pero que de alguna manera estar\u00e1n relacionadas, o no, con las cuestiones fundamentales que trata \u00e9sta p\u00e1gina.<\/span><\/p>\n<p style=\"font-weight: 400;\"><span style=\"color: #333333;\">\u00a0\u00a0\u00a0\u00a0\u00a0\u00a0 Tambi\u00e9n se encontrar\u00e1n objetos dedicados a la ense\u00f1anza o a facilitar la apertura a la Realidad, cualesquiera que sean, siempre que en alg\u00fan sentido entendamos que pueden ser \u00fatiles, o tengan relaci\u00f3n con las diferentes tradiciones espirituales de la humanidad, as\u00ed como otros que puedan facilitar la vida de los seres humanos en la aparente dualidad.\u00a0\u00a0<\/span><\/p>\t\t\t\t\t<\/div>\n\t\t\t\t\t\t<\/div>\n\t\t\t\t<\/div>\n\t\t\t\t\t\t<\/div>\n\t\t\t\t\t<\/div>\n\t\t<\/div>\n\t\t\t\t\t\t\t\t<\/div>\n\t\t\t\t\t<\/div>\n\t\t<\/section>\n\t\t\t\t\t\t<\/div>\n\t\t\t\t\t\t<\/div>\n\t\t\t\t\t<\/div>\n\t\t","protected":false},"excerpt":{"rendered":"<p>Presentaci\u00f3n EDICIONES VIA DIRECTA. Esta editorial nace con la clara intenci\u00f3n de hacer llegar una serie de t\u00edtulos, que de otra manera dif\u00edcilmente estar\u00edan disponibles, al lector\/buscador interesado en lo que se ha venido en llamar la v\u00eda directa al conocimiento; que es tanto como decir la v\u00eda directa a la completa felicidad o plenitud &#8230; <a title=\"EDICIONES V\u00cdA\" class=\"read-more\" href=\"https:\/\/edicionesvia.com\/index.php\/about\/\">Read more<\/a><\/p>\n","protected":false},"author":1,"featured_media":0,"parent":0,"menu_order":0,"comment_status":"closed","ping_status":"closed","template":"","meta":{"_mi_skip_tracking":false,"_monsterinsights_sitenote_active":false,"_monsterinsights_sitenote_note":"","_monsterinsights_sitenote_category":0},"_links":{"self":[{"href":"https:\/\/edicionesvia.com\/index.php\/wp-json\/wp\/v2\/pages\/8"}],"collection":[{"href":"https:\/\/edicionesvia.com\/index.php\/wp-json\/wp\/v2\/pages"}],"about":[{"href":"https:\/\/edicionesvia.com\/index.php\/wp-json\/wp\/v2\/types\/page"}],"author":[{"embeddable":true,"href":"https:\/\/edicionesvia.com\/index.php\/wp-json\/wp\/v2\/users\/1"}],"replies":[{"embeddable":true,"href":"https:\/\/edicionesvia.com\/index.php\/wp-json\/wp\/v2\/comments?post=8"}],"version-history":[{"count":6,"href":"https:\/\/edicionesvia.com\/index.php\/wp-json\/wp\/v2\/pages\/8\/revisions"}],"predecessor-version":[{"id":602,"href":"https:\/\/edicionesvia.com\/index.php\/wp-json\/wp\/v2\/pages\/8\/revisions\/602"}],"wp:attachment":[{"href":"https:\/\/edicionesvia.com\/index.php\/wp-json\/wp\/v2\/media?parent=8"}],"curies":[{"name":"wp","href":"https:\/\/api.w.org\/{rel}","templated":true}]}}